{"id":1034,"date":"2024-04-24T13:14:32","date_gmt":"2024-04-24T13:14:32","guid":{"rendered":"https:\/\/baraza.ch\/?page_id=1034"},"modified":"2024-04-24T14:39:07","modified_gmt":"2024-04-24T14:39:07","slug":"sicherheitszaun-und-security","status":"publish","type":"page","link":"https:\/\/baraza.ch\/index.php\/sicherheitszaun-und-security\/","title":{"rendered":"Sicherheitszaun und Security"},"content":{"rendered":"\t\t<div data-elementor-type=\"wp-page\" data-elementor-id=\"1034\" class=\"elementor elementor-1034\">\n\t\t\t\t\t\t<section class=\"elementor-section elementor-top-section elementor-element elementor-element-b607da5 elementor-section-boxed elementor-section-height-default elementor-section-height-default\" data-id=\"b607da5\" data-element_type=\"section\">\n\t\t\t\t\t\t<div class=\"elementor-container elementor-column-gap-default\">\n\t\t\t\t\t<div class=\"elementor-column elementor-col-16 elementor-top-column elementor-element elementor-element-235da4d\" data-id=\"235da4d\" data-element_type=\"column\">\n\t\t\t<div class=\"elementor-widget-wrap\">\n\t\t\t\t\t\t\t<\/div>\n\t\t<\/div>\n\t\t\t\t<div class=\"elementor-column elementor-col-66 elementor-top-column elementor-element elementor-element-014f3db\" data-id=\"014f3db\" data-element_type=\"column\">\n\t\t\t<div class=\"elementor-widget-wrap elementor-element-populated\">\n\t\t\t\t\t\t<div class=\"elementor-element elementor-element-42d471a elementor-widget elementor-widget-heading\" data-id=\"42d471a\" data-element_type=\"widget\" data-widget_type=\"heading.default\">\n\t\t\t\t<div class=\"elementor-widget-container\">\n\t\t\t\t\t<h2 class=\"elementor-heading-title elementor-size-default\"><font color=\"#5c3015\">Sicherheitszaun &amp; Security<\/font><\/h2>\t\t\t\t<\/div>\n\t\t\t\t<\/div>\n\t\t\t\t\t<\/div>\n\t\t<\/div>\n\t\t\t\t<div class=\"elementor-column elementor-col-16 elementor-top-column elementor-element elementor-element-e59277e\" data-id=\"e59277e\" data-element_type=\"column\">\n\t\t\t<div class=\"elementor-widget-wrap\">\n\t\t\t\t\t\t\t<\/div>\n\t\t<\/div>\n\t\t\t\t\t<\/div>\n\t\t<\/section>\n\t\t\t\t<section class=\"elementor-section elementor-top-section elementor-element elementor-element-6d9d76a elementor-section-boxed elementor-section-height-default elementor-section-height-default\" data-id=\"6d9d76a\" data-element_type=\"section\">\n\t\t\t\t\t\t<div class=\"elementor-container elementor-column-gap-default\">\n\t\t\t\t\t<div class=\"elementor-column elementor-col-16 elementor-top-column elementor-element elementor-element-d0020a7\" data-id=\"d0020a7\" data-element_type=\"column\">\n\t\t\t<div class=\"elementor-widget-wrap\">\n\t\t\t\t\t\t\t<\/div>\n\t\t<\/div>\n\t\t\t\t<div class=\"elementor-column elementor-col-66 elementor-top-column elementor-element elementor-element-3131b02\" data-id=\"3131b02\" data-element_type=\"column\">\n\t\t\t<div class=\"elementor-widget-wrap elementor-element-populated\">\n\t\t\t\t\t\t<div class=\"elementor-element elementor-element-e7b515e elementor-widget elementor-widget-text-editor\" data-id=\"e7b515e\" data-element_type=\"widget\" data-widget_type=\"text-editor.default\">\n\t\t\t\t<div class=\"elementor-widget-container\">\n\t\t\t\t\t\t\t\t\t<p style=\"font-family: Tahoma, Arial;\">Ende M\u00e4rz 2024 wurde eine Mauer auf einer L\u00e4nge von rund 50m mal 100m fertiggestellt.  Ebenfalls wurde gegen\u00fcber ein Sicherheitszaun aus Wellblech auf rund 50m mal 100m errichtet. Somit sind die Geb\u00e4ude des zweiten Standortes nun mit Mauer und Zaun gesichert.<\/p>\n<p style=\"font-family: Tahoma, Arial;\">Das Terrain wird Tag und Nacht von W\u00e4chtern von insgesamt zwei W\u00e4chtern bewacht.\nDie beiden stammen aus der n\u00e4heren Umgebung. Sie arbeiten bereits mehrere Jahre auf der Baustelle. Bisher sicherten sie diese und halfen mit bei den landwirtschaftlichen T\u00e4tigkeiten auf dem Terrain. Nach der Er\u00f6ffnung des M\u00e4dchenhauses wird ihre Aufgabe vollst\u00e4ndig im Sicherheitsbereich liegen.<\/p>\n<p style=\"font-family: Tahoma, Arial;\">Als die beiden W\u00e4chter angestellt wurden, war einer der Anstellungskriterien, dass sie Nachbarn der Einrichtung sind. Warum war der Leitung des HOG dies so wichtig? Die Begr\u00fcndung ist einfach: Falls es einmal zu einem Sicherheitsproblem kommen sollte, beispielsweise zu einem bewaffneten Angriff, haben diese beiden W\u00e4chter das Vertrauen der ganzen Umgebung. Sie h\u00e4tten die M\u00f6glichkeit, rasch Personen zu Hilfe zu holen. Ab der Er\u00f6ffnung des M\u00e4dchenhauses werden nachts\u00fcber zwei W\u00e4chter und tags\u00fcber ein W\u00e4chter f\u00fcr die Sicherheit der Einrichtung sorgen.<\/p>\t\t\t\t\t\t\t\t<\/div>\n\t\t\t\t<\/div>\n\t\t\t\t\t<\/div>\n\t\t<\/div>\n\t\t\t\t<div class=\"elementor-column elementor-col-16 elementor-top-column elementor-element elementor-element-fa02692\" data-id=\"fa02692\" data-element_type=\"column\">\n\t\t\t<div class=\"elementor-widget-wrap\">\n\t\t\t\t\t\t\t<\/div>\n\t\t<\/div>\n\t\t\t\t\t<\/div>\n\t\t<\/section>\n\t\t\t\t<section class=\"elementor-section elementor-top-section elementor-element elementor-element-9854343 elementor-section-boxed elementor-section-height-default elementor-section-height-default\" data-id=\"9854343\" data-element_type=\"section\">\n\t\t\t\t\t\t<div class=\"elementor-container elementor-column-gap-default\">\n\t\t\t\t\t<div class=\"elementor-column elementor-col-16 elementor-top-column elementor-element elementor-element-c07de61\" data-id=\"c07de61\" data-element_type=\"column\">\n\t\t\t<div class=\"elementor-widget-wrap\">\n\t\t\t\t\t\t\t<\/div>\n\t\t<\/div>\n\t\t\t\t<div class=\"elementor-column elementor-col-66 elementor-top-column elementor-element elementor-element-93c2a5d\" data-id=\"93c2a5d\" data-element_type=\"column\">\n\t\t\t<div class=\"elementor-widget-wrap elementor-element-populated\">\n\t\t\t\t\t\t<div class=\"elementor-element elementor-element-60c6002 elementor-arrows-position-inside elementor-pagination-position-outside elementor-widget elementor-widget-image-carousel\" data-id=\"60c6002\" data-element_type=\"widget\" data-settings=\"{&quot;navigation&quot;:&quot;both&quot;,&quot;autoplay&quot;:&quot;yes&quot;,&quot;pause_on_hover&quot;:&quot;yes&quot;,&quot;pause_on_interaction&quot;:&quot;yes&quot;,&quot;autoplay_speed&quot;:5000,&quot;infinite&quot;:&quot;yes&quot;,&quot;speed&quot;:500}\" data-widget_type=\"image-carousel.default\">\n\t\t\t\t<div class=\"elementor-widget-container\">\n\t\t\t\t\t\t\t<div class=\"elementor-image-carousel-wrapper swiper\" role=\"region\" aria-roledescription=\"carousel\" aria-label=\"Bild Karussell\" dir=\"ltr\">\n\t\t\t<div class=\"elementor-image-carousel swiper-wrapper swiper-image-stretch\" aria-live=\"off\">\n\t\t\t\t\t\t\t\t<div class=\"swiper-slide\" role=\"group\" aria-roledescription=\"slide\" aria-label=\"1 von 8\"><figure class=\"swiper-slide-inner\"><img decoding=\"async\" class=\"swiper-slide-image\" src=\"https:\/\/baraza.ch\/wp-content\/uploads\/2024\/04\/1d8c58f0-984e-4435-9cae-efe3fa904f2b.jpg\" alt=\"1d8c58f0-984e-4435-9cae-efe3fa904f2b\" \/><\/figure><\/div><div class=\"swiper-slide\" role=\"group\" aria-roledescription=\"slide\" aria-label=\"2 von 8\"><figure class=\"swiper-slide-inner\"><img decoding=\"async\" class=\"swiper-slide-image\" src=\"https:\/\/baraza.ch\/wp-content\/uploads\/2024\/04\/5340f726-4767-4304-b24b-b6cd126063ad.jpg\" alt=\"Backsteinbau\" \/><\/figure><\/div><div class=\"swiper-slide\" role=\"group\" aria-roledescription=\"slide\" aria-label=\"3 von 8\"><figure class=\"swiper-slide-inner\"><img decoding=\"async\" class=\"swiper-slide-image\" src=\"https:\/\/baraza.ch\/wp-content\/uploads\/2024\/04\/ec6777ca-f781-4406-a898-54c5e857a917.jpg\" alt=\"ec6777ca-f781-4406-a898-54c5e857a917\" \/><\/figure><\/div><div class=\"swiper-slide\" role=\"group\" aria-roledescription=\"slide\" aria-label=\"4 von 8\"><figure class=\"swiper-slide-inner\"><img decoding=\"async\" class=\"swiper-slide-image\" src=\"https:\/\/baraza.ch\/wp-content\/uploads\/2024\/04\/IMG_0685-2010x1340.jpg\" alt=\"IMG_0685\" \/><\/figure><\/div><div class=\"swiper-slide\" role=\"group\" aria-roledescription=\"slide\" aria-label=\"5 von 8\"><figure class=\"swiper-slide-inner\"><img decoding=\"async\" class=\"swiper-slide-image\" src=\"https:\/\/baraza.ch\/wp-content\/uploads\/2024\/04\/IMG_0690-2010x1340.jpg\" alt=\"IMG_0690\" \/><\/figure><\/div><div class=\"swiper-slide\" role=\"group\" aria-roledescription=\"slide\" aria-label=\"6 von 8\"><figure class=\"swiper-slide-inner\"><img decoding=\"async\" class=\"swiper-slide-image\" src=\"https:\/\/baraza.ch\/wp-content\/uploads\/2024\/04\/IMG_0694-2010x1340.jpg\" alt=\"IMG_0694\" \/><\/figure><\/div><div class=\"swiper-slide\" role=\"group\" aria-roledescription=\"slide\" aria-label=\"7 von 8\"><figure class=\"swiper-slide-inner\"><img decoding=\"async\" class=\"swiper-slide-image\" src=\"https:\/\/baraza.ch\/wp-content\/uploads\/2024\/04\/IMG_0691-2010x1340.jpg\" alt=\"Besichtigung von Herrn Djadri\" \/><\/figure><\/div><div class=\"swiper-slide\" role=\"group\" aria-roledescription=\"slide\" aria-label=\"8 von 8\"><figure class=\"swiper-slide-inner\"><img decoding=\"async\" class=\"swiper-slide-image\" src=\"https:\/\/baraza.ch\/wp-content\/uploads\/2024\/04\/260cbda4-36d2-44b9-b642-90293c102a8f.jpg\" alt=\"Das Tor\" \/><\/figure><\/div>\t\t\t<\/div>\n\t\t\t\t\t\t\t\t\t\t\t\t<div class=\"elementor-swiper-button elementor-swiper-button-prev\" role=\"button\" tabindex=\"0\">\n\t\t\t\t\t\t<i aria-hidden=\"true\" class=\"eicon-chevron-left\"><\/i>\t\t\t\t\t<\/div>\n\t\t\t\t\t<div class=\"elementor-swiper-button elementor-swiper-button-next\" role=\"button\" tabindex=\"0\">\n\t\t\t\t\t\t<i aria-hidden=\"true\" class=\"eicon-chevron-right\"><\/i>\t\t\t\t\t<\/div>\n\t\t\t\t\n\t\t\t\t\t\t\t\t\t<div class=\"swiper-pagination\"><\/div>\n\t\t\t\t\t\t\t\t\t<\/div>\n\t\t\t\t\t\t<\/div>\n\t\t\t\t<\/div>\n\t\t\t\t\t<\/div>\n\t\t<\/div>\n\t\t\t\t<div class=\"elementor-column elementor-col-16 elementor-top-column elementor-element elementor-element-d2710d0\" data-id=\"d2710d0\" data-element_type=\"column\">\n\t\t\t<div class=\"elementor-widget-wrap\">\n\t\t\t\t\t\t\t<\/div>\n\t\t<\/div>\n\t\t\t\t\t<\/div>\n\t\t<\/section>\n\t\t\t\t<\/div>\n\t\t","protected":false},"excerpt":{"rendered":"<p>Sicherheitszaun &#038; Security Ende M\u00e4rz 2024 wurde eine Mauer auf einer L\u00e4nge von rund 50m mal 100m fertiggestellt. Ebenfalls wurde gegen\u00fcber ein Sicherheitszaun aus Wellblech auf rund 50m mal 100m errichtet. Somit sind die Geb\u00e4ude des zweiten Standortes nun mit Mauer und Zaun gesichert. Das Terrain wird Tag und Nacht von W\u00e4chtern von insgesamt zwei&hellip;<\/p>\n","protected":false},"author":1,"featured_media":1049,"parent":0,"menu_order":0,"comment_status":"closed","ping_status":"closed","template":"page-templates\/fullscreen-page.php","meta":{"footnotes":""},"class_list":["post-1034","page","type-page","status-publish","has-post-thumbnail","hentry","comments-closed","no-comments"],"_links":{"self":[{"href":"https:\/\/baraza.ch\/index.php\/wp-json\/wp\/v2\/pages\/1034","targetHints":{"allow":["GET"]}}],"collection":[{"href":"https:\/\/baraza.ch\/index.php\/wp-json\/wp\/v2\/pages"}],"about":[{"href":"https:\/\/baraza.ch\/index.php\/wp-json\/wp\/v2\/types\/page"}],"author":[{"embeddable":true,"href":"https:\/\/baraza.ch\/index.php\/wp-json\/wp\/v2\/users\/1"}],"replies":[{"embeddable":true,"href":"https:\/\/baraza.ch\/index.php\/wp-json\/wp\/v2\/comments?post=1034"}],"version-history":[{"count":8,"href":"https:\/\/baraza.ch\/index.php\/wp-json\/wp\/v2\/pages\/1034\/revisions"}],"predecessor-version":[{"id":1062,"href":"https:\/\/baraza.ch\/index.php\/wp-json\/wp\/v2\/pages\/1034\/revisions\/1062"}],"wp:featuredmedia":[{"embeddable":true,"href":"https:\/\/baraza.ch\/index.php\/wp-json\/wp\/v2\/media\/1049"}],"wp:attachment":[{"href":"https:\/\/baraza.ch\/index.php\/wp-json\/wp\/v2\/media?parent=1034"}],"curies":[{"name":"wp","href":"https:\/\/api.w.org\/{rel}","templated":true}]}}