{"id":1077,"date":"2024-04-26T14:05:47","date_gmt":"2024-04-26T14:05:47","guid":{"rendered":"https:\/\/baraza.ch\/?page_id=1077"},"modified":"2024-04-26T14:12:27","modified_gmt":"2024-04-26T14:12:27","slug":"solaranlage","status":"publish","type":"page","link":"https:\/\/baraza.ch\/index.php\/solaranlage\/","title":{"rendered":"Solaranlage"},"content":{"rendered":"\t\t<div data-elementor-type=\"wp-page\" data-elementor-id=\"1077\" class=\"elementor elementor-1077\">\n\t\t\t\t\t\t<section class=\"elementor-section elementor-top-section elementor-element elementor-element-d7a25a3 elementor-section-boxed elementor-section-height-default elementor-section-height-default\" data-id=\"d7a25a3\" data-element_type=\"section\">\n\t\t\t\t\t\t<div class=\"elementor-container elementor-column-gap-default\">\n\t\t\t\t\t<div class=\"elementor-column elementor-col-16 elementor-top-column elementor-element elementor-element-2856746\" data-id=\"2856746\" data-element_type=\"column\">\n\t\t\t<div class=\"elementor-widget-wrap\">\n\t\t\t\t\t\t\t<\/div>\n\t\t<\/div>\n\t\t\t\t<div class=\"elementor-column elementor-col-66 elementor-top-column elementor-element elementor-element-bf8c557\" data-id=\"bf8c557\" data-element_type=\"column\">\n\t\t\t<div class=\"elementor-widget-wrap elementor-element-populated\">\n\t\t\t\t\t\t<div class=\"elementor-element elementor-element-112abe3 elementor-widget elementor-widget-heading\" data-id=\"112abe3\" data-element_type=\"widget\" data-widget_type=\"heading.default\">\n\t\t\t\t<div class=\"elementor-widget-container\">\n\t\t\t\t\t<h2 class=\"elementor-heading-title elementor-size-default\"><font color=\"#5c3015\">Solaranlage<\/font><\/h2>\t\t\t\t<\/div>\n\t\t\t\t<\/div>\n\t\t\t\t\t<\/div>\n\t\t<\/div>\n\t\t\t\t<div class=\"elementor-column elementor-col-16 elementor-top-column elementor-element elementor-element-d4d170c\" data-id=\"d4d170c\" data-element_type=\"column\">\n\t\t\t<div class=\"elementor-widget-wrap\">\n\t\t\t\t\t\t\t<\/div>\n\t\t<\/div>\n\t\t\t\t\t<\/div>\n\t\t<\/section>\n\t\t\t\t<section class=\"elementor-section elementor-top-section elementor-element elementor-element-7e51fe9 elementor-section-boxed elementor-section-height-default elementor-section-height-default\" data-id=\"7e51fe9\" data-element_type=\"section\">\n\t\t\t\t\t\t<div class=\"elementor-container elementor-column-gap-default\">\n\t\t\t\t\t<div class=\"elementor-column elementor-col-16 elementor-top-column elementor-element elementor-element-52a2af6\" data-id=\"52a2af6\" data-element_type=\"column\">\n\t\t\t<div class=\"elementor-widget-wrap\">\n\t\t\t\t\t\t\t<\/div>\n\t\t<\/div>\n\t\t\t\t<div class=\"elementor-column elementor-col-66 elementor-top-column elementor-element elementor-element-7a3eb94\" data-id=\"7a3eb94\" data-element_type=\"column\">\n\t\t\t<div class=\"elementor-widget-wrap elementor-element-populated\">\n\t\t\t\t\t\t<div class=\"elementor-element elementor-element-cfad647 elementor-widget elementor-widget-text-editor\" data-id=\"cfad647\" data-element_type=\"widget\" data-widget_type=\"text-editor.default\">\n\t\t\t\t<div class=\"elementor-widget-container\">\n\t\t\t\t\t\t\t\t\t<p style=\"font-family: Tahoma, Arial;\">\nIm April 2024 wurde auf dem Schlafgeb\u00e4ude beim Kasongoterrain eine Solaranlage installiert. Sie wird eine stabile Energieversorgung erm\u00f6glichen. Die Anlage wurde von den Vereinten Nationen gestiftet.<br>\nDie gesamte Stromversorgung der Einrichtung l\u00e4uft \u00fcber die Anlage, beispielsweise die Pumpe des hauseigenen Brunnens, das Licht und die IT.\n<\/p>\t\t\t\t\t\t\t\t<\/div>\n\t\t\t\t<\/div>\n\t\t\t\t\t<\/div>\n\t\t<\/div>\n\t\t\t\t<div class=\"elementor-column elementor-col-16 elementor-top-column elementor-element elementor-element-ecb7214\" data-id=\"ecb7214\" data-element_type=\"column\">\n\t\t\t<div class=\"elementor-widget-wrap\">\n\t\t\t\t\t\t\t<\/div>\n\t\t<\/div>\n\t\t\t\t\t<\/div>\n\t\t<\/section>\n\t\t\t\t<section class=\"elementor-section elementor-top-section elementor-element elementor-element-fd7e58c elementor-section-boxed elementor-section-height-default elementor-section-height-default\" data-id=\"fd7e58c\" data-element_type=\"section\">\n\t\t\t\t\t\t<div class=\"elementor-container elementor-column-gap-default\">\n\t\t\t\t\t<div class=\"elementor-column elementor-col-16 elementor-top-column elementor-element elementor-element-f3a2c5b\" data-id=\"f3a2c5b\" data-element_type=\"column\">\n\t\t\t<div class=\"elementor-widget-wrap\">\n\t\t\t\t\t\t\t<\/div>\n\t\t<\/div>\n\t\t\t\t<div class=\"elementor-column elementor-col-66 elementor-top-column elementor-element elementor-element-4c21795\" data-id=\"4c21795\" data-element_type=\"column\">\n\t\t\t<div class=\"elementor-widget-wrap elementor-element-populated\">\n\t\t\t\t\t\t<div class=\"elementor-element elementor-element-67696e3 elementor-widget elementor-widget-image\" data-id=\"67696e3\" data-element_type=\"widget\" data-widget_type=\"image.default\">\n\t\t\t\t<div class=\"elementor-widget-container\">\n\t\t\t\t\t\t\t\t\t\t\t\t\t\t\t<img fetchpriority=\"high\" decoding=\"async\" width=\"784\" height=\"588\" src=\"https:\/\/baraza.ch\/wp-content\/uploads\/2024\/04\/d56bba91-8aac-40b0-98c2-0ac5b834d6d3.jpeg\" class=\"attachment-large size-large wp-image-1075\" alt=\"\" srcset=\"https:\/\/baraza.ch\/wp-content\/uploads\/2024\/04\/d56bba91-8aac-40b0-98c2-0ac5b834d6d3.jpeg 943w, https:\/\/baraza.ch\/wp-content\/uploads\/2024\/04\/d56bba91-8aac-40b0-98c2-0ac5b834d6d3-300x225.jpeg 300w, https:\/\/baraza.ch\/wp-content\/uploads\/2024\/04\/d56bba91-8aac-40b0-98c2-0ac5b834d6d3-768x576.jpeg 768w\" sizes=\"(max-width: 784px) 100vw, 784px\" \/>\t\t\t\t\t\t\t\t\t\t\t\t\t\t\t<\/div>\n\t\t\t\t<\/div>\n\t\t\t\t\t<\/div>\n\t\t<\/div>\n\t\t\t\t<div class=\"elementor-column elementor-col-16 elementor-top-column elementor-element elementor-element-75186ab\" data-id=\"75186ab\" data-element_type=\"column\">\n\t\t\t<div class=\"elementor-widget-wrap\">\n\t\t\t\t\t\t\t<\/div>\n\t\t<\/div>\n\t\t\t\t\t<\/div>\n\t\t<\/section>\n\t\t\t\t<\/div>\n\t\t","protected":false},"excerpt":{"rendered":"<p>Solaranlage Im April 2024 wurde auf dem Schlafgeb\u00e4ude beim Kasongoterrain eine Solaranlage installiert. Sie wird eine stabile Energieversorgung erm\u00f6glichen. Die Anlage wurde von den Vereinten Nationen gestiftet. Die gesamte Stromversorgung der Einrichtung l\u00e4uft \u00fcber die Anlage, beispielsweise die Pumpe des hauseigenen Brunnens, das Licht und die IT.<\/p>\n","protected":false},"author":1,"featured_media":1075,"parent":0,"menu_order":0,"comment_status":"closed","ping_status":"closed","template":"page-templates\/fullscreen-page.php","meta":{"footnotes":""},"class_list":["post-1077","page","type-page","status-publish","has-post-thumbnail","hentry","comments-closed","no-comments"],"_links":{"self":[{"href":"https:\/\/baraza.ch\/index.php\/wp-json\/wp\/v2\/pages\/1077","targetHints":{"allow":["GET"]}}],"collection":[{"href":"https:\/\/baraza.ch\/index.php\/wp-json\/wp\/v2\/pages"}],"about":[{"href":"https:\/\/baraza.ch\/index.php\/wp-json\/wp\/v2\/types\/page"}],"author":[{"embeddable":true,"href":"https:\/\/baraza.ch\/index.php\/wp-json\/wp\/v2\/users\/1"}],"replies":[{"embeddable":true,"href":"https:\/\/baraza.ch\/index.php\/wp-json\/wp\/v2\/comments?post=1077"}],"version-history":[{"count":10,"href":"https:\/\/baraza.ch\/index.php\/wp-json\/wp\/v2\/pages\/1077\/revisions"}],"predecessor-version":[{"id":1093,"href":"https:\/\/baraza.ch\/index.php\/wp-json\/wp\/v2\/pages\/1077\/revisions\/1093"}],"wp:featuredmedia":[{"embeddable":true,"href":"https:\/\/baraza.ch\/index.php\/wp-json\/wp\/v2\/media\/1075"}],"wp:attachment":[{"href":"https:\/\/baraza.ch\/index.php\/wp-json\/wp\/v2\/media?parent=1077"}],"curies":[{"name":"wp","href":"https:\/\/api.w.org\/{rel}","templated":true}]}}