{"id":1164,"date":"2024-07-13T08:44:24","date_gmt":"2024-07-13T08:44:24","guid":{"rendered":"https:\/\/baraza.ch\/?page_id=1164"},"modified":"2025-08-06T13:03:05","modified_gmt":"2025-08-06T13:03:05","slug":"maedchenprojekt","status":"publish","type":"page","link":"https:\/\/baraza.ch\/index.php\/maedchenprojekt\/","title":{"rendered":"M\u00e4dchenprojekt"},"content":{"rendered":"\t\t<div data-elementor-type=\"wp-page\" data-elementor-id=\"1164\" class=\"elementor elementor-1164\">\n\t\t\t\t\t\t<section class=\"elementor-section elementor-top-section elementor-element elementor-element-9aa1b6e elementor-section-boxed elementor-section-height-default elementor-section-height-default\" data-id=\"9aa1b6e\" data-element_type=\"section\">\n\t\t\t\t\t\t<div class=\"elementor-container elementor-column-gap-default\">\n\t\t\t\t\t<div class=\"elementor-column elementor-col-16 elementor-top-column elementor-element elementor-element-b3bed98\" data-id=\"b3bed98\" data-element_type=\"column\">\n\t\t\t<div class=\"elementor-widget-wrap\">\n\t\t\t\t\t\t\t<\/div>\n\t\t<\/div>\n\t\t\t\t<div class=\"elementor-column elementor-col-66 elementor-top-column elementor-element elementor-element-274542e\" data-id=\"274542e\" data-element_type=\"column\">\n\t\t\t<div class=\"elementor-widget-wrap elementor-element-populated\">\n\t\t\t\t\t\t<div class=\"elementor-element elementor-element-05d545b elementor-widget elementor-widget-heading\" data-id=\"05d545b\" data-element_type=\"widget\" data-widget_type=\"heading.default\">\n\t\t\t\t<div class=\"elementor-widget-container\">\n\t\t\t\t\t<h2 class=\"elementor-heading-title elementor-size-default\"><font color=\"#5c3015\">M\u00e4dchenprojekt<\/font><\/h2>\t\t\t\t<\/div>\n\t\t\t\t<\/div>\n\t\t\t\t\t<\/div>\n\t\t<\/div>\n\t\t\t\t<div class=\"elementor-column elementor-col-16 elementor-top-column elementor-element elementor-element-7decb53\" data-id=\"7decb53\" data-element_type=\"column\">\n\t\t\t<div class=\"elementor-widget-wrap\">\n\t\t\t\t\t\t\t<\/div>\n\t\t<\/div>\n\t\t\t\t\t<\/div>\n\t\t<\/section>\n\t\t\t\t<section class=\"elementor-section elementor-top-section elementor-element elementor-element-4c9f0aa elementor-section-boxed elementor-section-height-default elementor-section-height-default\" data-id=\"4c9f0aa\" data-element_type=\"section\">\n\t\t\t\t\t\t<div class=\"elementor-container elementor-column-gap-default\">\n\t\t\t\t\t<div class=\"elementor-column elementor-col-16 elementor-top-column elementor-element elementor-element-21fd91c\" data-id=\"21fd91c\" data-element_type=\"column\">\n\t\t\t<div class=\"elementor-widget-wrap\">\n\t\t\t\t\t\t\t<\/div>\n\t\t<\/div>\n\t\t\t\t<div class=\"elementor-column elementor-col-66 elementor-top-column elementor-element elementor-element-cdd2112\" data-id=\"cdd2112\" data-element_type=\"column\">\n\t\t\t<div class=\"elementor-widget-wrap elementor-element-populated\">\n\t\t\t\t\t\t<div class=\"elementor-element elementor-element-2a5347b elementor-widget elementor-widget-video\" data-id=\"2a5347b\" data-element_type=\"widget\" data-settings=\"{&quot;video_type&quot;:&quot;hosted&quot;,&quot;controls&quot;:&quot;yes&quot;}\" data-widget_type=\"video.default\">\n\t\t\t\t<div class=\"elementor-widget-container\">\n\t\t\t\t\t\t\t<div class=\"e-hosted-video elementor-wrapper elementor-open-inline\">\n\t\t\t\t\t<video class=\"elementor-video\" src=\"https:\/\/baraza.ch\/wp-content\/uploads\/2024\/07\/HOG-Kasongo.m4v\" controls=\"\" preload=\"metadata\" controlsList=\"nodownload\"><\/video>\n\t\t\t\t<\/div>\n\t\t\t\t\t\t<\/div>\n\t\t\t\t<\/div>\n\t\t\t\t\t<\/div>\n\t\t<\/div>\n\t\t\t\t<div class=\"elementor-column elementor-col-16 elementor-top-column elementor-element elementor-element-e35291c\" data-id=\"e35291c\" data-element_type=\"column\">\n\t\t\t<div class=\"elementor-widget-wrap\">\n\t\t\t\t\t\t\t<\/div>\n\t\t<\/div>\n\t\t\t\t\t<\/div>\n\t\t<\/section>\n\t\t\t\t<section class=\"elementor-section elementor-top-section elementor-element elementor-element-74480e9 elementor-section-boxed elementor-section-height-default elementor-section-height-default\" data-id=\"74480e9\" data-element_type=\"section\">\n\t\t\t\t\t\t<div class=\"elementor-container elementor-column-gap-default\">\n\t\t\t\t\t<div class=\"elementor-column elementor-col-16 elementor-top-column elementor-element elementor-element-d4b2a98\" data-id=\"d4b2a98\" data-element_type=\"column\">\n\t\t\t<div class=\"elementor-widget-wrap\">\n\t\t\t\t\t\t\t<\/div>\n\t\t<\/div>\n\t\t\t\t<div class=\"elementor-column elementor-col-66 elementor-top-column elementor-element elementor-element-fd0da2c\" data-id=\"fd0da2c\" data-element_type=\"column\">\n\t\t\t<div class=\"elementor-widget-wrap elementor-element-populated\">\n\t\t\t\t\t\t<div class=\"elementor-element elementor-element-e308304 elementor-widget elementor-widget-text-editor\" data-id=\"e308304\" data-element_type=\"widget\" data-widget_type=\"text-editor.default\">\n\t\t\t\t<div class=\"elementor-widget-container\">\n\t\t\t\t\t\t\t\t\t<p style=\"font-family: Tahoma, Arial;\">Im Mai 2024 wurde der zweite Standort vom HOG er\u00f6ffnet. Zum Start zogen acht M\u00e4dchen vom HOG im Stadtzentrum um nach Kasongo. Die Belegung betr\u00e4gt momentan zwischen 30 und 42 M\u00e4dchen. Sie bleiben dort durchschnittlich f\u00fcr vier Monate. Manche k\u00f6nnen bereits nach einigen Monaten zur\u00fcck in die Herkunftsfamilie, bei manchen dauert es leider Jahre. Von Mai 2024 bis Ende 2026 m\u00f6chten wir insgesamt 225 M\u00e4dchen Zuflucht geben zu k\u00f6nnen. F\u00fcr die Finanzierung des M\u00e4dchenprojektes gehen wir bis Ende 2026 von Ausgaben von rund<br \/>225&#8217;000 CHF aus.<\/p>\t\t\t\t\t\t\t\t<\/div>\n\t\t\t\t<\/div>\n\t\t\t\t<div class=\"elementor-element elementor-element-67dd14e elementor-widget elementor-widget-image\" data-id=\"67dd14e\" data-element_type=\"widget\" data-widget_type=\"image.default\">\n\t\t\t\t<div class=\"elementor-widget-container\">\n\t\t\t\t\t\t\t\t\t\t\t\t\t\t\t<img fetchpriority=\"high\" decoding=\"async\" width=\"784\" height=\"440\" src=\"https:\/\/baraza.ch\/wp-content\/uploads\/2024\/07\/DJI_0149-1024x575.jpeg\" class=\"attachment-large size-large wp-image-1167\" alt=\"\" srcset=\"https:\/\/baraza.ch\/wp-content\/uploads\/2024\/07\/DJI_0149-1024x575.jpeg 1024w, https:\/\/baraza.ch\/wp-content\/uploads\/2024\/07\/DJI_0149-300x168.jpeg 300w, https:\/\/baraza.ch\/wp-content\/uploads\/2024\/07\/DJI_0149-768x431.jpeg 768w, https:\/\/baraza.ch\/wp-content\/uploads\/2024\/07\/DJI_0149-1536x863.jpeg 1536w, https:\/\/baraza.ch\/wp-content\/uploads\/2024\/07\/DJI_0149-2048x1150.jpeg 2048w, https:\/\/baraza.ch\/wp-content\/uploads\/2024\/07\/DJI_0149-2000x1125.jpeg 2000w\" sizes=\"(max-width: 784px) 100vw, 784px\" \/>\t\t\t\t\t\t\t\t\t\t\t\t\t\t\t<\/div>\n\t\t\t\t<\/div>\n\t\t\t\t\t<\/div>\n\t\t<\/div>\n\t\t\t\t<div class=\"elementor-column elementor-col-16 elementor-top-column elementor-element elementor-element-eee0681\" data-id=\"eee0681\" data-element_type=\"column\">\n\t\t\t<div class=\"elementor-widget-wrap\">\n\t\t\t\t\t\t\t<\/div>\n\t\t<\/div>\n\t\t\t\t\t<\/div>\n\t\t<\/section>\n\t\t\t\t<section class=\"elementor-section elementor-top-section elementor-element elementor-element-9a773b9 elementor-section-boxed elementor-section-height-default elementor-section-height-default\" data-id=\"9a773b9\" data-element_type=\"section\">\n\t\t\t\t\t\t<div class=\"elementor-container elementor-column-gap-default\">\n\t\t\t\t\t<div class=\"elementor-column elementor-col-16 elementor-top-column elementor-element elementor-element-1c29571\" data-id=\"1c29571\" data-element_type=\"column\">\n\t\t\t<div class=\"elementor-widget-wrap\">\n\t\t\t\t\t\t\t<\/div>\n\t\t<\/div>\n\t\t\t\t<div class=\"elementor-column elementor-col-66 elementor-top-column elementor-element elementor-element-f850c29\" data-id=\"f850c29\" data-element_type=\"column\">\n\t\t\t<div class=\"elementor-widget-wrap elementor-element-populated\">\n\t\t\t\t\t\t<div class=\"elementor-element elementor-element-60b8a6a elementor-widget elementor-widget-text-editor\" data-id=\"60b8a6a\" data-element_type=\"widget\" data-widget_type=\"text-editor.default\">\n\t\t\t\t<div class=\"elementor-widget-container\">\n\t\t\t\t\t\t\t\t\t<p style=\"font-family: Tahoma, Arial;\">Die M\u00e4dchen erhalten ein Dach \u00fcber dem Kopf, sauberes Wasser, gesundes Essen sowie wertsch\u00e4tzende Begleitung. Weiter wird der Schulbesuch und\/ oder eine berufliche Ausbildung finanziert. Das House of Grace hilft den M\u00e4dchen zudem dabei, sich wieder in ihre erweiterte Herkunftsfamilien zu integrieren.<\/p><p style=\"font-family: Tahoma, Arial;\">Unterst\u00fctzt wir das Projekt von verschiedenen Stiftungen und mit einem Beitrag von 5&#8217;000 CHF vom Lotteriefonds Aargau. Vielen Dank!<\/p>\t\t\t\t\t\t\t\t<\/div>\n\t\t\t\t<\/div>\n\t\t\t\t\t<\/div>\n\t\t<\/div>\n\t\t\t\t<div class=\"elementor-column elementor-col-16 elementor-top-column elementor-element elementor-element-3b54f73\" data-id=\"3b54f73\" data-element_type=\"column\">\n\t\t\t<div class=\"elementor-widget-wrap\">\n\t\t\t\t\t\t\t<\/div>\n\t\t<\/div>\n\t\t\t\t\t<\/div>\n\t\t<\/section>\n\t\t\t\t<section class=\"elementor-section elementor-top-section elementor-element elementor-element-d6039f8 elementor-section-boxed elementor-section-height-default elementor-section-height-default\" data-id=\"d6039f8\" data-element_type=\"section\">\n\t\t\t\t\t\t<div class=\"elementor-container elementor-column-gap-default\">\n\t\t\t\t\t<div class=\"elementor-column elementor-col-16 elementor-top-column elementor-element elementor-element-f9e37ce\" data-id=\"f9e37ce\" data-element_type=\"column\">\n\t\t\t<div class=\"elementor-widget-wrap\">\n\t\t\t\t\t\t\t<\/div>\n\t\t<\/div>\n\t\t\t\t<div class=\"elementor-column elementor-col-66 elementor-top-column elementor-element elementor-element-bcd89b2\" data-id=\"bcd89b2\" data-element_type=\"column\">\n\t\t\t<div class=\"elementor-widget-wrap elementor-element-populated\">\n\t\t\t\t\t\t<div class=\"elementor-element elementor-element-f0ea071 elementor-widget elementor-widget-image\" data-id=\"f0ea071\" data-element_type=\"widget\" data-widget_type=\"image.default\">\n\t\t\t\t<div class=\"elementor-widget-container\">\n\t\t\t\t\t\t\t\t\t\t\t\t\t\t\t<img decoding=\"async\" width=\"784\" height=\"278\" src=\"https:\/\/baraza.ch\/wp-content\/uploads\/2024\/07\/SWISSLOS-Kanton-Aargau-farbig.jpg\" class=\"attachment-large size-large wp-image-1168\" alt=\"\" srcset=\"https:\/\/baraza.ch\/wp-content\/uploads\/2024\/07\/SWISSLOS-Kanton-Aargau-farbig.jpg 920w, https:\/\/baraza.ch\/wp-content\/uploads\/2024\/07\/SWISSLOS-Kanton-Aargau-farbig-300x106.jpg 300w, https:\/\/baraza.ch\/wp-content\/uploads\/2024\/07\/SWISSLOS-Kanton-Aargau-farbig-768x272.jpg 768w\" sizes=\"(max-width: 784px) 100vw, 784px\" \/>\t\t\t\t\t\t\t\t\t\t\t\t\t\t\t<\/div>\n\t\t\t\t<\/div>\n\t\t\t\t\t<\/div>\n\t\t<\/div>\n\t\t\t\t<div class=\"elementor-column elementor-col-16 elementor-top-column elementor-element elementor-element-ff61033\" data-id=\"ff61033\" data-element_type=\"column\">\n\t\t\t<div class=\"elementor-widget-wrap\">\n\t\t\t\t\t\t\t<\/div>\n\t\t<\/div>\n\t\t\t\t\t<\/div>\n\t\t<\/section>\n\t\t\t\t<\/div>\n\t\t","protected":false},"excerpt":{"rendered":"<p>M\u00e4dchenprojekt https:\/\/baraza.ch\/wp-content\/uploads\/2024\/07\/HOG-Kasongo.m4v Im Mai 2024 wurde der zweite Standort vom HOG er\u00f6ffnet. Zum Start zogen acht M\u00e4dchen vom HOG im Stadtzentrum um nach Kasongo. Die Belegung betr\u00e4gt momentan zwischen 30 und 42 M\u00e4dchen. Sie bleiben dort durchschnittlich f\u00fcr vier Monate. Manche k\u00f6nnen bereits nach einigen Monaten zur\u00fcck in die Herkunftsfamilie, bei manchen dauert es leider&hellip;<\/p>\n","protected":false},"author":1,"featured_media":0,"parent":0,"menu_order":0,"comment_status":"closed","ping_status":"closed","template":"page-templates\/fullscreen-page.php","meta":{"footnotes":""},"class_list":["post-1164","page","type-page","status-publish","hentry","comments-closed","no-comments"],"_links":{"self":[{"href":"https:\/\/baraza.ch\/index.php\/wp-json\/wp\/v2\/pages\/1164","targetHints":{"allow":["GET"]}}],"collection":[{"href":"https:\/\/baraza.ch\/index.php\/wp-json\/wp\/v2\/pages"}],"about":[{"href":"https:\/\/baraza.ch\/index.php\/wp-json\/wp\/v2\/types\/page"}],"author":[{"embeddable":true,"href":"https:\/\/baraza.ch\/index.php\/wp-json\/wp\/v2\/users\/1"}],"replies":[{"embeddable":true,"href":"https:\/\/baraza.ch\/index.php\/wp-json\/wp\/v2\/comments?post=1164"}],"version-history":[{"count":19,"href":"https:\/\/baraza.ch\/index.php\/wp-json\/wp\/v2\/pages\/1164\/revisions"}],"predecessor-version":[{"id":1290,"href":"https:\/\/baraza.ch\/index.php\/wp-json\/wp\/v2\/pages\/1164\/revisions\/1290"}],"wp:attachment":[{"href":"https:\/\/baraza.ch\/index.php\/wp-json\/wp\/v2\/media?parent=1164"}],"curies":[{"name":"wp","href":"https:\/\/api.w.org\/{rel}","templated":true}]}}