{"id":160,"date":"2019-10-08T12:01:17","date_gmt":"2019-10-08T12:01:17","guid":{"rendered":"https:\/\/baraza.ch\/?page_id=160"},"modified":"2020-05-05T13:59:00","modified_gmt":"2020-05-05T13:59:00","slug":"zurueck-zur-familie","status":"publish","type":"page","link":"https:\/\/baraza.ch\/index.php\/zurueck-zur-familie\/","title":{"rendered":"Zur\u00fcck zur Familie"},"content":{"rendered":"\t\t<div data-elementor-type=\"wp-page\" data-elementor-id=\"160\" class=\"elementor elementor-160\">\n\t\t\t\t\t\t<section class=\"elementor-section elementor-top-section elementor-element elementor-element-1bb0b5c elementor-section-boxed elementor-section-height-default elementor-section-height-default\" data-id=\"1bb0b5c\" data-element_type=\"section\">\n\t\t\t\t\t\t<div class=\"elementor-container elementor-column-gap-default\">\n\t\t\t\t\t<div class=\"elementor-column elementor-col-16 elementor-top-column elementor-element elementor-element-1c3028a\" data-id=\"1c3028a\" data-element_type=\"column\">\n\t\t\t<div class=\"elementor-widget-wrap\">\n\t\t\t\t\t\t\t<\/div>\n\t\t<\/div>\n\t\t\t\t<div class=\"elementor-column elementor-col-66 elementor-top-column elementor-element elementor-element-fc9de33\" data-id=\"fc9de33\" data-element_type=\"column\">\n\t\t\t<div class=\"elementor-widget-wrap elementor-element-populated\">\n\t\t\t\t\t\t<div class=\"elementor-element elementor-element-7094f67 elementor-widget elementor-widget-heading\" data-id=\"7094f67\" data-element_type=\"widget\" data-widget_type=\"heading.default\">\n\t\t\t\t<div class=\"elementor-widget-container\">\n\t\t\t\t\t<h2 class=\"elementor-heading-title elementor-size-default\">Zur\u00fcck zur Herkunftsfamilie<\/h2>\t\t\t\t<\/div>\n\t\t\t\t<\/div>\n\t\t\t\t\t<\/div>\n\t\t<\/div>\n\t\t\t\t<div class=\"elementor-column elementor-col-16 elementor-top-column elementor-element elementor-element-5a9fd99\" data-id=\"5a9fd99\" data-element_type=\"column\">\n\t\t\t<div class=\"elementor-widget-wrap\">\n\t\t\t\t\t\t\t<\/div>\n\t\t<\/div>\n\t\t\t\t\t<\/div>\n\t\t<\/section>\n\t\t\t\t<section class=\"elementor-section elementor-top-section elementor-element elementor-element-d3d15f7 elementor-section-boxed elementor-section-height-default elementor-section-height-default\" data-id=\"d3d15f7\" data-element_type=\"section\">\n\t\t\t\t\t\t<div class=\"elementor-container elementor-column-gap-default\">\n\t\t\t\t\t<div class=\"elementor-column elementor-col-16 elementor-top-column elementor-element elementor-element-5311b37\" data-id=\"5311b37\" data-element_type=\"column\">\n\t\t\t<div class=\"elementor-widget-wrap\">\n\t\t\t\t\t\t\t<\/div>\n\t\t<\/div>\n\t\t\t\t<div class=\"elementor-column elementor-col-66 elementor-top-column elementor-element elementor-element-611a605\" data-id=\"611a605\" data-element_type=\"column\">\n\t\t\t<div class=\"elementor-widget-wrap elementor-element-populated\">\n\t\t\t\t\t\t<div class=\"elementor-element elementor-element-6e9973f elementor-widget elementor-widget-text-editor\" data-id=\"6e9973f\" data-element_type=\"widget\" data-widget_type=\"text-editor.default\">\n\t\t\t\t<div class=\"elementor-widget-container\">\n\t\t\t\t\t\t\t\t\tWenn ein Strassenkind ins House of Grace kommt, wird nach einer Weile geschaut, ob das Kind eine Familie hat und ob diese Familie im Stande ist, das Kind wieder bei sich aufzunehmen. Wenn es in der Familie zum Beispiel starke Drogenprobleme oder vermehrt h\u00e4usliche Gewalt gibt, dann wird das Kind nicht mit der Familie wiedervereint. Wenn die Familie sich bereit erkl\u00e4rt, das Kind wieder aufzunehmen, dann geht dieses in den meisten F\u00e4llen zuerst einmal dorthin in die Ferien und kehrt nach einem bestimmten Zeitraum wieder in die Einrichtung zur\u00fcck. Dann wird mit dem Kind und der Familie besprochen, wie es der Urlaub f\u00fcr sie war und wie es nun weitergehen soll. Manche Familien leben in absoluter Armut und w\u00fcrden es leider nicht verm\u00f6gen, das Kind wieder aufzunehmen. Nach einer gr\u00fcndlichen Pr\u00fcfung der Umst\u00e4nde unterst\u00fctzt der Verein Baraza diese Familien vorerst f\u00fcr ein Jahr finanziell, indem es das Schulgeld des Kindes \u00fcbernimmt.\n\t\t\t\t\t\t\t\t<\/div>\n\t\t\t\t<\/div>\n\t\t\t\t\t<\/div>\n\t\t<\/div>\n\t\t\t\t<div class=\"elementor-column elementor-col-16 elementor-top-column elementor-element elementor-element-04c9da8\" data-id=\"04c9da8\" data-element_type=\"column\">\n\t\t\t<div class=\"elementor-widget-wrap\">\n\t\t\t\t\t\t\t<\/div>\n\t\t<\/div>\n\t\t\t\t\t<\/div>\n\t\t<\/section>\n\t\t\t\t<section class=\"elementor-section elementor-top-section elementor-element elementor-element-79dd4ce elementor-section-boxed elementor-section-height-default elementor-section-height-default\" data-id=\"79dd4ce\" data-element_type=\"section\">\n\t\t\t\t\t\t<div class=\"elementor-container elementor-column-gap-default\">\n\t\t\t\t\t<div class=\"elementor-column elementor-col-16 elementor-top-column elementor-element elementor-element-99a5cbe\" data-id=\"99a5cbe\" data-element_type=\"column\">\n\t\t\t<div class=\"elementor-widget-wrap\">\n\t\t\t\t\t\t\t<\/div>\n\t\t<\/div>\n\t\t\t\t<div class=\"elementor-column elementor-col-66 elementor-top-column elementor-element elementor-element-7e4bf6d\" data-id=\"7e4bf6d\" data-element_type=\"column\">\n\t\t\t<div class=\"elementor-widget-wrap elementor-element-populated\">\n\t\t\t\t\t\t<div class=\"elementor-element elementor-element-f543b61 elementor-widget elementor-widget-image\" data-id=\"f543b61\" data-element_type=\"widget\" data-widget_type=\"image.default\">\n\t\t\t\t<div class=\"elementor-widget-container\">\n\t\t\t\t\t\t\t\t\t\t\t\t\t\t\t<img fetchpriority=\"high\" decoding=\"async\" width=\"301\" height=\"226\" src=\"https:\/\/baraza.ch\/wp-content\/uploads\/2019\/10\/Jojo.jpg\" class=\"attachment-large size-large wp-image-162\" alt=\"\" srcset=\"https:\/\/baraza.ch\/wp-content\/uploads\/2019\/10\/Jojo.jpg 301w, https:\/\/baraza.ch\/wp-content\/uploads\/2019\/10\/Jojo-300x225.jpg 300w\" sizes=\"(max-width: 301px) 100vw, 301px\" \/>\t\t\t\t\t\t\t\t\t\t\t\t\t\t\t<\/div>\n\t\t\t\t<\/div>\n\t\t\t\t\t<\/div>\n\t\t<\/div>\n\t\t\t\t<div class=\"elementor-column elementor-col-16 elementor-top-column elementor-element elementor-element-dcf992d\" data-id=\"dcf992d\" data-element_type=\"column\">\n\t\t\t<div class=\"elementor-widget-wrap\">\n\t\t\t\t\t\t\t<\/div>\n\t\t<\/div>\n\t\t\t\t\t<\/div>\n\t\t<\/section>\n\t\t\t\t<section class=\"elementor-section elementor-top-section elementor-element elementor-element-caa0eb4 elementor-section-boxed elementor-section-height-default elementor-section-height-default\" data-id=\"caa0eb4\" data-element_type=\"section\">\n\t\t\t\t\t\t<div class=\"elementor-container elementor-column-gap-default\">\n\t\t\t\t\t<div class=\"elementor-column elementor-col-16 elementor-top-column elementor-element elementor-element-04d2758\" data-id=\"04d2758\" data-element_type=\"column\">\n\t\t\t<div class=\"elementor-widget-wrap\">\n\t\t\t\t\t\t\t<\/div>\n\t\t<\/div>\n\t\t\t\t<div class=\"elementor-column elementor-col-66 elementor-top-column elementor-element elementor-element-63b0982\" data-id=\"63b0982\" data-element_type=\"column\">\n\t\t\t<div class=\"elementor-widget-wrap elementor-element-populated\">\n\t\t\t\t\t\t<div class=\"elementor-element elementor-element-475bd42 elementor-widget elementor-widget-text-editor\" data-id=\"475bd42\" data-element_type=\"widget\" data-widget_type=\"text-editor.default\">\n\t\t\t\t<div class=\"elementor-widget-container\">\n\t\t\t\t\t\t\t\t\tEine typische Geschichte hat Jean (Name ge\u00e4ndert) erlebt. Heute ist er 11 Jahre alt. Zuerst wuchs er bei seinen Eltern auf. Doch diese stritten sich oft und wurden zunehmend aggressiv. Dies bekam auch Jean zu sp\u00fcren, denn sie schlugen ihn immer h\u00e4rter und drohten ihm. Kurz darauf trennten sich seine Eltern und sein Vater heiratete eine andere Frau. Jean blieb bei seiner Mutter, die mit Alkoholproblemen zu k\u00e4mpfen hatte.\t\t\t\t\t\t\t\t<\/div>\n\t\t\t\t<\/div>\n\t\t\t\t\t<\/div>\n\t\t<\/div>\n\t\t\t\t<div class=\"elementor-column elementor-col-16 elementor-top-column elementor-element elementor-element-c42ada6\" data-id=\"c42ada6\" data-element_type=\"column\">\n\t\t\t<div class=\"elementor-widget-wrap\">\n\t\t\t\t\t\t\t<\/div>\n\t\t<\/div>\n\t\t\t\t\t<\/div>\n\t\t<\/section>\n\t\t\t\t<section class=\"elementor-section elementor-top-section elementor-element elementor-element-4b6ebcd elementor-section-boxed elementor-section-height-default elementor-section-height-default\" data-id=\"4b6ebcd\" data-element_type=\"section\">\n\t\t\t\t\t\t<div class=\"elementor-container elementor-column-gap-default\">\n\t\t\t\t\t<div class=\"elementor-column elementor-col-16 elementor-top-column elementor-element elementor-element-d59a4d9\" data-id=\"d59a4d9\" data-element_type=\"column\">\n\t\t\t<div class=\"elementor-widget-wrap\">\n\t\t\t\t\t\t\t<\/div>\n\t\t<\/div>\n\t\t\t\t<div class=\"elementor-column elementor-col-66 elementor-top-column elementor-element elementor-element-b41a5f8\" data-id=\"b41a5f8\" data-element_type=\"column\">\n\t\t\t<div class=\"elementor-widget-wrap elementor-element-populated\">\n\t\t\t\t\t\t<div class=\"elementor-element elementor-element-52da400 elementor-widget elementor-widget-text-editor\" data-id=\"52da400\" data-element_type=\"widget\" data-widget_type=\"text-editor.default\">\n\t\t\t\t<div class=\"elementor-widget-container\">\n\t\t\t\t\t\t\t\t\tUnterschiedliche M\u00e4nner gingen bei ihr ein und aus. Jean wurde schlecht behandelt und suchte deshalb seinen Vater auf. Die neue Frau seines Vaters wollte den Jungen jedoch nicht haben, so schickte sein Vater ihn zur\u00fcck zur Mutter. Weil er in der Folge immer wieder zwischen den beiden hin- und hergeschoben wurde, landete er auf der Strasse. Jean lief umher, sammelte Plastikflaschen und Plastikt\u00fcten und verkaufte diese auf dem Markt. Dadurch erhielt er etwas Geld. Die verschiedenen DVD-Shops zogen ihn in ihren Bann und oft vertrieb er sich die Zeit mit dem Schauen von Filmen. Jean tauchte dabei in eine andere Welt ein. Er begann Benzin zu schn\u00fcffeln und wurde sehr stark abh\u00e4ngig. Auf der Strasse wurde er erneut von vielen schlecht behandelt und so suchte er im House of Grace Schutz. Die Leiter k\u00fcmmerten sich liebevoll um ihn, doch er hielt es nicht aus ohne das Benzin und ging zur\u00fcck auf dies Strasse. Dann kam er wieder zur\u00fcck in die Einrichtung um sie erneut wegen des Benzins zu verlassen.\t\t\t\t\t\t\t\t<\/div>\n\t\t\t\t<\/div>\n\t\t\t\t\t<\/div>\n\t\t<\/div>\n\t\t\t\t<div class=\"elementor-column elementor-col-16 elementor-top-column elementor-element elementor-element-1392363\" data-id=\"1392363\" data-element_type=\"column\">\n\t\t\t<div class=\"elementor-widget-wrap\">\n\t\t\t\t\t\t\t<\/div>\n\t\t<\/div>\n\t\t\t\t\t<\/div>\n\t\t<\/section>\n\t\t\t\t<section class=\"elementor-section elementor-top-section elementor-element elementor-element-d51884f elementor-section-boxed elementor-section-height-default elementor-section-height-default\" data-id=\"d51884f\" data-element_type=\"section\">\n\t\t\t\t\t\t<div class=\"elementor-container elementor-column-gap-default\">\n\t\t\t\t\t<div class=\"elementor-column elementor-col-16 elementor-top-column elementor-element elementor-element-850e95a\" data-id=\"850e95a\" data-element_type=\"column\">\n\t\t\t<div class=\"elementor-widget-wrap\">\n\t\t\t\t\t\t\t<\/div>\n\t\t<\/div>\n\t\t\t\t<div class=\"elementor-column elementor-col-66 elementor-top-column elementor-element elementor-element-3653fa8\" data-id=\"3653fa8\" data-element_type=\"column\">\n\t\t\t<div class=\"elementor-widget-wrap elementor-element-populated\">\n\t\t\t\t\t\t<div class=\"elementor-element elementor-element-e30d3a0 elementor-widget elementor-widget-image\" data-id=\"e30d3a0\" data-element_type=\"widget\" data-widget_type=\"image.default\">\n\t\t\t\t<div class=\"elementor-widget-container\">\n\t\t\t\t\t\t\t\t\t\t\t\t\t\t\t<img decoding=\"async\" width=\"300\" height=\"400\" src=\"https:\/\/baraza.ch\/wp-content\/uploads\/2019\/10\/Jojo2.jpg\" class=\"attachment-large size-large wp-image-163\" alt=\"\" srcset=\"https:\/\/baraza.ch\/wp-content\/uploads\/2019\/10\/Jojo2.jpg 300w, https:\/\/baraza.ch\/wp-content\/uploads\/2019\/10\/Jojo2-225x300.jpg 225w\" sizes=\"(max-width: 300px) 100vw, 300px\" \/>\t\t\t\t\t\t\t\t\t\t\t\t\t\t\t<\/div>\n\t\t\t\t<\/div>\n\t\t\t\t\t<\/div>\n\t\t<\/div>\n\t\t\t\t<div class=\"elementor-column elementor-col-16 elementor-top-column elementor-element elementor-element-57cc411\" data-id=\"57cc411\" data-element_type=\"column\">\n\t\t\t<div class=\"elementor-widget-wrap\">\n\t\t\t\t\t\t\t<\/div>\n\t\t<\/div>\n\t\t\t\t\t<\/div>\n\t\t<\/section>\n\t\t\t\t<section class=\"elementor-section elementor-top-section elementor-element elementor-element-43cfd65 elementor-section-boxed elementor-section-height-default elementor-section-height-default\" data-id=\"43cfd65\" data-element_type=\"section\">\n\t\t\t\t\t\t<div class=\"elementor-container elementor-column-gap-default\">\n\t\t\t\t\t<div class=\"elementor-column elementor-col-16 elementor-top-column elementor-element elementor-element-d6872b1\" data-id=\"d6872b1\" data-element_type=\"column\">\n\t\t\t<div class=\"elementor-widget-wrap\">\n\t\t\t\t\t\t\t<\/div>\n\t\t<\/div>\n\t\t\t\t<div class=\"elementor-column elementor-col-66 elementor-top-column elementor-element elementor-element-8d2ef1c\" data-id=\"8d2ef1c\" data-element_type=\"column\">\n\t\t\t<div class=\"elementor-widget-wrap elementor-element-populated\">\n\t\t\t\t\t\t<div class=\"elementor-element elementor-element-f81ed9f elementor-widget elementor-widget-text-editor\" data-id=\"f81ed9f\" data-element_type=\"widget\" data-widget_type=\"text-editor.default\">\n\t\t\t\t<div class=\"elementor-widget-container\">\n\t\t\t\t\t\t\t\t\tEines Tages wurde er von der Polizei geschnappt und eingesperrt. Es ist anzunehmen, dass er dort auf die harte Tour einen Entzug durchmachen musste. Die Polizei brachte ihn anschliessend ins House of Grace. Seit mehreren Monaten schn\u00fcffelt er nun kein Benzin mehr. Er besucht die erste Klasse. Sein Ziel ist es, eines Tages zu studieren, denn er w\u00fcrde gerne in einem B\u00fcro arbeiten. Bei einer erneuten Kontaktaufnahme mit seinem Vater erkl\u00e4rte sich dieser bereit, Jean aufzunehmen. Seit Anfang August 2018 ist er nun zur\u00fcck bei seiner Familie. Sogar seine Stiefmutter k\u00fcmmert sich nun gut um ihn. Die Mitarbeiter aus dem House of Grace besuchen die Familie regelm\u00e4ssig und unterst\u00fctzen sie. Viele Gespr\u00e4che und Unterst\u00fctzung in erzieherischen Fragen tragen dazu bei, dass sich Jean und seine Eltern wieder besser verstehen lernen und einen liebevollen Umgang miteinander haben k\u00f6nnen.\t\t\t\t\t\t\t\t<\/div>\n\t\t\t\t<\/div>\n\t\t\t\t\t<\/div>\n\t\t<\/div>\n\t\t\t\t<div class=\"elementor-column elementor-col-16 elementor-top-column elementor-element elementor-element-298fcd6\" data-id=\"298fcd6\" data-element_type=\"column\">\n\t\t\t<div class=\"elementor-widget-wrap\">\n\t\t\t\t\t\t\t<\/div>\n\t\t<\/div>\n\t\t\t\t\t<\/div>\n\t\t<\/section>\n\t\t\t\t<\/div>\n\t\t","protected":false},"excerpt":{"rendered":"<p>Zur\u00fcck zur Herkunftsfamilie Wenn ein Strassenkind ins House of Grace kommt, wird nach einer Weile geschaut, ob das Kind eine Familie hat und ob diese Familie im Stande ist, das Kind wieder bei sich aufzunehmen. Wenn es in der Familie zum Beispiel starke Drogenprobleme oder vermehrt h\u00e4usliche Gewalt gibt, dann wird das Kind nicht mit&hellip;<\/p>\n","protected":false},"author":1,"featured_media":0,"parent":0,"menu_order":0,"comment_status":"closed","ping_status":"closed","template":"page-templates\/fullscreen-page.php","meta":{"footnotes":""},"class_list":["post-160","page","type-page","status-publish","hentry","comments-closed","no-comments"],"_links":{"self":[{"href":"https:\/\/baraza.ch\/index.php\/wp-json\/wp\/v2\/pages\/160","targetHints":{"allow":["GET"]}}],"collection":[{"href":"https:\/\/baraza.ch\/index.php\/wp-json\/wp\/v2\/pages"}],"about":[{"href":"https:\/\/baraza.ch\/index.php\/wp-json\/wp\/v2\/types\/page"}],"author":[{"embeddable":true,"href":"https:\/\/baraza.ch\/index.php\/wp-json\/wp\/v2\/users\/1"}],"replies":[{"embeddable":true,"href":"https:\/\/baraza.ch\/index.php\/wp-json\/wp\/v2\/comments?post=160"}],"version-history":[{"count":18,"href":"https:\/\/baraza.ch\/index.php\/wp-json\/wp\/v2\/pages\/160\/revisions"}],"predecessor-version":[{"id":462,"href":"https:\/\/baraza.ch\/index.php\/wp-json\/wp\/v2\/pages\/160\/revisions\/462"}],"wp:attachment":[{"href":"https:\/\/baraza.ch\/index.php\/wp-json\/wp\/v2\/media?parent=160"}],"curies":[{"name":"wp","href":"https:\/\/api.w.org\/{rel}","templated":true}]}}