{"id":192,"date":"2019-10-08T12:53:27","date_gmt":"2019-10-08T12:53:27","guid":{"rendered":"https:\/\/baraza.ch\/?page_id=192"},"modified":"2024-07-13T08:08:20","modified_gmt":"2024-07-13T08:08:20","slug":"kontext","status":"publish","type":"page","link":"https:\/\/baraza.ch\/index.php\/kontext\/","title":{"rendered":"Kontext"},"content":{"rendered":"\t\t<div data-elementor-type=\"wp-page\" data-elementor-id=\"192\" class=\"elementor elementor-192\">\n\t\t\t\t\t\t<section class=\"elementor-section elementor-top-section elementor-element elementor-element-7c7fd8d elementor-section-boxed elementor-section-height-default elementor-section-height-default\" data-id=\"7c7fd8d\" data-element_type=\"section\">\n\t\t\t\t\t\t<div class=\"elementor-container elementor-column-gap-default\">\n\t\t\t\t\t<div class=\"elementor-column elementor-col-16 elementor-top-column elementor-element elementor-element-2c24619\" data-id=\"2c24619\" data-element_type=\"column\">\n\t\t\t<div class=\"elementor-widget-wrap\">\n\t\t\t\t\t\t\t<\/div>\n\t\t<\/div>\n\t\t\t\t<div class=\"elementor-column elementor-col-66 elementor-top-column elementor-element elementor-element-ed4e48c\" data-id=\"ed4e48c\" data-element_type=\"column\">\n\t\t\t<div class=\"elementor-widget-wrap elementor-element-populated\">\n\t\t\t\t\t\t<div class=\"elementor-element elementor-element-2340876 elementor-widget elementor-widget-heading\" data-id=\"2340876\" data-element_type=\"widget\" data-widget_type=\"heading.default\">\n\t\t\t\t<div class=\"elementor-widget-container\">\n\t\t\t\t\t<h2 class=\"elementor-heading-title elementor-size-default\">Kontext<\/h2>\t\t\t\t<\/div>\n\t\t\t\t<\/div>\n\t\t\t\t\t<\/div>\n\t\t<\/div>\n\t\t\t\t<div class=\"elementor-column elementor-col-16 elementor-top-column elementor-element elementor-element-cced20f\" data-id=\"cced20f\" data-element_type=\"column\">\n\t\t\t<div class=\"elementor-widget-wrap\">\n\t\t\t\t\t\t\t<\/div>\n\t\t<\/div>\n\t\t\t\t\t<\/div>\n\t\t<\/section>\n\t\t\t\t<section class=\"elementor-section elementor-top-section elementor-element elementor-element-3687c7a elementor-section-boxed elementor-section-height-default elementor-section-height-default\" data-id=\"3687c7a\" data-element_type=\"section\">\n\t\t\t\t\t\t<div class=\"elementor-container elementor-column-gap-default\">\n\t\t\t\t\t<div class=\"elementor-column elementor-col-16 elementor-top-column elementor-element elementor-element-e12db61\" data-id=\"e12db61\" data-element_type=\"column\">\n\t\t\t<div class=\"elementor-widget-wrap\">\n\t\t\t\t\t\t\t<\/div>\n\t\t<\/div>\n\t\t\t\t<div class=\"elementor-column elementor-col-66 elementor-top-column elementor-element elementor-element-b7ec3ee\" data-id=\"b7ec3ee\" data-element_type=\"column\">\n\t\t\t<div class=\"elementor-widget-wrap elementor-element-populated\">\n\t\t\t\t\t\t<div class=\"elementor-element elementor-element-61dd9e8 elementor-widget elementor-widget-text-editor\" data-id=\"61dd9e8\" data-element_type=\"widget\" data-widget_type=\"text-editor.default\">\n\t\t\t\t<div class=\"elementor-widget-container\">\n\t\t\t\t\t\t\t\t\t<p style=\"font-family: Tahoma, Arial;\">Mit einer Fl\u00e4che von 2&#8217;344\u2019858 km2 ist der Kongo etwa 57 mal so gross wir die Schweiz oder etwas mehr als 6 Mal so gross wie Deutschland. Sch\u00e4tzungsweise 115 Mio. Einwohner, welche ca. 214 verschiedene Sprachen sprechen, wohnen in dem Land. Die Amtssprachen sind Franz\u00f6sisch, Lingala, Kikongo, Tschiluba und Suaheli.<br \/>Der Kongo ist eine ehemalige belgische Kolonie und war zeitweise Privatbesitz von K\u00f6nig Leopold II.\u00a0Die gr\u00f6sste Fl\u00e4che des afrikanischen Regenwaldes befindet sich hier.\u00a0Das Land ist reich an Bodensch\u00e4tzen wie Gold, Diamanten, Coltan, Kupfer, Zinn, \u00d6l, und vielem mehr.\u00a0Gleichzeitig leben mehr als 75% der Bev\u00f6lkerung in absoluter Armut mit weniger als $1.90 t\u00e4glichem Einkommen. Die Kindersterblichkeitsrate ist eine der h\u00f6chsten weltweit. \u00dcber 5.4 Mio. Menschen sind auf der Flucht.\u00a0Der Kongo wird gepr\u00e4gt von einer langen Geschichte an Ausbeutung und Krieg.<\/p>\t\t\t\t\t\t\t\t<\/div>\n\t\t\t\t<\/div>\n\t\t\t\t\t<\/div>\n\t\t<\/div>\n\t\t\t\t<div class=\"elementor-column elementor-col-16 elementor-top-column elementor-element elementor-element-65d4268\" data-id=\"65d4268\" data-element_type=\"column\">\n\t\t\t<div class=\"elementor-widget-wrap\">\n\t\t\t\t\t\t\t<\/div>\n\t\t<\/div>\n\t\t\t\t\t<\/div>\n\t\t<\/section>\n\t\t\t\t<section class=\"elementor-section elementor-top-section elementor-element elementor-element-f45d739 elementor-section-boxed elementor-section-height-default elementor-section-height-default\" data-id=\"f45d739\" data-element_type=\"section\">\n\t\t\t\t\t\t<div class=\"elementor-container elementor-column-gap-default\">\n\t\t\t\t\t<div class=\"elementor-column elementor-col-16 elementor-top-column elementor-element elementor-element-230c5fc\" data-id=\"230c5fc\" data-element_type=\"column\">\n\t\t\t<div class=\"elementor-widget-wrap\">\n\t\t\t\t\t\t\t<\/div>\n\t\t<\/div>\n\t\t\t\t<div class=\"elementor-column elementor-col-66 elementor-top-column elementor-element elementor-element-2142ed7\" data-id=\"2142ed7\" data-element_type=\"column\">\n\t\t\t<div class=\"elementor-widget-wrap elementor-element-populated\">\n\t\t\t\t\t\t<div class=\"elementor-element elementor-element-5860b0b elementor-invisible elementor-widget elementor-widget-google_maps\" data-id=\"5860b0b\" data-element_type=\"widget\" data-settings=\"{&quot;_animation&quot;:&quot;fadeInUp&quot;}\" data-widget_type=\"google_maps.default\">\n\t\t\t\t<div class=\"elementor-widget-container\">\n\t\t\t\t\t\t\t<div class=\"elementor-custom-embed\">\n\t\t\t<iframe loading=\"lazy\"\n\t\t\t\t\tsrc=\"https:\/\/maps.google.com\/maps?q=Demokratische%20Republik%20kongo&#038;t=m&#038;z=4&#038;output=embed&#038;iwloc=near\"\n\t\t\t\t\ttitle=\"Demokratische Republik kongo\"\n\t\t\t\t\taria-label=\"Demokratische Republik kongo\"\n\t\t\t><\/iframe>\n\t\t<\/div>\n\t\t\t\t\t\t<\/div>\n\t\t\t\t<\/div>\n\t\t\t\t\t<\/div>\n\t\t<\/div>\n\t\t\t\t<div class=\"elementor-column elementor-col-16 elementor-top-column elementor-element elementor-element-306b289\" data-id=\"306b289\" data-element_type=\"column\">\n\t\t\t<div class=\"elementor-widget-wrap\">\n\t\t\t\t\t\t\t<\/div>\n\t\t<\/div>\n\t\t\t\t\t<\/div>\n\t\t<\/section>\n\t\t\t\t<section class=\"elementor-section elementor-top-section elementor-element elementor-element-160a390 elementor-section-boxed elementor-section-height-default elementor-section-height-default\" data-id=\"160a390\" data-element_type=\"section\">\n\t\t\t\t\t\t<div class=\"elementor-container elementor-column-gap-default\">\n\t\t\t\t\t<div class=\"elementor-column elementor-col-16 elementor-top-column elementor-element elementor-element-a71c687\" data-id=\"a71c687\" data-element_type=\"column\">\n\t\t\t<div class=\"elementor-widget-wrap\">\n\t\t\t\t\t\t\t<\/div>\n\t\t<\/div>\n\t\t\t\t<div class=\"elementor-column elementor-col-66 elementor-top-column elementor-element elementor-element-fd18895\" data-id=\"fd18895\" data-element_type=\"column\">\n\t\t\t<div class=\"elementor-widget-wrap elementor-element-populated\">\n\t\t\t\t\t\t<div class=\"elementor-element elementor-element-2744fff elementor-widget elementor-widget-text-editor\" data-id=\"2744fff\" data-element_type=\"widget\" data-settings=\"{&quot;_animation&quot;:&quot;none&quot;}\" data-widget_type=\"text-editor.default\">\n\t\t\t\t<div class=\"elementor-widget-container\">\n\t\t\t\t\t\t\t\t\t<p style=\"font-family: Tahoma, Arial;\"> Bunia ist eine Stadt im Nordosten des Kongos mit etwa einer Million Einwohner. In den Jahren 2002 und 2003 war sie Schauplatz einer Rebellion und brutalen ethnischen S\u00e4uberungen. Mehrere Rebellengruppen, welche von Uganda und Ruanda unterst\u00fctzt wurden, eroberten die Stadt und verloren sie wieder. Heute noch machen mehr als 120 Rebellengruppen den Ostkongo unsicher. Viele Leute sind vor solchen Kon\ufb02ikten nach Bunia geflohen, da diese Stadt unter dem Schutz der UN-Blauhelmtruppen steht. <\/p>\t\t\t\t\t\t\t\t<\/div>\n\t\t\t\t<\/div>\n\t\t\t\t\t<\/div>\n\t\t<\/div>\n\t\t\t\t<div class=\"elementor-column elementor-col-16 elementor-top-column elementor-element elementor-element-7b19a37\" data-id=\"7b19a37\" data-element_type=\"column\">\n\t\t\t<div class=\"elementor-widget-wrap\">\n\t\t\t\t\t\t\t<\/div>\n\t\t<\/div>\n\t\t\t\t\t<\/div>\n\t\t<\/section>\n\t\t\t\t<section class=\"elementor-section elementor-top-section elementor-element elementor-element-d1cb9f5 elementor-section-boxed elementor-section-height-default elementor-section-height-default\" data-id=\"d1cb9f5\" data-element_type=\"section\">\n\t\t\t\t\t\t<div class=\"elementor-container elementor-column-gap-default\">\n\t\t\t\t\t<div class=\"elementor-column elementor-col-16 elementor-top-column elementor-element elementor-element-cdd5f5e\" data-id=\"cdd5f5e\" data-element_type=\"column\">\n\t\t\t<div class=\"elementor-widget-wrap\">\n\t\t\t\t\t\t\t<\/div>\n\t\t<\/div>\n\t\t\t\t<div class=\"elementor-column elementor-col-66 elementor-top-column elementor-element elementor-element-7439316\" data-id=\"7439316\" data-element_type=\"column\">\n\t\t\t<div class=\"elementor-widget-wrap elementor-element-populated\">\n\t\t\t\t\t\t<div class=\"elementor-element elementor-element-f508e67 elementor-invisible elementor-widget elementor-widget-image\" data-id=\"f508e67\" data-element_type=\"widget\" data-settings=\"{&quot;_animation&quot;:&quot;fadeInUp&quot;}\" data-widget_type=\"image.default\">\n\t\t\t\t<div class=\"elementor-widget-container\">\n\t\t\t\t\t\t\t\t\t\t\t\t\t\t\t<img fetchpriority=\"high\" decoding=\"async\" width=\"2000\" height=\"1125\" src=\"https:\/\/baraza.ch\/wp-content\/uploads\/2019\/10\/Bunia-aus-dem-Flugzeug-2000x1125.jpg\" class=\"attachment-pukeko-fi-hd size-pukeko-fi-hd wp-image-208\" alt=\"\" \/>\t\t\t\t\t\t\t\t\t\t\t\t\t\t\t<\/div>\n\t\t\t\t<\/div>\n\t\t\t\t\t<\/div>\n\t\t<\/div>\n\t\t\t\t<div class=\"elementor-column elementor-col-16 elementor-top-column elementor-element elementor-element-b0598e6\" data-id=\"b0598e6\" data-element_type=\"column\">\n\t\t\t<div class=\"elementor-widget-wrap\">\n\t\t\t\t\t\t\t<\/div>\n\t\t<\/div>\n\t\t\t\t\t<\/div>\n\t\t<\/section>\n\t\t\t\t<section class=\"elementor-section elementor-top-section elementor-element elementor-element-95849ed elementor-section-boxed elementor-section-height-default elementor-section-height-default\" data-id=\"95849ed\" data-element_type=\"section\">\n\t\t\t\t\t\t<div class=\"elementor-container elementor-column-gap-default\">\n\t\t\t\t\t<div class=\"elementor-column elementor-col-16 elementor-top-column elementor-element elementor-element-b3dd36d\" data-id=\"b3dd36d\" data-element_type=\"column\">\n\t\t\t<div class=\"elementor-widget-wrap\">\n\t\t\t\t\t\t\t<\/div>\n\t\t<\/div>\n\t\t\t\t<div class=\"elementor-column elementor-col-66 elementor-top-column elementor-element elementor-element-9bb26b9\" data-id=\"9bb26b9\" data-element_type=\"column\">\n\t\t\t<div class=\"elementor-widget-wrap elementor-element-populated\">\n\t\t\t\t\t\t<div class=\"elementor-element elementor-element-78c5f5c elementor-widget elementor-widget-text-editor\" data-id=\"78c5f5c\" data-element_type=\"widget\" data-widget_type=\"text-editor.default\">\n\t\t\t\t<div class=\"elementor-widget-container\">\n\t\t\t\t\t\t\t\t\t<p style=\"font-family: Tahoma, Arial\"> Diese Konflikte f\u00fchrte zu einem explosionsartigen Wachstum der Stadt. Strassenkinder und ehemalige Kindersoldaten erhoffen sich in dieser Stadt ein gesichertes Leben. Etliche von ihnen sind Waisen. Um zu \u00fcberleben betteln sie auf der Strasse und in M\u00e4rkten, erledigen Arbeiten vom Schuhputzen bis zum Flaschensammeln und stehlen Geld und Lebensmittel.<\/p>\t\t\t\t\t\t\t\t<\/div>\n\t\t\t\t<\/div>\n\t\t\t\t\t<\/div>\n\t\t<\/div>\n\t\t\t\t<div class=\"elementor-column elementor-col-16 elementor-top-column elementor-element elementor-element-5d545ee\" data-id=\"5d545ee\" data-element_type=\"column\">\n\t\t\t<div class=\"elementor-widget-wrap\">\n\t\t\t\t\t\t\t<\/div>\n\t\t<\/div>\n\t\t\t\t\t<\/div>\n\t\t<\/section>\n\t\t\t\t<section class=\"elementor-section elementor-top-section elementor-element elementor-element-9caa88c elementor-section-boxed elementor-section-height-default elementor-section-height-default\" data-id=\"9caa88c\" data-element_type=\"section\">\n\t\t\t\t\t\t<div class=\"elementor-container elementor-column-gap-default\">\n\t\t\t\t\t<div class=\"elementor-column elementor-col-16 elementor-top-column elementor-element elementor-element-39f7be6\" data-id=\"39f7be6\" data-element_type=\"column\">\n\t\t\t<div class=\"elementor-widget-wrap\">\n\t\t\t\t\t\t\t<\/div>\n\t\t<\/div>\n\t\t\t\t<div class=\"elementor-column elementor-col-66 elementor-top-column elementor-element elementor-element-c634197\" data-id=\"c634197\" data-element_type=\"column\">\n\t\t\t<div class=\"elementor-widget-wrap elementor-element-populated\">\n\t\t\t\t\t\t<div class=\"elementor-element elementor-element-b9ced59 elementor-invisible elementor-widget elementor-widget-image\" data-id=\"b9ced59\" data-element_type=\"widget\" data-settings=\"{&quot;_animation&quot;:&quot;fadeInUp&quot;}\" data-widget_type=\"image.default\">\n\t\t\t\t<div class=\"elementor-widget-container\">\n\t\t\t\t\t\t\t\t\t\t\t\t\t\t\t<img decoding=\"async\" width=\"784\" height=\"440\" src=\"https:\/\/baraza.ch\/wp-content\/uploads\/2019\/10\/Strassenjunge.jpg\" class=\"attachment-large size-large wp-image-230\" alt=\"\" srcset=\"https:\/\/baraza.ch\/wp-content\/uploads\/2019\/10\/Strassenjunge.jpg 960w, https:\/\/baraza.ch\/wp-content\/uploads\/2019\/10\/Strassenjunge-300x168.jpg 300w, https:\/\/baraza.ch\/wp-content\/uploads\/2019\/10\/Strassenjunge-768x431.jpg 768w\" sizes=\"(max-width: 784px) 100vw, 784px\" \/>\t\t\t\t\t\t\t\t\t\t\t\t\t\t\t<\/div>\n\t\t\t\t<\/div>\n\t\t\t\t\t<\/div>\n\t\t<\/div>\n\t\t\t\t<div class=\"elementor-column elementor-col-16 elementor-top-column elementor-element elementor-element-bb86ac5\" data-id=\"bb86ac5\" data-element_type=\"column\">\n\t\t\t<div class=\"elementor-widget-wrap\">\n\t\t\t\t\t\t\t<\/div>\n\t\t<\/div>\n\t\t\t\t\t<\/div>\n\t\t<\/section>\n\t\t\t\t<\/div>\n\t\t","protected":false},"excerpt":{"rendered":"<p>Kontext Mit einer Fl\u00e4che von 2&#8217;344\u2019858 km2 ist der Kongo etwa 57 mal so gross wir die Schweiz oder etwas mehr als 6 Mal so gross wie Deutschland. Sch\u00e4tzungsweise 115 Mio. Einwohner, welche ca. 214 verschiedene Sprachen sprechen, wohnen in dem Land. Die Amtssprachen sind Franz\u00f6sisch, Lingala, Kikongo, Tschiluba und Suaheli.Der Kongo ist eine ehemalige&hellip;<\/p>\n","protected":false},"author":1,"featured_media":0,"parent":0,"menu_order":0,"comment_status":"closed","ping_status":"closed","template":"page-templates\/fullscreen-page.php","meta":{"footnotes":""},"class_list":["post-192","page","type-page","status-publish","hentry","comments-closed","no-comments"],"_links":{"self":[{"href":"https:\/\/baraza.ch\/index.php\/wp-json\/wp\/v2\/pages\/192","targetHints":{"allow":["GET"]}}],"collection":[{"href":"https:\/\/baraza.ch\/index.php\/wp-json\/wp\/v2\/pages"}],"about":[{"href":"https:\/\/baraza.ch\/index.php\/wp-json\/wp\/v2\/types\/page"}],"author":[{"embeddable":true,"href":"https:\/\/baraza.ch\/index.php\/wp-json\/wp\/v2\/users\/1"}],"replies":[{"embeddable":true,"href":"https:\/\/baraza.ch\/index.php\/wp-json\/wp\/v2\/comments?post=192"}],"version-history":[{"count":26,"href":"https:\/\/baraza.ch\/index.php\/wp-json\/wp\/v2\/pages\/192\/revisions"}],"predecessor-version":[{"id":1129,"href":"https:\/\/baraza.ch\/index.php\/wp-json\/wp\/v2\/pages\/192\/revisions\/1129"}],"wp:attachment":[{"href":"https:\/\/baraza.ch\/index.php\/wp-json\/wp\/v2\/media?parent=192"}],"curies":[{"name":"wp","href":"https:\/\/api.w.org\/{rel}","templated":true}]}}