{"id":279,"date":"2019-10-09T13:44:02","date_gmt":"2019-10-09T13:44:02","guid":{"rendered":"https:\/\/baraza.ch\/?page_id=279"},"modified":"2025-08-06T13:42:26","modified_gmt":"2025-08-06T13:42:26","slug":"kontakt","status":"publish","type":"page","link":"https:\/\/baraza.ch\/index.php\/kontakt\/","title":{"rendered":"Kontakt"},"content":{"rendered":"\t\t<div data-elementor-type=\"wp-page\" data-elementor-id=\"279\" class=\"elementor elementor-279\">\n\t\t\t\t\t\t<section class=\"elementor-section elementor-top-section elementor-element elementor-element-20db8f69 elementor-section-boxed elementor-section-height-default elementor-section-height-default\" data-id=\"20db8f69\" data-element_type=\"section\">\n\t\t\t\t\t\t<div class=\"elementor-container elementor-column-gap-default\">\n\t\t\t\t\t<div class=\"elementor-column elementor-col-100 elementor-top-column elementor-element elementor-element-3ea011ea\" data-id=\"3ea011ea\" data-element_type=\"column\">\n\t\t\t<div class=\"elementor-widget-wrap\">\n\t\t\t\t\t\t\t<\/div>\n\t\t<\/div>\n\t\t\t\t\t<\/div>\n\t\t<\/section>\n\t\t\t\t<section class=\"elementor-section elementor-top-section elementor-element elementor-element-155b829 elementor-section-boxed elementor-section-height-default elementor-section-height-default\" data-id=\"155b829\" data-element_type=\"section\">\n\t\t\t\t\t\t<div class=\"elementor-container elementor-column-gap-default\">\n\t\t\t\t\t<div class=\"elementor-column elementor-col-16 elementor-top-column elementor-element elementor-element-7ff14ec\" data-id=\"7ff14ec\" data-element_type=\"column\">\n\t\t\t<div class=\"elementor-widget-wrap\">\n\t\t\t\t\t\t\t<\/div>\n\t\t<\/div>\n\t\t\t\t<div class=\"elementor-column elementor-col-66 elementor-top-column elementor-element elementor-element-eea3c17\" data-id=\"eea3c17\" data-element_type=\"column\">\n\t\t\t<div class=\"elementor-widget-wrap elementor-element-populated\">\n\t\t\t\t\t\t<div class=\"elementor-element elementor-element-7477f43 elementor-widget elementor-widget-heading\" data-id=\"7477f43\" data-element_type=\"widget\" data-widget_type=\"heading.default\">\n\t\t\t\t<div class=\"elementor-widget-container\">\n\t\t\t\t\t<h2 class=\"elementor-heading-title elementor-size-default\">Kontakt<\/h2>\t\t\t\t<\/div>\n\t\t\t\t<\/div>\n\t\t\t\t\t<\/div>\n\t\t<\/div>\n\t\t\t\t<div class=\"elementor-column elementor-col-16 elementor-top-column elementor-element elementor-element-dec905c\" data-id=\"dec905c\" data-element_type=\"column\">\n\t\t\t<div class=\"elementor-widget-wrap\">\n\t\t\t\t\t\t\t<\/div>\n\t\t<\/div>\n\t\t\t\t\t<\/div>\n\t\t<\/section>\n\t\t\t\t<section class=\"elementor-section elementor-top-section elementor-element elementor-element-af44166 elementor-section-boxed elementor-section-height-default elementor-section-height-default\" data-id=\"af44166\" data-element_type=\"section\">\n\t\t\t\t\t\t<div class=\"elementor-container elementor-column-gap-default\">\n\t\t\t\t\t<div class=\"elementor-column elementor-col-25 elementor-top-column elementor-element elementor-element-b82532c\" data-id=\"b82532c\" data-element_type=\"column\">\n\t\t\t<div class=\"elementor-widget-wrap\">\n\t\t\t\t\t\t\t<\/div>\n\t\t<\/div>\n\t\t\t\t<div class=\"elementor-column elementor-col-25 elementor-top-column elementor-element elementor-element-21a214d\" data-id=\"21a214d\" data-element_type=\"column\">\n\t\t\t<div class=\"elementor-widget-wrap elementor-element-populated\">\n\t\t\t\t\t\t<div class=\"elementor-element elementor-element-d93f56f elementor-widget elementor-widget-text-editor\" data-id=\"d93f56f\" data-element_type=\"widget\" data-widget_type=\"text-editor.default\">\n\t\t\t\t<div class=\"elementor-widget-container\">\n\t\t\t\t\t\t\t\t\t<p style=\"font-family: Tahoma, Arial;\"><strong>Verein Baraza<\/strong><br \/>c\/o Benjamin Br\u00fcgger<br \/>Kirchstrasse 26<br \/>8583 Sulgen<br \/>baraza@gmx.ch<\/p><p style=\"font-family: Tahoma, Arial;\"><strong>Spendenkonto:<\/strong><br \/>Postkonto Schweiz: 85-726112-6<br \/>Baraza, 8583 Sulgen<br \/>IBAN: CH32 0900 0000 8572 6112 6<br \/>BIC: POFICHBEXXX<\/p><p style=\"font-family: Tahoma, Arial;\">Spenden werden j\u00e4hrlich verdankt, mit Ausnahme von Betr\u00e4gen \u00fcber 300 CHF. So sparen wir an Verwaltungskosten.<\/p><p style=\"font-family: Tahoma, Arial;\">Der Verein Baraza ist gemeinn\u00fctzig anerkannt und Spenden k\u00f6nnen somit von den Steuern abgezogen werden.<\/p><p style=\"font-family: Tahoma, Arial;\">\u00a0<\/p>\t\t\t\t\t\t\t\t<\/div>\n\t\t\t\t<\/div>\n\t\t\t\t\t<\/div>\n\t\t<\/div>\n\t\t\t\t<div class=\"elementor-column elementor-col-25 elementor-top-column elementor-element elementor-element-cd1bf3b\" data-id=\"cd1bf3b\" data-element_type=\"column\">\n\t\t\t<div class=\"elementor-widget-wrap elementor-element-populated\">\n\t\t\t\t\t\t<div class=\"elementor-element elementor-element-6f97836 elementor-invisible elementor-widget elementor-widget-image\" data-id=\"6f97836\" data-element_type=\"widget\" data-settings=\"{&quot;_animation&quot;:&quot;fadeInUp&quot;}\" data-widget_type=\"image.default\">\n\t\t\t\t<div class=\"elementor-widget-container\">\n\t\t\t\t\t\t\t\t\t\t\t\t\t\t\t<img fetchpriority=\"high\" decoding=\"async\" width=\"405\" height=\"540\" src=\"https:\/\/baraza.ch\/wp-content\/uploads\/2019\/10\/Lesen.jpg\" class=\"attachment-large size-large wp-image-241\" alt=\"\" srcset=\"https:\/\/baraza.ch\/wp-content\/uploads\/2019\/10\/Lesen.jpg 405w, https:\/\/baraza.ch\/wp-content\/uploads\/2019\/10\/Lesen-225x300.jpg 225w\" sizes=\"(max-width: 405px) 100vw, 405px\" \/>\t\t\t\t\t\t\t\t\t\t\t\t\t\t\t<\/div>\n\t\t\t\t<\/div>\n\t\t\t\t\t<\/div>\n\t\t<\/div>\n\t\t\t\t<div class=\"elementor-column elementor-col-25 elementor-top-column elementor-element elementor-element-3e13f02\" data-id=\"3e13f02\" data-element_type=\"column\">\n\t\t\t<div class=\"elementor-widget-wrap\">\n\t\t\t\t\t\t\t<\/div>\n\t\t<\/div>\n\t\t\t\t\t<\/div>\n\t\t<\/section>\n\t\t\t\t<section class=\"elementor-section elementor-top-section elementor-element elementor-element-d198e2e elementor-section-boxed elementor-section-height-default elementor-section-height-default\" data-id=\"d198e2e\" data-element_type=\"section\">\n\t\t\t\t\t\t<div class=\"elementor-container elementor-column-gap-default\">\n\t\t\t\t\t<div class=\"elementor-column elementor-col-16 elementor-top-column elementor-element elementor-element-830399d\" data-id=\"830399d\" data-element_type=\"column\">\n\t\t\t<div class=\"elementor-widget-wrap\">\n\t\t\t\t\t\t\t<\/div>\n\t\t<\/div>\n\t\t\t\t<div class=\"elementor-column elementor-col-66 elementor-top-column elementor-element elementor-element-8d8b92f\" data-id=\"8d8b92f\" data-element_type=\"column\">\n\t\t\t<div class=\"elementor-widget-wrap elementor-element-populated\">\n\t\t\t\t\t\t<div class=\"elementor-element elementor-element-6384290 elementor-widget elementor-widget-text-editor\" data-id=\"6384290\" data-element_type=\"widget\" data-widget_type=\"text-editor.default\">\n\t\t\t\t<div class=\"elementor-widget-container\">\n\t\t\t\t\t\t\t\t\t<p style=\"font-family: Tahoma, Arial;\">Unser <b>Newsletter<\/b>\u00a0informiert alle 3 Monate \u00fcber neue Entwicklungen, Projekte und Geschichten aus Bunia. \ud83d\udce9 Eine kurze Mail an\u00a0<b>baraza@gmx.ch<\/b>\u00a0gen\u00fcgt zur Anmeldung.<\/p>\t\t\t\t\t\t\t\t<\/div>\n\t\t\t\t<\/div>\n\t\t\t\t\t<\/div>\n\t\t<\/div>\n\t\t\t\t<div class=\"elementor-column elementor-col-16 elementor-top-column elementor-element elementor-element-eb886de\" data-id=\"eb886de\" data-element_type=\"column\">\n\t\t\t<div class=\"elementor-widget-wrap\">\n\t\t\t\t\t\t\t<\/div>\n\t\t<\/div>\n\t\t\t\t\t<\/div>\n\t\t<\/section>\n\t\t\t\t<\/div>\n\t\t","protected":false},"excerpt":{"rendered":"<p>Kontakt Verein Barazac\/o Benjamin Br\u00fcggerKirchstrasse 268583 Sulgenbaraza@gmx.ch Spendenkonto:Postkonto Schweiz: 85-726112-6Baraza, 8583 SulgenIBAN: CH32 0900 0000 8572 6112 6BIC: POFICHBEXXX Spenden werden j\u00e4hrlich verdankt, mit Ausnahme von Betr\u00e4gen \u00fcber 300 CHF. So sparen wir an Verwaltungskosten. Der Verein Baraza ist gemeinn\u00fctzig anerkannt und Spenden k\u00f6nnen somit von den Steuern abgezogen werden. \u00a0 Unser Newsletter\u00a0informiert alle 3&hellip;<\/p>\n","protected":false},"author":1,"featured_media":0,"parent":0,"menu_order":0,"comment_status":"closed","ping_status":"closed","template":"page-templates\/fullscreen-page.php","meta":{"footnotes":""},"class_list":["post-279","page","type-page","status-publish","hentry","comments-closed","no-comments"],"_links":{"self":[{"href":"https:\/\/baraza.ch\/index.php\/wp-json\/wp\/v2\/pages\/279","targetHints":{"allow":["GET"]}}],"collection":[{"href":"https:\/\/baraza.ch\/index.php\/wp-json\/wp\/v2\/pages"}],"about":[{"href":"https:\/\/baraza.ch\/index.php\/wp-json\/wp\/v2\/types\/page"}],"author":[{"embeddable":true,"href":"https:\/\/baraza.ch\/index.php\/wp-json\/wp\/v2\/users\/1"}],"replies":[{"embeddable":true,"href":"https:\/\/baraza.ch\/index.php\/wp-json\/wp\/v2\/comments?post=279"}],"version-history":[{"count":27,"href":"https:\/\/baraza.ch\/index.php\/wp-json\/wp\/v2\/pages\/279\/revisions"}],"predecessor-version":[{"id":1331,"href":"https:\/\/baraza.ch\/index.php\/wp-json\/wp\/v2\/pages\/279\/revisions\/1331"}],"wp:attachment":[{"href":"https:\/\/baraza.ch\/index.php\/wp-json\/wp\/v2\/media?parent=279"}],"curies":[{"name":"wp","href":"https:\/\/api.w.org\/{rel}","templated":true}]}}