{"id":328,"date":"2019-10-10T09:02:48","date_gmt":"2019-10-10T09:02:48","guid":{"rendered":"https:\/\/baraza.ch\/?page_id=328"},"modified":"2019-12-14T17:59:57","modified_gmt":"2019-12-14T17:59:57","slug":"fluechtlingskinder","status":"publish","type":"page","link":"https:\/\/baraza.ch\/index.php\/fluechtlingskinder\/","title":{"rendered":"Fl\u00fcchtlingskinder"},"content":{"rendered":"\t\t<div data-elementor-type=\"wp-page\" data-elementor-id=\"328\" class=\"elementor elementor-328\">\n\t\t\t\t\t\t<section class=\"elementor-section elementor-top-section elementor-element elementor-element-642fba3 elementor-section-boxed elementor-section-height-default elementor-section-height-default\" data-id=\"642fba3\" data-element_type=\"section\">\n\t\t\t\t\t\t<div class=\"elementor-container elementor-column-gap-default\">\n\t\t\t\t\t<div class=\"elementor-column elementor-col-16 elementor-top-column elementor-element elementor-element-c310946\" data-id=\"c310946\" data-element_type=\"column\">\n\t\t\t<div class=\"elementor-widget-wrap\">\n\t\t\t\t\t\t\t<\/div>\n\t\t<\/div>\n\t\t\t\t<div class=\"elementor-column elementor-col-66 elementor-top-column elementor-element elementor-element-c798e88\" data-id=\"c798e88\" data-element_type=\"column\">\n\t\t\t<div class=\"elementor-widget-wrap elementor-element-populated\">\n\t\t\t\t\t\t<div class=\"elementor-element elementor-element-ceeca29 elementor-widget elementor-widget-heading\" data-id=\"ceeca29\" data-element_type=\"widget\" data-widget_type=\"heading.default\">\n\t\t\t\t<div class=\"elementor-widget-container\">\n\t\t\t\t\t<h2 class=\"elementor-heading-title elementor-size-default\">Fl\u00fcchtlingskinder<\/h2>\t\t\t\t<\/div>\n\t\t\t\t<\/div>\n\t\t\t\t\t<\/div>\n\t\t<\/div>\n\t\t\t\t<div class=\"elementor-column elementor-col-16 elementor-top-column elementor-element elementor-element-f485dd3\" data-id=\"f485dd3\" data-element_type=\"column\">\n\t\t\t<div class=\"elementor-widget-wrap\">\n\t\t\t\t\t\t\t<\/div>\n\t\t<\/div>\n\t\t\t\t\t<\/div>\n\t\t<\/section>\n\t\t\t\t<section class=\"elementor-section elementor-top-section elementor-element elementor-element-121f2aa elementor-section-boxed elementor-section-height-default elementor-section-height-default\" data-id=\"121f2aa\" data-element_type=\"section\">\n\t\t\t\t\t\t<div class=\"elementor-container elementor-column-gap-default\">\n\t\t\t\t\t<div class=\"elementor-column elementor-col-16 elementor-top-column elementor-element elementor-element-8f0e7e8\" data-id=\"8f0e7e8\" data-element_type=\"column\">\n\t\t\t<div class=\"elementor-widget-wrap\">\n\t\t\t\t\t\t\t<\/div>\n\t\t<\/div>\n\t\t\t\t<div class=\"elementor-column elementor-col-66 elementor-top-column elementor-element elementor-element-c40a278\" data-id=\"c40a278\" data-element_type=\"column\">\n\t\t\t<div class=\"elementor-widget-wrap elementor-element-populated\">\n\t\t\t\t\t\t<div class=\"elementor-element elementor-element-b6cd1a4 elementor-widget elementor-widget-text-editor\" data-id=\"b6cd1a4\" data-element_type=\"widget\" data-widget_type=\"text-editor.default\">\n\t\t\t\t<div class=\"elementor-widget-container\">\n\t\t\t\t\t\t\t\t\tNur schwer vorstellbar ist das Erlebte der Fl\u00fcchtlinge aus der Region Djugu, n\u00f6rdlich der Stadt Bunia. F\u00fcr viele begann es im Dezember 2017, als sich die Lage verschlimmerte. Unbekannte Rebellen drangen vermehrt und wiederholt in \u00fcber 70 D\u00f6rfer ein, brannten diese nieder, vergewaltigten Frauen und Kinder, t\u00f6teten willk\u00fcrlich und verschwanden dann wieder. Um die 300\u2018000 Personen begaben sich auf die Flucht. Zehntausende flohen auch nach Bunia und kamen dort in zwei Fl\u00fcchtlingslagern oder bei Gastfamilien unter.\t\t\t\t\t\t\t\t<\/div>\n\t\t\t\t<\/div>\n\t\t\t\t\t<\/div>\n\t\t<\/div>\n\t\t\t\t<div class=\"elementor-column elementor-col-16 elementor-top-column elementor-element elementor-element-abb3b0e\" data-id=\"abb3b0e\" data-element_type=\"column\">\n\t\t\t<div class=\"elementor-widget-wrap\">\n\t\t\t\t\t\t\t<\/div>\n\t\t<\/div>\n\t\t\t\t\t<\/div>\n\t\t<\/section>\n\t\t\t\t<section class=\"elementor-section elementor-top-section elementor-element elementor-element-9e541e0 elementor-section-boxed elementor-section-height-default elementor-section-height-default\" data-id=\"9e541e0\" data-element_type=\"section\">\n\t\t\t\t\t\t<div class=\"elementor-container elementor-column-gap-default\">\n\t\t\t\t\t<div class=\"elementor-column elementor-col-16 elementor-top-column elementor-element elementor-element-ca3583b\" data-id=\"ca3583b\" data-element_type=\"column\">\n\t\t\t<div class=\"elementor-widget-wrap\">\n\t\t\t\t\t\t\t<\/div>\n\t\t<\/div>\n\t\t\t\t<div class=\"elementor-column elementor-col-66 elementor-top-column elementor-element elementor-element-28e5cb1\" data-id=\"28e5cb1\" data-element_type=\"column\">\n\t\t\t<div class=\"elementor-widget-wrap elementor-element-populated\">\n\t\t\t\t\t\t<div class=\"elementor-element elementor-element-6559fbc elementor-invisible elementor-widget elementor-widget-image\" data-id=\"6559fbc\" data-element_type=\"widget\" data-settings=\"{&quot;_animation&quot;:&quot;fadeInUp&quot;}\" data-widget_type=\"image.default\">\n\t\t\t\t<div class=\"elementor-widget-container\">\n\t\t\t\t\t\t\t\t\t\t\t\t\t\t\t<img fetchpriority=\"high\" decoding=\"async\" width=\"784\" height=\"383\" src=\"https:\/\/baraza.ch\/wp-content\/uploads\/2019\/10\/Fl\u00fcchtlingscamp-1024x500.png\" class=\"attachment-large size-large wp-image-337\" alt=\"\" srcset=\"https:\/\/baraza.ch\/wp-content\/uploads\/2019\/10\/Fl\u00fcchtlingscamp-1024x500.png 1024w, https:\/\/baraza.ch\/wp-content\/uploads\/2019\/10\/Fl\u00fcchtlingscamp-300x146.png 300w, https:\/\/baraza.ch\/wp-content\/uploads\/2019\/10\/Fl\u00fcchtlingscamp-768x375.png 768w, https:\/\/baraza.ch\/wp-content\/uploads\/2019\/10\/Fl\u00fcchtlingscamp.png 1481w\" sizes=\"(max-width: 784px) 100vw, 784px\" \/>\t\t\t\t\t\t\t\t\t\t\t\t\t\t\t<\/div>\n\t\t\t\t<\/div>\n\t\t\t\t\t<\/div>\n\t\t<\/div>\n\t\t\t\t<div class=\"elementor-column elementor-col-16 elementor-top-column elementor-element elementor-element-3e76fc0\" data-id=\"3e76fc0\" data-element_type=\"column\">\n\t\t\t<div class=\"elementor-widget-wrap\">\n\t\t\t\t\t\t\t<\/div>\n\t\t<\/div>\n\t\t\t\t\t<\/div>\n\t\t<\/section>\n\t\t\t\t<section class=\"elementor-section elementor-top-section elementor-element elementor-element-9f1dc2b elementor-section-boxed elementor-section-height-default elementor-section-height-default\" data-id=\"9f1dc2b\" data-element_type=\"section\">\n\t\t\t\t\t\t<div class=\"elementor-container elementor-column-gap-default\">\n\t\t\t\t\t<div class=\"elementor-column elementor-col-16 elementor-top-column elementor-element elementor-element-b9eb9c8\" data-id=\"b9eb9c8\" data-element_type=\"column\">\n\t\t\t<div class=\"elementor-widget-wrap\">\n\t\t\t\t\t\t\t<\/div>\n\t\t<\/div>\n\t\t\t\t<div class=\"elementor-column elementor-col-66 elementor-top-column elementor-element elementor-element-dc06e4a\" data-id=\"dc06e4a\" data-element_type=\"column\">\n\t\t\t<div class=\"elementor-widget-wrap elementor-element-populated\">\n\t\t\t\t\t\t<div class=\"elementor-element elementor-element-1e19391 elementor-widget elementor-widget-heading\" data-id=\"1e19391\" data-element_type=\"widget\" data-widget_type=\"heading.default\">\n\t\t\t\t<div class=\"elementor-widget-container\">\n\t\t\t\t\t<h2 class=\"elementor-heading-title elementor-size-default\">Schule und Nahrungsmittel<\/h2>\t\t\t\t<\/div>\n\t\t\t\t<\/div>\n\t\t\t\t\t<\/div>\n\t\t<\/div>\n\t\t\t\t<div class=\"elementor-column elementor-col-16 elementor-top-column elementor-element elementor-element-ce20cf4\" data-id=\"ce20cf4\" data-element_type=\"column\">\n\t\t\t<div class=\"elementor-widget-wrap\">\n\t\t\t\t\t\t\t<\/div>\n\t\t<\/div>\n\t\t\t\t\t<\/div>\n\t\t<\/section>\n\t\t\t\t<section class=\"elementor-section elementor-top-section elementor-element elementor-element-062bb5b elementor-section-boxed elementor-section-height-default elementor-section-height-default\" data-id=\"062bb5b\" data-element_type=\"section\">\n\t\t\t\t\t\t<div class=\"elementor-container elementor-column-gap-default\">\n\t\t\t\t\t<div class=\"elementor-column elementor-col-16 elementor-top-column elementor-element elementor-element-2108741\" data-id=\"2108741\" data-element_type=\"column\">\n\t\t\t<div class=\"elementor-widget-wrap\">\n\t\t\t\t\t\t\t<\/div>\n\t\t<\/div>\n\t\t\t\t<div class=\"elementor-column elementor-col-66 elementor-top-column elementor-element elementor-element-922a24d\" data-id=\"922a24d\" data-element_type=\"column\">\n\t\t\t<div class=\"elementor-widget-wrap elementor-element-populated\">\n\t\t\t\t\t\t<div class=\"elementor-element elementor-element-1ced0f1 elementor-widget elementor-widget-text-editor\" data-id=\"1ced0f1\" data-element_type=\"widget\" data-widget_type=\"text-editor.default\">\n\t\t\t\t<div class=\"elementor-widget-container\">\n\t\t\t\t\t\t\t\t\tWenige Organisationen nahmen sich ihrer an. Es mangelte an Nahrungsmitteln, medizinischer Betreuung und vielem mehr. Eine lokale Kirche versuchte die Vertriebenen so gut wie m\u00f6glich zu unterst\u00fctzen und berief eine Taskforce von sechs Personen ein, darunter Jacques Djadri, Leiter des House of Grace. Diese ermittelte, wie die Fl\u00fcchtlinge am besten unterst\u00fctzt werden konnten. Die Taskforce ging von Wohnort zu Wohnort und schauten, was die Bed\u00fcrfnisse der Fl\u00fcchtlinge seien, damit gezielt geholfen werden konnte. Es mangelte vor allem an Nahrungsmitteln und Schulgeld . Eine grosse Not war ebenfalls die medizinische Versorgung. Hier konnte einiges an Hilfe von anderen Organisationen und dem Spital \u201eRwankole\u201c angeboten werden, welches die Fl\u00fcchtlinge unentgeltlich behandelte\t\t\t\t\t\t\t\t<\/div>\n\t\t\t\t<\/div>\n\t\t\t\t\t<\/div>\n\t\t<\/div>\n\t\t\t\t<div class=\"elementor-column elementor-col-16 elementor-top-column elementor-element elementor-element-5dcc358\" data-id=\"5dcc358\" data-element_type=\"column\">\n\t\t\t<div class=\"elementor-widget-wrap\">\n\t\t\t\t\t\t\t<\/div>\n\t\t<\/div>\n\t\t\t\t\t<\/div>\n\t\t<\/section>\n\t\t\t\t<section class=\"elementor-section elementor-top-section elementor-element elementor-element-758eb44 elementor-section-boxed elementor-section-height-default elementor-section-height-default\" data-id=\"758eb44\" data-element_type=\"section\">\n\t\t\t\t\t\t<div class=\"elementor-container elementor-column-gap-default\">\n\t\t\t\t\t<div class=\"elementor-column elementor-col-16 elementor-top-column elementor-element elementor-element-4f8375c\" data-id=\"4f8375c\" data-element_type=\"column\">\n\t\t\t<div class=\"elementor-widget-wrap\">\n\t\t\t\t\t\t\t<\/div>\n\t\t<\/div>\n\t\t\t\t<div class=\"elementor-column elementor-col-66 elementor-top-column elementor-element elementor-element-f5e6659\" data-id=\"f5e6659\" data-element_type=\"column\">\n\t\t\t<div class=\"elementor-widget-wrap elementor-element-populated\">\n\t\t\t\t\t\t<div class=\"elementor-element elementor-element-067a0a5 elementor-invisible elementor-widget elementor-widget-image\" data-id=\"067a0a5\" data-element_type=\"widget\" data-settings=\"{&quot;_animation&quot;:&quot;fadeInUp&quot;}\" data-widget_type=\"image.default\">\n\t\t\t\t<div class=\"elementor-widget-container\">\n\t\t\t\t\t\t\t\t\t\t\t\t\t\t\t<img decoding=\"async\" width=\"717\" height=\"404\" src=\"https:\/\/baraza.ch\/wp-content\/uploads\/2019\/10\/Essensverteilung.jpg\" class=\"attachment-large size-large wp-image-336\" alt=\"\" srcset=\"https:\/\/baraza.ch\/wp-content\/uploads\/2019\/10\/Essensverteilung.jpg 717w, https:\/\/baraza.ch\/wp-content\/uploads\/2019\/10\/Essensverteilung-300x169.jpg 300w\" sizes=\"(max-width: 717px) 100vw, 717px\" \/>\t\t\t\t\t\t\t\t\t\t\t\t\t\t\t<\/div>\n\t\t\t\t<\/div>\n\t\t\t\t\t<\/div>\n\t\t<\/div>\n\t\t\t\t<div class=\"elementor-column elementor-col-16 elementor-top-column elementor-element elementor-element-1d2cc19\" data-id=\"1d2cc19\" data-element_type=\"column\">\n\t\t\t<div class=\"elementor-widget-wrap\">\n\t\t\t\t\t\t\t<\/div>\n\t\t<\/div>\n\t\t\t\t\t<\/div>\n\t\t<\/section>\n\t\t\t\t<section class=\"elementor-section elementor-top-section elementor-element elementor-element-a1aea23 elementor-section-boxed elementor-section-height-default elementor-section-height-default\" data-id=\"a1aea23\" data-element_type=\"section\">\n\t\t\t\t\t\t<div class=\"elementor-container elementor-column-gap-default\">\n\t\t\t\t\t<div class=\"elementor-column elementor-col-16 elementor-top-column elementor-element elementor-element-be0069e\" data-id=\"be0069e\" data-element_type=\"column\">\n\t\t\t<div class=\"elementor-widget-wrap\">\n\t\t\t\t\t\t\t<\/div>\n\t\t<\/div>\n\t\t\t\t<div class=\"elementor-column elementor-col-66 elementor-top-column elementor-element elementor-element-91e3e24\" data-id=\"91e3e24\" data-element_type=\"column\">\n\t\t\t<div class=\"elementor-widget-wrap elementor-element-populated\">\n\t\t\t\t\t\t<div class=\"elementor-element elementor-element-2014aad elementor-widget elementor-widget-text-editor\" data-id=\"2014aad\" data-element_type=\"widget\" data-widget_type=\"text-editor.default\">\n\t\t\t\t<div class=\"elementor-widget-container\">\n\t\t\t\t\t\t\t\t\tF\u00fcr diese Krisensituation sind beim Verein Baraza 7758.90 CHF eingegangen. Mit 1500 CHF konnten Nahrungsmittel f\u00fcr die bei Gastfamilien untergekommenen Fl\u00fcchtlinge gekauft und verteilt werden, vor allem Reis und Bohnen. Ebenfalls gab es vereinzelte Kleidungsst\u00fccke, die f\u00fcr M\u00fctter gekauft wurden. Die Taskforce ging von Wohnort zu Wohnort und schauten, was die Bed\u00fcrfnisse der Fl\u00fcchtlinge seien, damit gezielt geholfen werden konnte.\n\nIm August konnten f\u00fcr 2470 USD 2500 kg Reis, 400 l \u00d6l und 50 kg Zucker gekauft und in einem Fl\u00fcchtlingslager verteilt werden. In diesem Lager war die Not besonders gross, da seit gut 2 Wochen keine Nahrungsmittel mehr verteilt wurden. Der Zucker ging wurde vor allem bei der Station f\u00fcr unterern\u00e4hrte Kinder abgegeben.\t\t\t\t\t\t\t\t<\/div>\n\t\t\t\t<\/div>\n\t\t\t\t\t<\/div>\n\t\t<\/div>\n\t\t\t\t<div class=\"elementor-column elementor-col-16 elementor-top-column elementor-element elementor-element-57799d7\" data-id=\"57799d7\" data-element_type=\"column\">\n\t\t\t<div class=\"elementor-widget-wrap\">\n\t\t\t\t\t\t\t<\/div>\n\t\t<\/div>\n\t\t\t\t\t<\/div>\n\t\t<\/section>\n\t\t\t\t<section class=\"elementor-section elementor-top-section elementor-element elementor-element-4cd3375 elementor-section-boxed elementor-section-height-default elementor-section-height-default\" data-id=\"4cd3375\" data-element_type=\"section\">\n\t\t\t\t\t\t<div class=\"elementor-container elementor-column-gap-default\">\n\t\t\t\t\t<div class=\"elementor-column elementor-col-16 elementor-top-column elementor-element elementor-element-7ea42d1\" data-id=\"7ea42d1\" data-element_type=\"column\">\n\t\t\t<div class=\"elementor-widget-wrap\">\n\t\t\t\t\t\t\t<\/div>\n\t\t<\/div>\n\t\t\t\t<div class=\"elementor-column elementor-col-66 elementor-top-column elementor-element elementor-element-6cd3258\" data-id=\"6cd3258\" data-element_type=\"column\">\n\t\t\t<div class=\"elementor-widget-wrap elementor-element-populated\">\n\t\t\t\t\t\t<div class=\"elementor-element elementor-element-35258f8 elementor-invisible elementor-widget elementor-widget-image\" data-id=\"35258f8\" data-element_type=\"widget\" data-settings=\"{&quot;_animation&quot;:&quot;fadeInUp&quot;}\" data-widget_type=\"image.default\">\n\t\t\t\t<div class=\"elementor-widget-container\">\n\t\t\t\t\t\t\t\t\t\t\t\t\t\t\t<img decoding=\"async\" width=\"700\" height=\"386\" src=\"https:\/\/baraza.ch\/wp-content\/uploads\/2019\/10\/Schule-1.jpg\" class=\"attachment-large size-large wp-image-340\" alt=\"\" srcset=\"https:\/\/baraza.ch\/wp-content\/uploads\/2019\/10\/Schule-1.jpg 700w, https:\/\/baraza.ch\/wp-content\/uploads\/2019\/10\/Schule-1-300x165.jpg 300w\" sizes=\"(max-width: 700px) 100vw, 700px\" \/>\t\t\t\t\t\t\t\t\t\t\t\t\t\t\t<\/div>\n\t\t\t\t<\/div>\n\t\t\t\t\t<\/div>\n\t\t<\/div>\n\t\t\t\t<div class=\"elementor-column elementor-col-16 elementor-top-column elementor-element elementor-element-7977dbc\" data-id=\"7977dbc\" data-element_type=\"column\">\n\t\t\t<div class=\"elementor-widget-wrap\">\n\t\t\t\t\t\t\t<\/div>\n\t\t<\/div>\n\t\t\t\t\t<\/div>\n\t\t<\/section>\n\t\t\t\t<section class=\"elementor-section elementor-top-section elementor-element elementor-element-673b864 elementor-section-boxed elementor-section-height-default elementor-section-height-default\" data-id=\"673b864\" data-element_type=\"section\">\n\t\t\t\t\t\t<div class=\"elementor-container elementor-column-gap-default\">\n\t\t\t\t\t<div class=\"elementor-column elementor-col-16 elementor-top-column elementor-element elementor-element-d2ff8c7\" data-id=\"d2ff8c7\" data-element_type=\"column\">\n\t\t\t<div class=\"elementor-widget-wrap\">\n\t\t\t\t\t\t\t<\/div>\n\t\t<\/div>\n\t\t\t\t<div class=\"elementor-column elementor-col-66 elementor-top-column elementor-element elementor-element-25a7319\" data-id=\"25a7319\" data-element_type=\"column\">\n\t\t\t<div class=\"elementor-widget-wrap elementor-element-populated\">\n\t\t\t\t\t\t<div class=\"elementor-element elementor-element-8be71b7 elementor-widget elementor-widget-text-editor\" data-id=\"8be71b7\" data-element_type=\"widget\" data-widget_type=\"text-editor.default\">\n\t\t\t\t<div class=\"elementor-widget-container\">\n\t\t\t\t\t\t\t\t\tViele der Fl\u00fcchtlingskinder haben Traumatisches erlebt und gesehen. Da ihre Eltern Hab und Gut verloren haben, k\u00f6nnen sie nicht f\u00fcr das Schulgeld aufkommen. Wut \u00fcber das Erlebte, Hoffnungslosigkeit und keine sinnvolle Bet\u00e4tigung sind ein explosives Gemisch. In fr\u00fcheren Jahren wurden solche Kinder oft von bewaffneten Gruppierungen rekrutiert. Ein weiterer wichtiger Grund, ihnen Zugang zum Schulunterricht zu geben. Einige Schulen der Stadt Bunia entschieden sich also, Fl\u00fcchtlingskinder unentgeltlich zu beschulen. Zum Ende der Primarschule und Oberstufe m\u00fcssen die Sch\u00fcler jedoch eine staatliche Pr\u00fcfung absolvieren, damit sie ein Schuldiplom erhalten. Diese Pr\u00fcfungen werden in die Hauptstadt Kinshasa gesandt (etwa 1800km von Bunia entfernt!), dort werden die Diplome ausgestellt und nach Bunia zur\u00fcckgeschickt. Der Staat beharrt darauf, dass alle diese Pr\u00fcfungsgeb\u00fchren bezahlen, um ein Diplom zu erhalten (47 CHF pro Kind f\u00fcr die Oberstufe, 9.40 CHF f\u00fcr die Primarschule). Damit die Kinder diese Pr\u00fcfungen abschliessen konnten und nicht aus der Schule ausgeschlossen werden, wurden 3700 CHF der Spenden daf\u00fcr eingesetzt. Insgesamt profitierten 153 Kinder: 94 Oberstufen- und 59 Primarschulkinder. Dazu besuchte die Taksforce 15 verschiedene Schulen. Die Kinder kamen mit ihren Eltern zu diesen Schulen (Foto). Die Freude der Eltern und der Sch\u00fclerinnen und Sch\u00fcler \u00fcber diese Unterst\u00fctzung war riesig. Sie bedankten sich ganz herzlich.\t\t\t\t\t\t\t\t<\/div>\n\t\t\t\t<\/div>\n\t\t\t\t\t<\/div>\n\t\t<\/div>\n\t\t\t\t<div class=\"elementor-column elementor-col-16 elementor-top-column elementor-element elementor-element-c4a4372\" data-id=\"c4a4372\" data-element_type=\"column\">\n\t\t\t<div class=\"elementor-widget-wrap\">\n\t\t\t\t\t\t\t<\/div>\n\t\t<\/div>\n\t\t\t\t\t<\/div>\n\t\t<\/section>\n\t\t\t\t<section class=\"elementor-section elementor-top-section elementor-element elementor-element-812b21d elementor-section-boxed elementor-section-height-default elementor-section-height-default\" data-id=\"812b21d\" data-element_type=\"section\">\n\t\t\t\t\t\t<div class=\"elementor-container elementor-column-gap-default\">\n\t\t\t\t\t<div class=\"elementor-column elementor-col-16 elementor-top-column elementor-element elementor-element-c8e6fe2\" data-id=\"c8e6fe2\" data-element_type=\"column\">\n\t\t\t<div class=\"elementor-widget-wrap\">\n\t\t\t\t\t\t\t<\/div>\n\t\t<\/div>\n\t\t\t\t<div class=\"elementor-column elementor-col-66 elementor-top-column elementor-element elementor-element-e0d509b\" data-id=\"e0d509b\" data-element_type=\"column\">\n\t\t\t<div class=\"elementor-widget-wrap elementor-element-populated\">\n\t\t\t\t\t\t<div class=\"elementor-element elementor-element-55ad108 elementor-widget elementor-widget-heading\" data-id=\"55ad108\" data-element_type=\"widget\" data-widget_type=\"heading.default\">\n\t\t\t\t<div class=\"elementor-widget-container\">\n\t\t\t\t\t<h2 class=\"elementor-heading-title elementor-size-default\">Projektabschluss<\/h2>\t\t\t\t<\/div>\n\t\t\t\t<\/div>\n\t\t\t\t\t<\/div>\n\t\t<\/div>\n\t\t\t\t<div class=\"elementor-column elementor-col-16 elementor-top-column elementor-element elementor-element-aaf50d2\" data-id=\"aaf50d2\" data-element_type=\"column\">\n\t\t\t<div class=\"elementor-widget-wrap\">\n\t\t\t\t\t\t\t<\/div>\n\t\t<\/div>\n\t\t\t\t\t<\/div>\n\t\t<\/section>\n\t\t\t\t<section class=\"elementor-section elementor-top-section elementor-element elementor-element-9ae1a7b elementor-section-boxed elementor-section-height-default elementor-section-height-default\" data-id=\"9ae1a7b\" data-element_type=\"section\">\n\t\t\t\t\t\t<div class=\"elementor-container elementor-column-gap-default\">\n\t\t\t\t\t<div class=\"elementor-column elementor-col-16 elementor-top-column elementor-element elementor-element-b6e3cf9\" data-id=\"b6e3cf9\" data-element_type=\"column\">\n\t\t\t<div class=\"elementor-widget-wrap\">\n\t\t\t\t\t\t\t<\/div>\n\t\t<\/div>\n\t\t\t\t<div class=\"elementor-column elementor-col-66 elementor-top-column elementor-element elementor-element-5abc573\" data-id=\"5abc573\" data-element_type=\"column\">\n\t\t\t<div class=\"elementor-widget-wrap elementor-element-populated\">\n\t\t\t\t\t\t<div class=\"elementor-element elementor-element-da04088 elementor-invisible elementor-widget elementor-widget-image\" data-id=\"da04088\" data-element_type=\"widget\" data-settings=\"{&quot;_animation&quot;:&quot;fadeInUp&quot;}\" data-widget_type=\"image.default\">\n\t\t\t\t<div class=\"elementor-widget-container\">\n\t\t\t\t\t\t\t\t\t\t\t\t\t\t\t<img loading=\"lazy\" decoding=\"async\" width=\"720\" height=\"540\" src=\"https:\/\/baraza.ch\/wp-content\/uploads\/2019\/10\/Fl\u00fcchtlingskinder.jpg\" class=\"attachment-large size-large wp-image-342\" alt=\"\" srcset=\"https:\/\/baraza.ch\/wp-content\/uploads\/2019\/10\/Fl\u00fcchtlingskinder.jpg 720w, https:\/\/baraza.ch\/wp-content\/uploads\/2019\/10\/Fl\u00fcchtlingskinder-300x225.jpg 300w\" sizes=\"(max-width: 720px) 100vw, 720px\" \/>\t\t\t\t\t\t\t\t\t\t\t\t\t\t\t<\/div>\n\t\t\t\t<\/div>\n\t\t\t\t\t<\/div>\n\t\t<\/div>\n\t\t\t\t<div class=\"elementor-column elementor-col-16 elementor-top-column elementor-element elementor-element-91bf7aa\" data-id=\"91bf7aa\" data-element_type=\"column\">\n\t\t\t<div class=\"elementor-widget-wrap\">\n\t\t\t\t\t\t\t<\/div>\n\t\t<\/div>\n\t\t\t\t\t<\/div>\n\t\t<\/section>\n\t\t\t\t<section class=\"elementor-section elementor-top-section elementor-element elementor-element-7368e8c elementor-section-boxed elementor-section-height-default elementor-section-height-default\" data-id=\"7368e8c\" data-element_type=\"section\">\n\t\t\t\t\t\t<div class=\"elementor-container elementor-column-gap-default\">\n\t\t\t\t\t<div class=\"elementor-column elementor-col-16 elementor-top-column elementor-element elementor-element-206acd7\" data-id=\"206acd7\" data-element_type=\"column\">\n\t\t\t<div class=\"elementor-widget-wrap\">\n\t\t\t\t\t\t\t<\/div>\n\t\t<\/div>\n\t\t\t\t<div class=\"elementor-column elementor-col-66 elementor-top-column elementor-element elementor-element-0d81be3\" data-id=\"0d81be3\" data-element_type=\"column\">\n\t\t\t<div class=\"elementor-widget-wrap elementor-element-populated\">\n\t\t\t\t\t\t<div class=\"elementor-element elementor-element-b5836a9 elementor-widget elementor-widget-text-editor\" data-id=\"b5836a9\" data-element_type=\"widget\" data-widget_type=\"text-editor.default\">\n\t\t\t\t<div class=\"elementor-widget-container\">\n\t\t\t\t\t\t\t\t\tDas Projekt wurde im Jahr 2018 abgeschlossen. Leider leben bis zum heutigen Zeitpunkt (Stand Oktober 2019) immer noch tausende Menschen in den Fl\u00fcchtlingslagern. Die Nothilfe durch den Verein Baraza hat das Leid jedoch kurzfristig etwas gemindert. \t\t\t\t\t\t\t\t<\/div>\n\t\t\t\t<\/div>\n\t\t\t\t\t<\/div>\n\t\t<\/div>\n\t\t\t\t<div class=\"elementor-column elementor-col-16 elementor-top-column elementor-element elementor-element-dbc7980\" data-id=\"dbc7980\" data-element_type=\"column\">\n\t\t\t<div class=\"elementor-widget-wrap\">\n\t\t\t\t\t\t\t<\/div>\n\t\t<\/div>\n\t\t\t\t\t<\/div>\n\t\t<\/section>\n\t\t\t\t<\/div>\n\t\t","protected":false},"excerpt":{"rendered":"<p>Fl\u00fcchtlingskinder Nur schwer vorstellbar ist das Erlebte der Fl\u00fcchtlinge aus der Region Djugu, n\u00f6rdlich der Stadt Bunia. F\u00fcr viele begann es im Dezember 2017, als sich die Lage verschlimmerte. Unbekannte Rebellen drangen vermehrt und wiederholt in \u00fcber 70 D\u00f6rfer ein, brannten diese nieder, vergewaltigten Frauen und Kinder, t\u00f6teten willk\u00fcrlich und verschwanden dann wieder. Um die&hellip;<\/p>\n","protected":false},"author":1,"featured_media":0,"parent":0,"menu_order":0,"comment_status":"closed","ping_status":"closed","template":"page-templates\/fullscreen-page.php","meta":{"footnotes":""},"class_list":["post-328","page","type-page","status-publish","hentry","comments-closed","no-comments"],"_links":{"self":[{"href":"https:\/\/baraza.ch\/index.php\/wp-json\/wp\/v2\/pages\/328","targetHints":{"allow":["GET"]}}],"collection":[{"href":"https:\/\/baraza.ch\/index.php\/wp-json\/wp\/v2\/pages"}],"about":[{"href":"https:\/\/baraza.ch\/index.php\/wp-json\/wp\/v2\/types\/page"}],"author":[{"embeddable":true,"href":"https:\/\/baraza.ch\/index.php\/wp-json\/wp\/v2\/users\/1"}],"replies":[{"embeddable":true,"href":"https:\/\/baraza.ch\/index.php\/wp-json\/wp\/v2\/comments?post=328"}],"version-history":[{"count":15,"href":"https:\/\/baraza.ch\/index.php\/wp-json\/wp\/v2\/pages\/328\/revisions"}],"predecessor-version":[{"id":448,"href":"https:\/\/baraza.ch\/index.php\/wp-json\/wp\/v2\/pages\/328\/revisions\/448"}],"wp:attachment":[{"href":"https:\/\/baraza.ch\/index.php\/wp-json\/wp\/v2\/media?parent=328"}],"curies":[{"name":"wp","href":"https:\/\/api.w.org\/{rel}","templated":true}]}}