{"id":345,"date":"2019-10-10T09:35:39","date_gmt":"2019-10-10T09:35:39","guid":{"rendered":"https:\/\/baraza.ch\/?page_id=345"},"modified":"2019-12-14T18:03:56","modified_gmt":"2019-12-14T18:03:56","slug":"vergangene-projekte","status":"publish","type":"page","link":"https:\/\/baraza.ch\/index.php\/vergangene-projekte\/","title":{"rendered":"vergangene Projekte"},"content":{"rendered":"\t\t<div data-elementor-type=\"wp-page\" data-elementor-id=\"345\" class=\"elementor elementor-345\">\n\t\t\t\t\t\t<section class=\"elementor-section elementor-top-section elementor-element elementor-element-804daab elementor-section-boxed elementor-section-height-default elementor-section-height-default\" data-id=\"804daab\" data-element_type=\"section\">\n\t\t\t\t\t\t<div class=\"elementor-container elementor-column-gap-default\">\n\t\t\t\t\t<div class=\"elementor-column elementor-col-16 elementor-top-column elementor-element elementor-element-e59ae93\" data-id=\"e59ae93\" data-element_type=\"column\">\n\t\t\t<div class=\"elementor-widget-wrap\">\n\t\t\t\t\t\t\t<\/div>\n\t\t<\/div>\n\t\t\t\t<div class=\"elementor-column elementor-col-66 elementor-top-column elementor-element elementor-element-fba935e\" data-id=\"fba935e\" data-element_type=\"column\">\n\t\t\t<div class=\"elementor-widget-wrap elementor-element-populated\">\n\t\t\t\t\t\t<div class=\"elementor-element elementor-element-3f34fb9 elementor-widget elementor-widget-heading\" data-id=\"3f34fb9\" data-element_type=\"widget\" data-widget_type=\"heading.default\">\n\t\t\t\t<div class=\"elementor-widget-container\">\n\t\t\t\t\t<h2 class=\"elementor-heading-title elementor-size-default\">Vergangene Projekte<\/h2>\t\t\t\t<\/div>\n\t\t\t\t<\/div>\n\t\t\t\t\t<\/div>\n\t\t<\/div>\n\t\t\t\t<div class=\"elementor-column elementor-col-16 elementor-top-column elementor-element elementor-element-7175a79\" data-id=\"7175a79\" data-element_type=\"column\">\n\t\t\t<div class=\"elementor-widget-wrap\">\n\t\t\t\t\t\t\t<\/div>\n\t\t<\/div>\n\t\t\t\t\t<\/div>\n\t\t<\/section>\n\t\t\t\t<section class=\"elementor-section elementor-top-section elementor-element elementor-element-4586d8e9 elementor-section-content-middle elementor-reverse-mobile elementor-section-boxed elementor-section-height-default elementor-section-height-default\" data-id=\"4586d8e9\" data-element_type=\"section\">\n\t\t\t\t\t\t<div class=\"elementor-container elementor-column-gap-default\">\n\t\t\t\t\t<div class=\"elementor-column elementor-col-50 elementor-top-column elementor-element elementor-element-36cc5e6e\" data-id=\"36cc5e6e\" data-element_type=\"column\">\n\t\t\t<div class=\"elementor-widget-wrap elementor-element-populated\">\n\t\t\t\t\t\t<div class=\"elementor-element elementor-element-5bc7b76f elementor-widget elementor-widget-heading\" data-id=\"5bc7b76f\" data-element_type=\"widget\" data-widget_type=\"heading.default\">\n\t\t\t\t<div class=\"elementor-widget-container\">\n\t\t\t\t\t<h3 class=\"elementor-heading-title elementor-size-default\"><span style=\"font-family: Tahoma\">Fl\u00fcchtlingskinder<\/span><\/h3>\t\t\t\t<\/div>\n\t\t\t\t<\/div>\n\t\t\t\t<div class=\"elementor-element elementor-element-57119 elementor-widget elementor-widget-text-editor\" data-id=\"57119\" data-element_type=\"widget\" data-widget_type=\"text-editor.default\">\n\t\t\t\t<div class=\"elementor-widget-container\">\n\t\t\t\t\t\t\t\t\t<p style=\"font-family: Tahoma, Arial\"> Im Jahr 2018 wurden verschiedene Fl\u00fcchtlingskinder und ihre Familien von Baraza unterst\u00fctzt. Dies war ein Nothilfe-Projekt, welches jedoch kurzfristig f\u00fcr etliche Personen eine grosse Entlastung war. <\/p>\t\t\t\t\t\t\t\t<\/div>\n\t\t\t\t<\/div>\n\t\t\t\t<div class=\"elementor-element elementor-element-2fa23649 elementor-align-left elementor-mobile-align-center elementor-widget elementor-widget-button\" data-id=\"2fa23649\" data-element_type=\"widget\" data-widget_type=\"button.default\">\n\t\t\t\t<div class=\"elementor-widget-container\">\n\t\t\t\t\t\t\t\t\t<div class=\"elementor-button-wrapper\">\n\t\t\t\t\t<a class=\"elementor-button elementor-button-link elementor-size-md\" href=\"https:\/\/baraza.ch\/index.php\/fluechtlingskinder\/\">\n\t\t\t\t\t\t<span class=\"elementor-button-content-wrapper\">\n\t\t\t\t\t\t<span class=\"elementor-button-icon\">\n\t\t\t\t<i aria-hidden=\"true\" class=\"fas fa-angle-double-right\"><\/i>\t\t\t<\/span>\n\t\t\t\t\t\t\t\t\t<span class=\"elementor-button-text\"><font color=\"#5C3015\"><span style=\"font-family: Tahoma\">weiterlesen <\/font><\/span>\n\t\t\t\t\t<\/span>\n\t\t\t\t\t<\/a>\n\t\t\t\t<\/div>\n\t\t\t\t\t\t\t\t<\/div>\n\t\t\t\t<\/div>\n\t\t\t\t\t<\/div>\n\t\t<\/div>\n\t\t\t\t<div class=\"elementor-column elementor-col-50 elementor-top-column elementor-element elementor-element-b8bb2c0\" data-id=\"b8bb2c0\" data-element_type=\"column\">\n\t\t\t<div class=\"elementor-widget-wrap elementor-element-populated\">\n\t\t\t\t\t\t<div class=\"elementor-element elementor-element-34a31c82 elementor-widget elementor-widget-image\" data-id=\"34a31c82\" data-element_type=\"widget\" data-widget_type=\"image.default\">\n\t\t\t\t<div class=\"elementor-widget-container\">\n\t\t\t\t\t\t\t\t\t\t\t\t\t\t\t<img fetchpriority=\"high\" decoding=\"async\" width=\"1481\" height=\"723\" src=\"https:\/\/baraza.ch\/wp-content\/uploads\/2019\/10\/Fl\u00fcchtlingscamp.png\" class=\"attachment-full size-full wp-image-337\" alt=\"\" srcset=\"https:\/\/baraza.ch\/wp-content\/uploads\/2019\/10\/Fl\u00fcchtlingscamp.png 1481w, https:\/\/baraza.ch\/wp-content\/uploads\/2019\/10\/Fl\u00fcchtlingscamp-300x146.png 300w, https:\/\/baraza.ch\/wp-content\/uploads\/2019\/10\/Fl\u00fcchtlingscamp-768x375.png 768w, https:\/\/baraza.ch\/wp-content\/uploads\/2019\/10\/Fl\u00fcchtlingscamp-1024x500.png 1024w\" sizes=\"(max-width: 1481px) 100vw, 1481px\" \/>\t\t\t\t\t\t\t\t\t\t\t\t\t\t\t<\/div>\n\t\t\t\t<\/div>\n\t\t\t\t\t<\/div>\n\t\t<\/div>\n\t\t\t\t\t<\/div>\n\t\t<\/section>\n\t\t\t\t<\/div>\n\t\t","protected":false},"excerpt":{"rendered":"<p>Vergangene Projekte Fl\u00fcchtlingskinder Im Jahr 2018 wurden verschiedene Fl\u00fcchtlingskinder und ihre Familien von Baraza unterst\u00fctzt. Dies war ein Nothilfe-Projekt, welches jedoch kurzfristig f\u00fcr etliche Personen eine grosse Entlastung war. weiterlesen<\/p>\n","protected":false},"author":1,"featured_media":0,"parent":0,"menu_order":0,"comment_status":"closed","ping_status":"closed","template":"page-templates\/fullscreen-page.php","meta":{"footnotes":""},"class_list":["post-345","page","type-page","status-publish","hentry","comments-closed","no-comments"],"_links":{"self":[{"href":"https:\/\/baraza.ch\/index.php\/wp-json\/wp\/v2\/pages\/345","targetHints":{"allow":["GET"]}}],"collection":[{"href":"https:\/\/baraza.ch\/index.php\/wp-json\/wp\/v2\/pages"}],"about":[{"href":"https:\/\/baraza.ch\/index.php\/wp-json\/wp\/v2\/types\/page"}],"author":[{"embeddable":true,"href":"https:\/\/baraza.ch\/index.php\/wp-json\/wp\/v2\/users\/1"}],"replies":[{"embeddable":true,"href":"https:\/\/baraza.ch\/index.php\/wp-json\/wp\/v2\/comments?post=345"}],"version-history":[{"count":14,"href":"https:\/\/baraza.ch\/index.php\/wp-json\/wp\/v2\/pages\/345\/revisions"}],"predecessor-version":[{"id":452,"href":"https:\/\/baraza.ch\/index.php\/wp-json\/wp\/v2\/pages\/345\/revisions\/452"}],"wp:attachment":[{"href":"https:\/\/baraza.ch\/index.php\/wp-json\/wp\/v2\/media?parent=345"}],"curies":[{"name":"wp","href":"https:\/\/api.w.org\/{rel}","templated":true}]}}