{"id":456,"date":"2020-05-05T14:09:58","date_gmt":"2020-05-05T14:09:58","guid":{"rendered":"https:\/\/baraza.ch\/?page_id=456"},"modified":"2020-05-13T13:58:45","modified_gmt":"2020-05-13T13:58:45","slug":"strassenkinder-und-umweltschutz","status":"publish","type":"page","link":"https:\/\/baraza.ch\/index.php\/strassenkinder-und-umweltschutz\/","title":{"rendered":"Strassenkinder und Umweltschutz"},"content":{"rendered":"\t\t<div data-elementor-type=\"wp-page\" data-elementor-id=\"456\" class=\"elementor elementor-456\">\n\t\t\t\t\t\t<section class=\"elementor-section elementor-top-section elementor-element elementor-element-0e64dfb elementor-section-boxed elementor-section-height-default elementor-section-height-default\" data-id=\"0e64dfb\" data-element_type=\"section\">\n\t\t\t\t\t\t<div class=\"elementor-container elementor-column-gap-default\">\n\t\t\t\t\t<div class=\"elementor-column elementor-col-100 elementor-top-column elementor-element elementor-element-3c0101f\" data-id=\"3c0101f\" data-element_type=\"column\">\n\t\t\t<div class=\"elementor-widget-wrap\">\n\t\t\t\t\t\t\t<\/div>\n\t\t<\/div>\n\t\t\t\t\t<\/div>\n\t\t<\/section>\n\t\t\t\t<section class=\"elementor-section elementor-top-section elementor-element elementor-element-e28de56 elementor-section-boxed elementor-section-height-default elementor-section-height-default\" data-id=\"e28de56\" data-element_type=\"section\">\n\t\t\t\t\t\t<div class=\"elementor-container elementor-column-gap-default\">\n\t\t\t\t\t<div class=\"elementor-column elementor-col-16 elementor-top-column elementor-element elementor-element-fdbe16e\" data-id=\"fdbe16e\" data-element_type=\"column\">\n\t\t\t<div class=\"elementor-widget-wrap\">\n\t\t\t\t\t\t\t<\/div>\n\t\t<\/div>\n\t\t\t\t<div class=\"elementor-column elementor-col-66 elementor-top-column elementor-element elementor-element-3ef686d\" data-id=\"3ef686d\" data-element_type=\"column\">\n\t\t\t<div class=\"elementor-widget-wrap elementor-element-populated\">\n\t\t\t\t\t\t<div class=\"elementor-element elementor-element-da7697e elementor-widget elementor-widget-heading\" data-id=\"da7697e\" data-element_type=\"widget\" data-widget_type=\"heading.default\">\n\t\t\t\t<div class=\"elementor-widget-container\">\n\t\t\t\t\t<h2 class=\"elementor-heading-title elementor-size-default\"><font color=\"#5C3015\"> Strassenkinder und Umweltschutz<\/font>\n<\/h2>\t\t\t\t<\/div>\n\t\t\t\t<\/div>\n\t\t\t\t\t<\/div>\n\t\t<\/div>\n\t\t\t\t<div class=\"elementor-column elementor-col-16 elementor-top-column elementor-element elementor-element-aa3bb52\" data-id=\"aa3bb52\" data-element_type=\"column\">\n\t\t\t<div class=\"elementor-widget-wrap\">\n\t\t\t\t\t\t\t<\/div>\n\t\t<\/div>\n\t\t\t\t\t<\/div>\n\t\t<\/section>\n\t\t\t\t<section class=\"elementor-section elementor-top-section elementor-element elementor-element-579f9ac elementor-section-boxed elementor-section-height-default elementor-section-height-default\" data-id=\"579f9ac\" data-element_type=\"section\">\n\t\t\t\t\t\t<div class=\"elementor-container elementor-column-gap-default\">\n\t\t\t\t\t<div class=\"elementor-column elementor-col-16 elementor-top-column elementor-element elementor-element-c417791\" data-id=\"c417791\" data-element_type=\"column\">\n\t\t\t<div class=\"elementor-widget-wrap\">\n\t\t\t\t\t\t\t<\/div>\n\t\t<\/div>\n\t\t\t\t<div class=\"elementor-column elementor-col-66 elementor-top-column elementor-element elementor-element-b319ac3\" data-id=\"b319ac3\" data-element_type=\"column\">\n\t\t\t<div class=\"elementor-widget-wrap elementor-element-populated\">\n\t\t\t\t\t\t<div class=\"elementor-element elementor-element-d3655dd elementor-widget elementor-widget-text-editor\" data-id=\"d3655dd\" data-element_type=\"widget\" data-widget_type=\"text-editor.default\">\n\t\t\t\t<div class=\"elementor-widget-container\">\n\t\t\t\t\t\t\t\t\tReichtum und Armut sind eigentlich Gegens\u00e4tze. Im Kongo sieht man beides zusammen sehr nah. Eigentlich w\u00e4re das Land unbeschreiblich reich an Rohstoffen. Trotzdem lebt mehr als 75% der Bev\u00f6lkerung in absoluter Armut und hat weniger als 1.90 $ pro Tag zur Verf\u00fcgung. Besonders hart trifft die Armut Kinder, weil sie dadurch keinen Zugang zu Bildung, dem Gesundheitswesen oder zu gen\u00fcgend Nahrung haben. Im House of Grace befinden sich viele Kinder aufgrund von Armut.\nEin Traum w\u00e4re es, wenn die Rohstoffe fair und sicher abgebaut werden k\u00f6nnten und der Gewinn der Bev\u00f6lkerung zugutekommen w\u00fcrde. Dann g\u00e4be es kaum noch Armut im Land. Doch leider wird der Kongo ausgebeutet und wir Schweizer tragen oft unbewusst dazu bei. In der N\u00e4he von Bunia gibt es Gold und auch Erd\u00f6l. Diesen kurzen Clip habe ich im Regenwald, unweit von Bunia, aufgenommen. Es zeigt mehrere Personen beim Goldsch\u00fcrfen.\t\t\t\t\t\t\t\t<\/div>\n\t\t\t\t<\/div>\n\t\t\t\t\t<\/div>\n\t\t<\/div>\n\t\t\t\t<div class=\"elementor-column elementor-col-16 elementor-top-column elementor-element elementor-element-6adbaaa\" data-id=\"6adbaaa\" data-element_type=\"column\">\n\t\t\t<div class=\"elementor-widget-wrap\">\n\t\t\t\t\t\t\t<\/div>\n\t\t<\/div>\n\t\t\t\t\t<\/div>\n\t\t<\/section>\n\t\t\t\t<section class=\"elementor-section elementor-top-section elementor-element elementor-element-b8dcb1b elementor-section-boxed elementor-section-height-default elementor-section-height-default\" data-id=\"b8dcb1b\" data-element_type=\"section\">\n\t\t\t\t\t\t<div class=\"elementor-container elementor-column-gap-default\">\n\t\t\t\t\t<div class=\"elementor-column elementor-col-16 elementor-top-column elementor-element elementor-element-d66bb53\" data-id=\"d66bb53\" data-element_type=\"column\">\n\t\t\t<div class=\"elementor-widget-wrap\">\n\t\t\t\t\t\t\t<\/div>\n\t\t<\/div>\n\t\t\t\t<div class=\"elementor-column elementor-col-66 elementor-top-column elementor-element elementor-element-3619954\" data-id=\"3619954\" data-element_type=\"column\">\n\t\t\t<div class=\"elementor-widget-wrap elementor-element-populated\">\n\t\t\t\t\t\t<div class=\"elementor-element elementor-element-d3d296f elementor-invisible elementor-widget elementor-widget-video\" data-id=\"d3d296f\" data-element_type=\"widget\" data-settings=\"{&quot;youtube_url&quot;:&quot;https:\\\/\\\/youtu.be\\\/M_UYZ0QSF1E&quot;,&quot;_animation&quot;:&quot;slideInUp&quot;,&quot;video_type&quot;:&quot;youtube&quot;,&quot;controls&quot;:&quot;yes&quot;}\" data-widget_type=\"video.default\">\n\t\t\t\t<div class=\"elementor-widget-container\">\n\t\t\t\t\t\t\t<div class=\"elementor-wrapper elementor-open-inline\">\n\t\t\t<div class=\"elementor-video\"><\/div>\t\t<\/div>\n\t\t\t\t\t\t<\/div>\n\t\t\t\t<\/div>\n\t\t\t\t\t<\/div>\n\t\t<\/div>\n\t\t\t\t<div class=\"elementor-column elementor-col-16 elementor-top-column elementor-element elementor-element-b71eb15\" data-id=\"b71eb15\" data-element_type=\"column\">\n\t\t\t<div class=\"elementor-widget-wrap\">\n\t\t\t\t\t\t\t<\/div>\n\t\t<\/div>\n\t\t\t\t\t<\/div>\n\t\t<\/section>\n\t\t\t\t<section class=\"elementor-section elementor-top-section elementor-element elementor-element-d2766ab elementor-section-boxed elementor-section-height-default elementor-section-height-default\" data-id=\"d2766ab\" data-element_type=\"section\">\n\t\t\t\t\t\t<div class=\"elementor-container elementor-column-gap-default\">\n\t\t\t\t\t<div class=\"elementor-column elementor-col-16 elementor-top-column elementor-element elementor-element-1c6f8de\" data-id=\"1c6f8de\" data-element_type=\"column\">\n\t\t\t<div class=\"elementor-widget-wrap\">\n\t\t\t\t\t\t\t<\/div>\n\t\t<\/div>\n\t\t\t\t<div class=\"elementor-column elementor-col-66 elementor-top-column elementor-element elementor-element-eff601e\" data-id=\"eff601e\" data-element_type=\"column\">\n\t\t\t<div class=\"elementor-widget-wrap elementor-element-populated\">\n\t\t\t\t\t\t<div class=\"elementor-element elementor-element-975e5f4 elementor-widget elementor-widget-text-editor\" data-id=\"975e5f4\" data-element_type=\"widget\" data-widget_type=\"text-editor.default\">\n\t\t\t\t<div class=\"elementor-widget-container\">\n\t\t\t\t\t\t\t\t\tSolche Rohstoffe wecken die Gier der Menschen und viele ausl\u00e4ndische Firmen beuten diese aus. In diesem Zusammenhang wird auch oft \u00fcber die Rolle der Firma Glencore mit dem Sitz in Zug gesprochen. Besonders eindr\u00fccklich ist die Ausbeutung im Blick auf die Herstellung von Autobatterien, welche den CO2 Ausstoss der Autos mindern und dadurch die Umwelt sch\u00fctzen sollte. F\u00fcr diese Batterien wird Kobalt ben\u00f6tigt. Mit Abstand am meisten Kobalt ist im Kongo zu finden. Eine spannende Dokumentation dazu erschien k\u00fcrzlich auf dem ZDF (<a href=\"https:\/\/www.zdf.de\/dokumentation\/zdfinfo-doku\/saubere-autos-schmutzige-batterien-kobaltabbau-im-kongo--100.html\">hier<\/a>).\n\nLeider tr\u00e4gt so der Umweltschutz indirekt zur Ausbeutung von Menschen bei. Muss dies wirklich so sein?\t\t\t\t\t\t\t\t<\/div>\n\t\t\t\t<\/div>\n\t\t\t\t\t<\/div>\n\t\t<\/div>\n\t\t\t\t<div class=\"elementor-column elementor-col-16 elementor-top-column elementor-element elementor-element-d8b30de\" data-id=\"d8b30de\" data-element_type=\"column\">\n\t\t\t<div class=\"elementor-widget-wrap\">\n\t\t\t\t\t\t\t<\/div>\n\t\t<\/div>\n\t\t\t\t\t<\/div>\n\t\t<\/section>\n\t\t\t\t<\/div>\n\t\t","protected":false},"excerpt":{"rendered":"<p>Strassenkinder und Umweltschutz Reichtum und Armut sind eigentlich Gegens\u00e4tze. Im Kongo sieht man beides zusammen sehr nah. Eigentlich w\u00e4re das Land unbeschreiblich reich an Rohstoffen. Trotzdem lebt mehr als 75% der Bev\u00f6lkerung in absoluter Armut und hat weniger als 1.90 $ pro Tag zur Verf\u00fcgung. Besonders hart trifft die Armut Kinder, weil sie dadurch keinen&hellip;<\/p>\n","protected":false},"author":1,"featured_media":0,"parent":0,"menu_order":0,"comment_status":"closed","ping_status":"closed","template":"page-templates\/fullscreen-page.php","meta":{"footnotes":""},"class_list":["post-456","page","type-page","status-publish","hentry","comments-closed","no-comments"],"_links":{"self":[{"href":"https:\/\/baraza.ch\/index.php\/wp-json\/wp\/v2\/pages\/456","targetHints":{"allow":["GET"]}}],"collection":[{"href":"https:\/\/baraza.ch\/index.php\/wp-json\/wp\/v2\/pages"}],"about":[{"href":"https:\/\/baraza.ch\/index.php\/wp-json\/wp\/v2\/types\/page"}],"author":[{"embeddable":true,"href":"https:\/\/baraza.ch\/index.php\/wp-json\/wp\/v2\/users\/1"}],"replies":[{"embeddable":true,"href":"https:\/\/baraza.ch\/index.php\/wp-json\/wp\/v2\/comments?post=456"}],"version-history":[{"count":13,"href":"https:\/\/baraza.ch\/index.php\/wp-json\/wp\/v2\/pages\/456\/revisions"}],"predecessor-version":[{"id":503,"href":"https:\/\/baraza.ch\/index.php\/wp-json\/wp\/v2\/pages\/456\/revisions\/503"}],"wp:attachment":[{"href":"https:\/\/baraza.ch\/index.php\/wp-json\/wp\/v2\/media?parent=456"}],"curies":[{"name":"wp","href":"https:\/\/api.w.org\/{rel}","templated":true}]}}