{"id":549,"date":"2021-11-17T16:20:10","date_gmt":"2021-11-17T16:20:10","guid":{"rendered":"https:\/\/baraza.ch\/?page_id=549"},"modified":"2021-11-17T16:54:52","modified_gmt":"2021-11-17T16:54:52","slug":"schule","status":"publish","type":"page","link":"https:\/\/baraza.ch\/index.php\/schule\/","title":{"rendered":"Schule und Zukunftsperspektive"},"content":{"rendered":"\t\t<div data-elementor-type=\"wp-page\" data-elementor-id=\"549\" class=\"elementor elementor-549\">\n\t\t\t\t\t\t<section class=\"elementor-section elementor-top-section elementor-element elementor-element-9c623e0 elementor-section-boxed elementor-section-height-default elementor-section-height-default\" data-id=\"9c623e0\" data-element_type=\"section\">\n\t\t\t\t\t\t<div class=\"elementor-container elementor-column-gap-default\">\n\t\t\t\t\t<div class=\"elementor-column elementor-col-100 elementor-top-column elementor-element elementor-element-965722b\" data-id=\"965722b\" data-element_type=\"column\">\n\t\t\t<div class=\"elementor-widget-wrap\">\n\t\t\t\t\t\t\t<\/div>\n\t\t<\/div>\n\t\t\t\t\t<\/div>\n\t\t<\/section>\n\t\t\t\t<section class=\"elementor-section elementor-top-section elementor-element elementor-element-05d9e00 elementor-section-boxed elementor-section-height-default elementor-section-height-default\" data-id=\"05d9e00\" data-element_type=\"section\">\n\t\t\t\t\t\t<div class=\"elementor-container elementor-column-gap-default\">\n\t\t\t\t\t<div class=\"elementor-column elementor-col-16 elementor-top-column elementor-element elementor-element-ddcc1b1\" data-id=\"ddcc1b1\" data-element_type=\"column\">\n\t\t\t<div class=\"elementor-widget-wrap\">\n\t\t\t\t\t\t\t<\/div>\n\t\t<\/div>\n\t\t\t\t<div class=\"elementor-column elementor-col-66 elementor-top-column elementor-element elementor-element-d0fb241\" data-id=\"d0fb241\" data-element_type=\"column\">\n\t\t\t<div class=\"elementor-widget-wrap elementor-element-populated\">\n\t\t\t\t\t\t<div class=\"elementor-element elementor-element-9a82a75 elementor-widget elementor-widget-heading\" data-id=\"9a82a75\" data-element_type=\"widget\" data-widget_type=\"heading.default\">\n\t\t\t\t<div class=\"elementor-widget-container\">\n\t\t\t\t\t<h2 class=\"elementor-heading-title elementor-size-default\"><span class=\"elementor-heading-title elementor-size-default elementor-inline-editing pen\" data-elementor-setting-key=\"title\" data-pen-placeholder=\"Eingabe hier...\" style=\"font-size: 48px;margin-top: 16px;margin-bottom: 16px;font-family: Tahoma, sans-serif;clear: both;letter-spacing: -0.6px;text-align: center\"><font color=\"#5C3015\"> Schule und Zukunftsperspektive<\/font><\/span><\/h2>\t\t\t\t<\/div>\n\t\t\t\t<\/div>\n\t\t\t\t\t<\/div>\n\t\t<\/div>\n\t\t\t\t<div class=\"elementor-column elementor-col-16 elementor-top-column elementor-element elementor-element-7e5ac77\" data-id=\"7e5ac77\" data-element_type=\"column\">\n\t\t\t<div class=\"elementor-widget-wrap\">\n\t\t\t\t\t\t\t<\/div>\n\t\t<\/div>\n\t\t\t\t\t<\/div>\n\t\t<\/section>\n\t\t\t\t<section class=\"elementor-section elementor-top-section elementor-element elementor-element-265e37b elementor-section-boxed elementor-section-height-default elementor-section-height-default\" data-id=\"265e37b\" data-element_type=\"section\">\n\t\t\t\t\t\t<div class=\"elementor-container elementor-column-gap-default\">\n\t\t\t\t\t<div class=\"elementor-column elementor-col-16 elementor-top-column elementor-element elementor-element-1d833df\" data-id=\"1d833df\" data-element_type=\"column\">\n\t\t\t<div class=\"elementor-widget-wrap\">\n\t\t\t\t\t\t\t<\/div>\n\t\t<\/div>\n\t\t\t\t<div class=\"elementor-column elementor-col-66 elementor-top-column elementor-element elementor-element-99dff85\" data-id=\"99dff85\" data-element_type=\"column\">\n\t\t\t<div class=\"elementor-widget-wrap elementor-element-populated\">\n\t\t\t\t\t\t<div class=\"elementor-element elementor-element-2260dbd elementor-widget elementor-widget-text-editor\" data-id=\"2260dbd\" data-element_type=\"widget\" data-widget_type=\"text-editor.default\">\n\t\t\t\t<div class=\"elementor-widget-container\">\n\t\t\t\t\t\t\t\t\t<p>\u201eWer eine Schult\u00fcr \u00f6ffnet, schliesst ein Gef\u00e4ngnis\u201c, schrieb Victor Hugo im 19. Jahrhundert. In einem Land, in welchem Schulpflicht gilt, scheint dieses Zitat wenig Aussagekraft zu haben. In Bunia hat es Hand und Fuss. Wenn ein Kind nicht zur Schule geht, weil die Familie das Schulgeld nicht bezahlen kann, entstehen grosse Herausforderungen. Dem Kind wird die M\u00f6glichkeit genommen, Lesen und Schreiben zu lernen und eine solide berufliche Ausbildung zu absolvieren. Oft muss es irgendwelche Arbeiten verrichten, die sonst niemand tun w\u00fcrde. Da geht es ziemlich rasch und ein Kind beginnt zu stehlen und landet in einer Spirale der Kriminalit\u00e4t. Wenn es jedoch in die Schule gehen kann, er\u00f6ffnet das nicht nur eine sinnstiftende Bet\u00e4tigung, sondern ebenfalls berufliche Perspektiven.<br \/>Vor einigen Tagen hat das neue Schuljahr begonnen. 26 Kinder wurden aus dem HOG in die Schule eingetragen. F\u00fcr manche Kinder, die frisch im HOG sind, ist es eine besondere Freude, das erste Mal eine Schuluniform und einen Schulranzen zu besitzen. Ein Jugendlicher begann eine neunmonatige Ausbildung zum Automechaniker. Knapp 40 Kinder, die wieder bei ihren Herkunftsfamilien in absoluter Armut leben, k\u00f6nnen dank der Unterst\u00fctzung von Baraza von zuhause aus eine Schule besuchen.\u00a0<\/p>\t\t\t\t\t\t\t\t<\/div>\n\t\t\t\t<\/div>\n\t\t\t\t\t<\/div>\n\t\t<\/div>\n\t\t\t\t<div class=\"elementor-column elementor-col-16 elementor-top-column elementor-element elementor-element-80805d1\" data-id=\"80805d1\" data-element_type=\"column\">\n\t\t\t<div class=\"elementor-widget-wrap\">\n\t\t\t\t\t\t\t<\/div>\n\t\t<\/div>\n\t\t\t\t\t<\/div>\n\t\t<\/section>\n\t\t\t\t<section class=\"elementor-section elementor-top-section elementor-element elementor-element-0e11238 elementor-section-boxed elementor-section-height-default elementor-section-height-default\" data-id=\"0e11238\" data-element_type=\"section\">\n\t\t\t\t\t\t<div class=\"elementor-container elementor-column-gap-default\">\n\t\t\t\t\t<div class=\"elementor-column elementor-col-16 elementor-top-column elementor-element elementor-element-d365f25\" data-id=\"d365f25\" data-element_type=\"column\">\n\t\t\t<div class=\"elementor-widget-wrap\">\n\t\t\t\t\t\t\t<\/div>\n\t\t<\/div>\n\t\t\t\t<div class=\"elementor-column elementor-col-66 elementor-top-column elementor-element elementor-element-e7f3e15\" data-id=\"e7f3e15\" data-element_type=\"column\">\n\t\t\t<div class=\"elementor-widget-wrap elementor-element-populated\">\n\t\t\t\t\t\t<div class=\"elementor-element elementor-element-01b0cac elementor-invisible elementor-widget elementor-widget-image\" data-id=\"01b0cac\" data-element_type=\"widget\" data-settings=\"{&quot;_animation&quot;:&quot;fadeInUp&quot;}\" data-widget_type=\"image.default\">\n\t\t\t\t<div class=\"elementor-widget-container\">\n\t\t\t\t\t\t\t\t\t\t\t\t\t\t\t<img fetchpriority=\"high\" decoding=\"async\" width=\"992\" height=\"744\" src=\"https:\/\/baraza.ch\/wp-content\/uploads\/2021\/11\/61d5bc07-2553-47ea-940c-2a7a64e385b3.jpg\" class=\"attachment-full size-full wp-image-565\" alt=\"\" srcset=\"https:\/\/baraza.ch\/wp-content\/uploads\/2021\/11\/61d5bc07-2553-47ea-940c-2a7a64e385b3.jpg 992w, https:\/\/baraza.ch\/wp-content\/uploads\/2021\/11\/61d5bc07-2553-47ea-940c-2a7a64e385b3-300x225.jpg 300w, https:\/\/baraza.ch\/wp-content\/uploads\/2021\/11\/61d5bc07-2553-47ea-940c-2a7a64e385b3-768x576.jpg 768w\" sizes=\"(max-width: 992px) 100vw, 992px\" \/>\t\t\t\t\t\t\t\t\t\t\t\t\t\t\t<\/div>\n\t\t\t\t<\/div>\n\t\t\t\t\t<\/div>\n\t\t<\/div>\n\t\t\t\t<div class=\"elementor-column elementor-col-16 elementor-top-column elementor-element elementor-element-cfb8cc2\" data-id=\"cfb8cc2\" data-element_type=\"column\">\n\t\t\t<div class=\"elementor-widget-wrap\">\n\t\t\t\t\t\t\t<\/div>\n\t\t<\/div>\n\t\t\t\t\t<\/div>\n\t\t<\/section>\n\t\t\t\t<\/div>\n\t\t","protected":false},"excerpt":{"rendered":"<p>Schule und Zukunftsperspektive \u201eWer eine Schult\u00fcr \u00f6ffnet, schliesst ein Gef\u00e4ngnis\u201c, schrieb Victor Hugo im 19. Jahrhundert. In einem Land, in welchem Schulpflicht gilt, scheint dieses Zitat wenig Aussagekraft zu haben. In Bunia hat es Hand und Fuss. Wenn ein Kind nicht zur Schule geht, weil die Familie das Schulgeld nicht bezahlen kann, entstehen grosse Herausforderungen.&hellip;<\/p>\n","protected":false},"author":1,"featured_media":565,"parent":0,"menu_order":0,"comment_status":"closed","ping_status":"closed","template":"page-templates\/fullscreen-page.php","meta":{"footnotes":""},"class_list":["post-549","page","type-page","status-publish","has-post-thumbnail","hentry","comments-closed","no-comments"],"_links":{"self":[{"href":"https:\/\/baraza.ch\/index.php\/wp-json\/wp\/v2\/pages\/549","targetHints":{"allow":["GET"]}}],"collection":[{"href":"https:\/\/baraza.ch\/index.php\/wp-json\/wp\/v2\/pages"}],"about":[{"href":"https:\/\/baraza.ch\/index.php\/wp-json\/wp\/v2\/types\/page"}],"author":[{"embeddable":true,"href":"https:\/\/baraza.ch\/index.php\/wp-json\/wp\/v2\/users\/1"}],"replies":[{"embeddable":true,"href":"https:\/\/baraza.ch\/index.php\/wp-json\/wp\/v2\/comments?post=549"}],"version-history":[{"count":38,"href":"https:\/\/baraza.ch\/index.php\/wp-json\/wp\/v2\/pages\/549\/revisions"}],"predecessor-version":[{"id":595,"href":"https:\/\/baraza.ch\/index.php\/wp-json\/wp\/v2\/pages\/549\/revisions\/595"}],"wp:featuredmedia":[{"embeddable":true,"href":"https:\/\/baraza.ch\/index.php\/wp-json\/wp\/v2\/media\/565"}],"wp:attachment":[{"href":"https:\/\/baraza.ch\/index.php\/wp-json\/wp\/v2\/media?parent=549"}],"curies":[{"name":"wp","href":"https:\/\/api.w.org\/{rel}","templated":true}]}}