{"id":597,"date":"2021-11-17T17:06:02","date_gmt":"2021-11-17T17:06:02","guid":{"rendered":"https:\/\/baraza.ch\/?page_id=597"},"modified":"2021-11-17T17:23:30","modified_gmt":"2021-11-17T17:23:30","slug":"mit-ziegen-gegen-die-armut","status":"publish","type":"page","link":"https:\/\/baraza.ch\/index.php\/mit-ziegen-gegen-die-armut\/","title":{"rendered":"Mit Ziegen gegen die Armut"},"content":{"rendered":"\t\t<div data-elementor-type=\"wp-page\" data-elementor-id=\"597\" class=\"elementor elementor-597\">\n\t\t\t\t\t\t<section class=\"elementor-section elementor-top-section elementor-element elementor-element-91d4cac elementor-section-boxed elementor-section-height-default elementor-section-height-default\" data-id=\"91d4cac\" data-element_type=\"section\">\n\t\t\t\t\t\t<div class=\"elementor-container elementor-column-gap-default\">\n\t\t\t\t\t<div class=\"elementor-column elementor-col-16 elementor-top-column elementor-element elementor-element-92fc196\" data-id=\"92fc196\" data-element_type=\"column\">\n\t\t\t<div class=\"elementor-widget-wrap\">\n\t\t\t\t\t\t\t<\/div>\n\t\t<\/div>\n\t\t\t\t<div class=\"elementor-column elementor-col-66 elementor-top-column elementor-element elementor-element-607797c\" data-id=\"607797c\" data-element_type=\"column\">\n\t\t\t<div class=\"elementor-widget-wrap elementor-element-populated\">\n\t\t\t\t\t\t<div class=\"elementor-element elementor-element-46458b9 elementor-widget elementor-widget-heading\" data-id=\"46458b9\" data-element_type=\"widget\" data-widget_type=\"heading.default\">\n\t\t\t\t<div class=\"elementor-widget-container\">\n\t\t\t\t\t<h2 class=\"elementor-heading-title elementor-size-default\"><span data-elementor-setting-key=\"title\" data-pen-placeholder=\"Eingabe hier...\" style=\"font-size: 48px;margin-top: 16px;margin-bottom: 16px;clear: both;letter-spacing: -0.6px;text-align: center\"><span data-elementor-setting-key=\"title\" data-pen-placeholder=\"Eingabe hier...\" style=\"font-size: 48px;margin-top: 16px;margin-bottom: 16px;font-family: Tahoma, sans-serif;clear: both;letter-spacing: -0.6px\"><font color=\"#5C3015\">Mit Ziegen gegen die Armut<\/font><\/span><\/span><\/h2>\t\t\t\t<\/div>\n\t\t\t\t<\/div>\n\t\t\t\t\t<\/div>\n\t\t<\/div>\n\t\t\t\t<div class=\"elementor-column elementor-col-16 elementor-top-column elementor-element elementor-element-3fea2f1\" data-id=\"3fea2f1\" data-element_type=\"column\">\n\t\t\t<div class=\"elementor-widget-wrap\">\n\t\t\t\t\t\t\t<\/div>\n\t\t<\/div>\n\t\t\t\t\t<\/div>\n\t\t<\/section>\n\t\t\t\t<section class=\"elementor-section elementor-top-section elementor-element elementor-element-c183666 elementor-section-boxed elementor-section-height-default elementor-section-height-default\" data-id=\"c183666\" data-element_type=\"section\">\n\t\t\t\t\t\t<div class=\"elementor-container elementor-column-gap-default\">\n\t\t\t\t\t<div class=\"elementor-column elementor-col-16 elementor-top-column elementor-element elementor-element-2b9023b\" data-id=\"2b9023b\" data-element_type=\"column\">\n\t\t\t<div class=\"elementor-widget-wrap\">\n\t\t\t\t\t\t\t<\/div>\n\t\t<\/div>\n\t\t\t\t<div class=\"elementor-column elementor-col-66 elementor-top-column elementor-element elementor-element-8774268\" data-id=\"8774268\" data-element_type=\"column\">\n\t\t\t<div class=\"elementor-widget-wrap elementor-element-populated\">\n\t\t\t\t\t\t<div class=\"elementor-element elementor-element-d7da5e9 elementor-widget elementor-widget-text-editor\" data-id=\"d7da5e9\" data-element_type=\"widget\" data-widget_type=\"text-editor.default\">\n\t\t\t\t<div class=\"elementor-widget-container\">\n\t\t\t\t\t\t\t\t\t<p>Was bedeutet Armut? In der Demokratischen Republik Kongo leben 73% der Bev\u00f6lkerung mit weniger als 1.90$ pro Tag. Dieser Betrag reicht nicht, um den Lebensunterhalt zu bew\u00e4ltigen. Armutsbetroffene Familien m\u00fcssen manchmal abw\u00e4gen, ob es wichtiger ist, etwas zu Essen zu haben, einen Arzt zu besuchen oder ihr Kind in die Schule zu schicken.<\/p><p>Armutsbetroffene Familien zu begleiten, ist eine grosse Herausforderung f\u00fcr die Mitarbeiter aus dem House of Grace. Die Strategie des HOG war es bisher, dass \u00fcber eine gewisse Zeit hinweg das Schulgeld finanziert wurde, oft war dies f\u00fcr ein Jahr. In Ausnahmef\u00e4llen wurden auch Nahrungsmittel oder andere G\u00fcter zu Verf\u00fcgung gestellt. Dennoch reichten diese Massnahmen manchmal nicht aus und einige Kinder k\u00e4mpfen erneut auf der Strasse um ihr \u00dcberleben. F\u00fcr uns als Baraza ist dies ein Diskussionspunkt. Wie kann man solche Familien besser unterst\u00fctzen?<\/p>\t\t\t\t\t\t\t\t<\/div>\n\t\t\t\t<\/div>\n\t\t\t\t\t<\/div>\n\t\t<\/div>\n\t\t\t\t<div class=\"elementor-column elementor-col-16 elementor-top-column elementor-element elementor-element-a30a1b8\" data-id=\"a30a1b8\" data-element_type=\"column\">\n\t\t\t<div class=\"elementor-widget-wrap\">\n\t\t\t\t\t\t\t<\/div>\n\t\t<\/div>\n\t\t\t\t\t<\/div>\n\t\t<\/section>\n\t\t\t\t<section class=\"elementor-section elementor-top-section elementor-element elementor-element-283ff22 elementor-section-boxed elementor-section-height-default elementor-section-height-default\" data-id=\"283ff22\" data-element_type=\"section\">\n\t\t\t\t\t\t<div class=\"elementor-container elementor-column-gap-default\">\n\t\t\t\t\t<div class=\"elementor-column elementor-col-16 elementor-top-column elementor-element elementor-element-6616209\" data-id=\"6616209\" data-element_type=\"column\">\n\t\t\t<div class=\"elementor-widget-wrap\">\n\t\t\t\t\t\t\t<\/div>\n\t\t<\/div>\n\t\t\t\t<div class=\"elementor-column elementor-col-66 elementor-top-column elementor-element elementor-element-664a9be\" data-id=\"664a9be\" data-element_type=\"column\">\n\t\t\t<div class=\"elementor-widget-wrap elementor-element-populated\">\n\t\t\t\t\t\t<div class=\"elementor-element elementor-element-b1add05 elementor-arrows-position-inside elementor-pagination-position-outside elementor-invisible elementor-widget elementor-widget-image-carousel\" data-id=\"b1add05\" data-element_type=\"widget\" data-settings=\"{&quot;slides_to_show&quot;:&quot;1&quot;,&quot;_animation&quot;:&quot;fadeInUp&quot;,&quot;navigation&quot;:&quot;both&quot;,&quot;autoplay&quot;:&quot;yes&quot;,&quot;pause_on_hover&quot;:&quot;yes&quot;,&quot;pause_on_interaction&quot;:&quot;yes&quot;,&quot;autoplay_speed&quot;:5000,&quot;infinite&quot;:&quot;yes&quot;,&quot;effect&quot;:&quot;slide&quot;,&quot;speed&quot;:500}\" data-widget_type=\"image-carousel.default\">\n\t\t\t\t<div class=\"elementor-widget-container\">\n\t\t\t\t\t\t\t<div class=\"elementor-image-carousel-wrapper swiper\" role=\"region\" aria-roledescription=\"carousel\" aria-label=\"Bild Karussell\" dir=\"ltr\">\n\t\t\t<div class=\"elementor-image-carousel swiper-wrapper\" aria-live=\"off\">\n\t\t\t\t\t\t\t\t<div class=\"swiper-slide\" role=\"group\" aria-roledescription=\"slide\" aria-label=\"1 von 4\"><figure class=\"swiper-slide-inner\"><img decoding=\"async\" class=\"swiper-slide-image\" src=\"https:\/\/baraza.ch\/wp-content\/uploads\/2021\/11\/a5817856-28b8-4196-bc11-410ffd1b110f-225x300.jpg\" alt=\"Familie mit Ziege\" \/><\/figure><\/div><div class=\"swiper-slide\" role=\"group\" aria-roledescription=\"slide\" aria-label=\"2 von 4\"><figure class=\"swiper-slide-inner\"><img decoding=\"async\" class=\"swiper-slide-image\" src=\"https:\/\/baraza.ch\/wp-content\/uploads\/2021\/11\/9d8832b3-963c-4aa4-8cb2-ff4593cf9305-300x225.jpg\" alt=\"Ein neugeborenes Zicklein\" \/><\/figure><\/div><div class=\"swiper-slide\" role=\"group\" aria-roledescription=\"slide\" aria-label=\"3 von 4\"><figure class=\"swiper-slide-inner\"><img decoding=\"async\" class=\"swiper-slide-image\" src=\"https:\/\/baraza.ch\/wp-content\/uploads\/2021\/11\/644d5d5b-ed92-4f91-823a-9c0f0bab65cd-300x225.jpg\" alt=\"Familie mit Ziege\" \/><\/figure><\/div><div class=\"swiper-slide\" role=\"group\" aria-roledescription=\"slide\" aria-label=\"4 von 4\"><figure class=\"swiper-slide-inner\"><img decoding=\"async\" class=\"swiper-slide-image\" src=\"https:\/\/baraza.ch\/wp-content\/uploads\/2021\/11\/71ef9fca-040b-4b3b-bff3-f5bbcda4c9df-300x225.jpg\" alt=\"71ef9fca-040b-4b3b-bff3-f5bbcda4c9df\" \/><\/figure><\/div>\t\t\t<\/div>\n\t\t\t\t\t\t\t\t\t\t\t\t<div class=\"elementor-swiper-button elementor-swiper-button-prev\" role=\"button\" tabindex=\"0\">\n\t\t\t\t\t\t<i aria-hidden=\"true\" class=\"eicon-chevron-left\"><\/i>\t\t\t\t\t<\/div>\n\t\t\t\t\t<div class=\"elementor-swiper-button elementor-swiper-button-next\" role=\"button\" tabindex=\"0\">\n\t\t\t\t\t\t<i aria-hidden=\"true\" class=\"eicon-chevron-right\"><\/i>\t\t\t\t\t<\/div>\n\t\t\t\t\n\t\t\t\t\t\t\t\t\t<div class=\"swiper-pagination\"><\/div>\n\t\t\t\t\t\t\t\t\t<\/div>\n\t\t\t\t\t\t<\/div>\n\t\t\t\t<\/div>\n\t\t\t\t\t<\/div>\n\t\t<\/div>\n\t\t\t\t<div class=\"elementor-column elementor-col-16 elementor-top-column elementor-element elementor-element-6276642\" data-id=\"6276642\" data-element_type=\"column\">\n\t\t\t<div class=\"elementor-widget-wrap\">\n\t\t\t\t\t\t\t<\/div>\n\t\t<\/div>\n\t\t\t\t\t<\/div>\n\t\t<\/section>\n\t\t\t\t<section class=\"elementor-section elementor-top-section elementor-element elementor-element-d531582 elementor-section-boxed elementor-section-height-default elementor-section-height-default\" data-id=\"d531582\" data-element_type=\"section\">\n\t\t\t\t\t\t<div class=\"elementor-container elementor-column-gap-default\">\n\t\t\t\t\t<div class=\"elementor-column elementor-col-16 elementor-top-column elementor-element elementor-element-c88cfe8\" data-id=\"c88cfe8\" data-element_type=\"column\">\n\t\t\t<div class=\"elementor-widget-wrap\">\n\t\t\t\t\t\t\t<\/div>\n\t\t<\/div>\n\t\t\t\t<div class=\"elementor-column elementor-col-66 elementor-top-column elementor-element elementor-element-d7624d1\" data-id=\"d7624d1\" data-element_type=\"column\">\n\t\t\t<div class=\"elementor-widget-wrap elementor-element-populated\">\n\t\t\t\t\t\t<div class=\"elementor-element elementor-element-42beffb elementor-widget elementor-widget-text-editor\" data-id=\"42beffb\" data-element_type=\"widget\" data-widget_type=\"text-editor.default\">\n\t\t\t\t<div class=\"elementor-widget-container\">\n\t\t\t\t\t\t\t\t\t<p>Durch die Initiative eines G\u00f6nners konnte k\u00fcrzlich ein Ziegenprojekt gestartet werden. Stark armutsbetroffene Familien erhalten hierbei zwei weibliche Ziegen. Die ersten beiden Zicklein, die geworfen werden, werden als Gegenleistung dann weitergegeben an eine weitere bed\u00fcrftige Familie. Den Familien wird gezeigt, wie sie die Ziegen halten und f\u00fcttern k\u00f6nnen. Die Ziegenmilch tr\u00e4gt zu einer besseren Ern\u00e4hrung der Familie bei. Junge Zicklein k\u00f6nnen verkauft werden, damit die Familie zu zus\u00e4tzlichen Einnahmen kommen kann. Der Mist dient als D\u00fcnger. Zwischendurch schaut ein Veterin\u00e4r nach, ob das Projekt gut vorangeht und die Ziegen gesund sind. In den letzten Monaten haben die Mitarbeiter dieses Projekt vorbereitet, ein erstes Budget und einen Zeitablauf erstellt und Familien herausgesucht, mit welchen dieses Projekt gestartet werden k\u00f6nnte. Wir sind gespannt, wie sich die Lebensqualit\u00e4t der Familien ver\u00e4ndern wird. Das Projekt wurde mit f\u00fcnf Familien gestartet. In den n\u00e4chsten Wochen kommen weitere zehn Familien dazu.<\/p>\t\t\t\t\t\t\t\t<\/div>\n\t\t\t\t<\/div>\n\t\t\t\t\t<\/div>\n\t\t<\/div>\n\t\t\t\t<div class=\"elementor-column elementor-col-16 elementor-top-column elementor-element elementor-element-88f18e9\" data-id=\"88f18e9\" data-element_type=\"column\">\n\t\t\t<div class=\"elementor-widget-wrap\">\n\t\t\t\t\t\t\t<\/div>\n\t\t<\/div>\n\t\t\t\t\t<\/div>\n\t\t<\/section>\n\t\t\t\t<\/div>\n\t\t","protected":false},"excerpt":{"rendered":"<p>Mit Ziegen gegen die Armut Was bedeutet Armut? In der Demokratischen Republik Kongo leben 73% der Bev\u00f6lkerung mit weniger als 1.90$ pro Tag. Dieser Betrag reicht nicht, um den Lebensunterhalt zu bew\u00e4ltigen. Armutsbetroffene Familien m\u00fcssen manchmal abw\u00e4gen, ob es wichtiger ist, etwas zu Essen zu haben, einen Arzt zu besuchen oder ihr Kind in die&hellip;<\/p>\n","protected":false},"author":1,"featured_media":0,"parent":0,"menu_order":0,"comment_status":"closed","ping_status":"closed","template":"page-templates\/fullscreen-page.php","meta":{"footnotes":""},"class_list":["post-597","page","type-page","status-publish","hentry","comments-closed","no-comments"],"_links":{"self":[{"href":"https:\/\/baraza.ch\/index.php\/wp-json\/wp\/v2\/pages\/597","targetHints":{"allow":["GET"]}}],"collection":[{"href":"https:\/\/baraza.ch\/index.php\/wp-json\/wp\/v2\/pages"}],"about":[{"href":"https:\/\/baraza.ch\/index.php\/wp-json\/wp\/v2\/types\/page"}],"author":[{"embeddable":true,"href":"https:\/\/baraza.ch\/index.php\/wp-json\/wp\/v2\/users\/1"}],"replies":[{"embeddable":true,"href":"https:\/\/baraza.ch\/index.php\/wp-json\/wp\/v2\/comments?post=597"}],"version-history":[{"count":20,"href":"https:\/\/baraza.ch\/index.php\/wp-json\/wp\/v2\/pages\/597\/revisions"}],"predecessor-version":[{"id":626,"href":"https:\/\/baraza.ch\/index.php\/wp-json\/wp\/v2\/pages\/597\/revisions\/626"}],"wp:attachment":[{"href":"https:\/\/baraza.ch\/index.php\/wp-json\/wp\/v2\/media?parent=597"}],"curies":[{"name":"wp","href":"https:\/\/api.w.org\/{rel}","templated":true}]}}