{"id":853,"date":"2023-02-25T13:05:55","date_gmt":"2023-02-25T13:05:55","guid":{"rendered":"https:\/\/baraza.ch\/?page_id=853"},"modified":"2025-08-06T13:11:26","modified_gmt":"2025-08-06T13:11:26","slug":"hunger","status":"publish","type":"page","link":"https:\/\/baraza.ch\/index.php\/hunger\/","title":{"rendered":"Hunger"},"content":{"rendered":"\t\t<div data-elementor-type=\"wp-page\" data-elementor-id=\"853\" class=\"elementor elementor-853\">\n\t\t\t\t\t\t<section class=\"elementor-section elementor-top-section elementor-element elementor-element-4bc3738 elementor-section-boxed elementor-section-height-default elementor-section-height-default\" data-id=\"4bc3738\" data-element_type=\"section\">\n\t\t\t\t\t\t<div class=\"elementor-container elementor-column-gap-default\">\n\t\t\t\t\t<div class=\"elementor-column elementor-col-16 elementor-top-column elementor-element elementor-element-3aa8695\" data-id=\"3aa8695\" data-element_type=\"column\">\n\t\t\t<div class=\"elementor-widget-wrap\">\n\t\t\t\t\t\t\t<\/div>\n\t\t<\/div>\n\t\t\t\t<div class=\"elementor-column elementor-col-66 elementor-top-column elementor-element elementor-element-45a908b\" data-id=\"45a908b\" data-element_type=\"column\">\n\t\t\t<div class=\"elementor-widget-wrap elementor-element-populated\">\n\t\t\t\t\t\t<div class=\"elementor-element elementor-element-87e34e0 elementor-widget elementor-widget-heading\" data-id=\"87e34e0\" data-element_type=\"widget\" data-widget_type=\"heading.default\">\n\t\t\t\t<div class=\"elementor-widget-container\">\n\t\t\t\t\t<h2 class=\"elementor-heading-title elementor-size-default\"><font color=\"#5c3015\"> Hunger<\/font><\/h2>\t\t\t\t<\/div>\n\t\t\t\t<\/div>\n\t\t\t\t\t<\/div>\n\t\t<\/div>\n\t\t\t\t<div class=\"elementor-column elementor-col-16 elementor-top-column elementor-element elementor-element-097a49e\" data-id=\"097a49e\" data-element_type=\"column\">\n\t\t\t<div class=\"elementor-widget-wrap\">\n\t\t\t\t\t\t\t<\/div>\n\t\t<\/div>\n\t\t\t\t\t<\/div>\n\t\t<\/section>\n\t\t\t\t<section class=\"elementor-section elementor-top-section elementor-element elementor-element-1565843 elementor-section-boxed elementor-section-height-default elementor-section-height-default\" data-id=\"1565843\" data-element_type=\"section\">\n\t\t\t\t\t\t<div class=\"elementor-container elementor-column-gap-default\">\n\t\t\t\t\t<div class=\"elementor-column elementor-col-16 elementor-top-column elementor-element elementor-element-8992bbf\" data-id=\"8992bbf\" data-element_type=\"column\">\n\t\t\t<div class=\"elementor-widget-wrap\">\n\t\t\t\t\t\t\t<\/div>\n\t\t<\/div>\n\t\t\t\t<div class=\"elementor-column elementor-col-66 elementor-top-column elementor-element elementor-element-f7db777\" data-id=\"f7db777\" data-element_type=\"column\">\n\t\t\t<div class=\"elementor-widget-wrap elementor-element-populated\">\n\t\t\t\t\t\t<div class=\"elementor-element elementor-element-317f911 elementor-widget elementor-widget-text-editor\" data-id=\"317f911\" data-element_type=\"widget\" data-widget_type=\"text-editor.default\">\n\t\t\t\t<div class=\"elementor-widget-container\">\n\t\t\t\t\t\t\t\t\t<p style=\"font-family: Tahoma, Arial;\">Hunger ist allgemein eine der grossen Herausforderungen in der Demokratischen Republik Kongo. 28 Millionen Menschen leben in einer unsicheren Ern\u00e4hrungslage. 4.75 Millionen Kinder unter 5 Jahren sind laut World Food Programme akut mangelern\u00e4hrt (Zahlen von 2025). Das bedeutet, dass dem K\u00f6rper nicht gen\u00fcgend Nahrung zugef\u00fchrt wird und er beginnt, sein eigenes Gewebe zu verbrauchen. Was f\u00fcr soziale Konsequenzen Hunger ebenfalls mit sich bringt, zeigt Manus Geschichte.<\/p>\t\t\t\t\t\t\t\t<\/div>\n\t\t\t\t<\/div>\n\t\t\t\t\t<\/div>\n\t\t<\/div>\n\t\t\t\t<div class=\"elementor-column elementor-col-16 elementor-top-column elementor-element elementor-element-027c170\" data-id=\"027c170\" data-element_type=\"column\">\n\t\t\t<div class=\"elementor-widget-wrap\">\n\t\t\t\t\t\t\t<\/div>\n\t\t<\/div>\n\t\t\t\t\t<\/div>\n\t\t<\/section>\n\t\t\t\t<section class=\"elementor-section elementor-top-section elementor-element elementor-element-3f1b739 elementor-section-boxed elementor-section-height-default elementor-section-height-default\" data-id=\"3f1b739\" data-element_type=\"section\">\n\t\t\t\t\t\t<div class=\"elementor-container elementor-column-gap-default\">\n\t\t\t\t\t<div class=\"elementor-column elementor-col-25 elementor-top-column elementor-element elementor-element-4e323de\" data-id=\"4e323de\" data-element_type=\"column\">\n\t\t\t<div class=\"elementor-widget-wrap\">\n\t\t\t\t\t\t\t<\/div>\n\t\t<\/div>\n\t\t\t\t<div class=\"elementor-column elementor-col-25 elementor-top-column elementor-element elementor-element-aa0585f\" data-id=\"aa0585f\" data-element_type=\"column\">\n\t\t\t<div class=\"elementor-widget-wrap elementor-element-populated\">\n\t\t\t\t\t\t<div class=\"elementor-element elementor-element-6af7105 elementor-widget elementor-widget-text-editor\" data-id=\"6af7105\" data-element_type=\"widget\" data-widget_type=\"text-editor.default\">\n\t\t\t\t<div class=\"elementor-widget-container\">\n\t\t\t\t\t\t\t\t\t<p style=\"font-family: Tahoma, Arial;\">Manu hat den Rhythmus im Blut. Aus Abf\u00e4llen kann er sich ein Schlagzeug basteln. Wenn er loslegt, scheint er alles um sich herum vergessen zu k\u00f6nnen und ganz in der Musik aufzubl\u00fchen.\u00a0<span style=\"font-weight: 400;\">So verspielt er auch beim Musizieren sein mag, er hat eine Tiefe, die man sonst nicht so schnell antrifft. <\/span><\/p>\t\t\t\t\t\t\t\t<\/div>\n\t\t\t\t<\/div>\n\t\t\t\t\t<\/div>\n\t\t<\/div>\n\t\t\t\t<div class=\"elementor-column elementor-col-25 elementor-top-column elementor-element elementor-element-e418176\" data-id=\"e418176\" data-element_type=\"column\">\n\t\t\t<div class=\"elementor-widget-wrap elementor-element-populated\">\n\t\t\t\t\t\t<div class=\"elementor-element elementor-element-521e70d elementor-widget elementor-widget-video\" data-id=\"521e70d\" data-element_type=\"widget\" data-settings=\"{&quot;youtube_url&quot;:&quot;https:\\\/\\\/www.youtube.com\\\/watch?v=t3CUPeYymAI&quot;,&quot;video_type&quot;:&quot;youtube&quot;,&quot;controls&quot;:&quot;yes&quot;}\" data-widget_type=\"video.default\">\n\t\t\t\t<div class=\"elementor-widget-container\">\n\t\t\t\t\t\t\t<div class=\"elementor-wrapper elementor-open-inline\">\n\t\t\t<div class=\"elementor-video\"><\/div>\t\t<\/div>\n\t\t\t\t\t\t<\/div>\n\t\t\t\t<\/div>\n\t\t\t\t\t<\/div>\n\t\t<\/div>\n\t\t\t\t<div class=\"elementor-column elementor-col-25 elementor-top-column elementor-element elementor-element-e2d7bfb\" data-id=\"e2d7bfb\" data-element_type=\"column\">\n\t\t\t<div class=\"elementor-widget-wrap\">\n\t\t\t\t\t\t\t<\/div>\n\t\t<\/div>\n\t\t\t\t\t<\/div>\n\t\t<\/section>\n\t\t\t\t<section class=\"elementor-section elementor-top-section elementor-element elementor-element-f29c972 elementor-section-boxed elementor-section-height-default elementor-section-height-default\" data-id=\"f29c972\" data-element_type=\"section\">\n\t\t\t\t\t\t<div class=\"elementor-container elementor-column-gap-default\">\n\t\t\t\t\t<div class=\"elementor-column elementor-col-16 elementor-top-column elementor-element elementor-element-1c87cfe\" data-id=\"1c87cfe\" data-element_type=\"column\">\n\t\t\t<div class=\"elementor-widget-wrap\">\n\t\t\t\t\t\t\t<\/div>\n\t\t<\/div>\n\t\t\t\t<div class=\"elementor-column elementor-col-66 elementor-top-column elementor-element elementor-element-6e847ec\" data-id=\"6e847ec\" data-element_type=\"column\">\n\t\t\t<div class=\"elementor-widget-wrap elementor-element-populated\">\n\t\t\t\t\t\t<div class=\"elementor-element elementor-element-51aab4c elementor-widget elementor-widget-text-editor\" data-id=\"51aab4c\" data-element_type=\"widget\" data-widget_type=\"text-editor.default\">\n\t\t\t\t<div class=\"elementor-widget-container\">\n\t\t\t\t\t\t\t\t\t<p style=\"font-family: Tahoma, Arial;\"> Aufgewachsen ist er bei seiner Tante. Sein Vater wurde vor den Augen der Familie von Rebellen hingerichtet, als Manu noch ein Baby war. Seine Mutter ging eines Tages aus dem Haus und kam nicht mehr zur\u00fcck. Niemand weiss, was mit ihr passiert ist. Wenn Menschen in der Region so verschwinden, heisst dies jedoch oft, dass sie von einer der bewaffneten Gruppierung gefangen genommen oder get\u00f6tet wurde.<\/p>\n<p style=\"font-weight: 400;\">Eine der Familie nahestehende, unverheiratete Tante nahm Manu und seine drei Geschwister Salomon, Gloria und Grace bei sich auf. Die Tante ist jedoch sehr arm. Sie konnte weder das Schulgeld f\u00fcr Manu bezahlen, noch konnte sie ihm gen\u00fcgend zu Essen geben. Manu ging mit einigen Freunden auf die Strasse und sammelte Plastik ein, welche er an ein Restaurant verkaufte. So kam er zu etwas Geld und dadurch auch zu mehr Nahrungsmitteln. Leider war der Einfluss seiner Freunde nicht gut und Manu wohnte mit der Zeit ganz auf der Strasse.<\/p>\t\t\t\t\t\t\t\t<\/div>\n\t\t\t\t<\/div>\n\t\t\t\t\t<\/div>\n\t\t<\/div>\n\t\t\t\t<div class=\"elementor-column elementor-col-16 elementor-top-column elementor-element elementor-element-89a8796\" data-id=\"89a8796\" data-element_type=\"column\">\n\t\t\t<div class=\"elementor-widget-wrap\">\n\t\t\t\t\t\t\t<\/div>\n\t\t<\/div>\n\t\t\t\t\t<\/div>\n\t\t<\/section>\n\t\t\t\t<section class=\"elementor-section elementor-top-section elementor-element elementor-element-3818e0b elementor-section-boxed elementor-section-height-default elementor-section-height-default\" data-id=\"3818e0b\" data-element_type=\"section\">\n\t\t\t\t\t\t<div class=\"elementor-container elementor-column-gap-default\">\n\t\t\t\t\t<div class=\"elementor-column elementor-col-25 elementor-top-column elementor-element elementor-element-62935fd\" data-id=\"62935fd\" data-element_type=\"column\">\n\t\t\t<div class=\"elementor-widget-wrap\">\n\t\t\t\t\t\t\t<\/div>\n\t\t<\/div>\n\t\t\t\t<div class=\"elementor-column elementor-col-25 elementor-top-column elementor-element elementor-element-0d78d2c\" data-id=\"0d78d2c\" data-element_type=\"column\">\n\t\t\t<div class=\"elementor-widget-wrap elementor-element-populated\">\n\t\t\t\t\t\t<div class=\"elementor-element elementor-element-4c8d7c1 elementor-widget elementor-widget-text-editor\" data-id=\"4c8d7c1\" data-element_type=\"widget\" data-widget_type=\"text-editor.default\">\n\t\t\t\t<div class=\"elementor-widget-container\">\n\t\t\t\t\t\t\t\t\t<p style=\"font-family: Tahoma, Arial;\">Nachdem Manu eine Weile auf der Strasse lebte, kam er ins House of Grace. Zum ersten Mal konnte er zur Schule gehen.\u00a0 Nach einiger Zeit in der Einrichtung war er bereit, zu seiner Tante zur\u00fcckzukehren. Damit er weiterhin die Schule besuchen konnte, bezahlte das HOG seine Schulgeb\u00fchren. Eines Tages verlor Manu auf dem Weg seine Mathematiksachen. Er hatte grosse Angst, nachhause zu gehen, weil er so etwas Wertvolles und f\u00fcr ihn Teures verloren hatte. Er ging lieber wieder auf die Strasse. Als ihn Mitarbeiter aus dem HOG fanden, begleiteten sie ihn zur\u00fcck zur Tante und erkl\u00e4rten ihr die Situation und bezahlten ihm die Mathesachen.<\/p>\t\t\t\t\t\t\t\t<\/div>\n\t\t\t\t<\/div>\n\t\t\t\t\t<\/div>\n\t\t<\/div>\n\t\t\t\t<div class=\"elementor-column elementor-col-25 elementor-top-column elementor-element elementor-element-f85974e\" data-id=\"f85974e\" data-element_type=\"column\">\n\t\t\t<div class=\"elementor-widget-wrap elementor-element-populated\">\n\t\t\t\t\t\t<div class=\"elementor-element elementor-element-1f07572 elementor-widget elementor-widget-image\" data-id=\"1f07572\" data-element_type=\"widget\" data-widget_type=\"image.default\">\n\t\t\t\t<div class=\"elementor-widget-container\">\n\t\t\t\t\t\t\t\t\t\t\t\t\t\t\t<img fetchpriority=\"high\" decoding=\"async\" width=\"768\" height=\"1024\" src=\"https:\/\/baraza.ch\/wp-content\/uploads\/2023\/02\/IMG_7934-2-768x1024.jpeg\" class=\"attachment-large size-large wp-image-855\" alt=\"\" srcset=\"https:\/\/baraza.ch\/wp-content\/uploads\/2023\/02\/IMG_7934-2-768x1024.jpeg 768w, https:\/\/baraza.ch\/wp-content\/uploads\/2023\/02\/IMG_7934-2-225x300.jpeg 225w, https:\/\/baraza.ch\/wp-content\/uploads\/2023\/02\/IMG_7934-2-1152x1536.jpeg 1152w, https:\/\/baraza.ch\/wp-content\/uploads\/2023\/02\/IMG_7934-2-1536x2048.jpeg 1536w, https:\/\/baraza.ch\/wp-content\/uploads\/2023\/02\/IMG_7934-2-scaled.jpeg 1920w\" sizes=\"(max-width: 768px) 100vw, 768px\" \/>\t\t\t\t\t\t\t\t\t\t\t\t\t\t\t<\/div>\n\t\t\t\t<\/div>\n\t\t\t\t\t<\/div>\n\t\t<\/div>\n\t\t\t\t<div class=\"elementor-column elementor-col-25 elementor-top-column elementor-element elementor-element-4225d3f\" data-id=\"4225d3f\" data-element_type=\"column\">\n\t\t\t<div class=\"elementor-widget-wrap\">\n\t\t\t\t\t\t\t<\/div>\n\t\t<\/div>\n\t\t\t\t\t<\/div>\n\t\t<\/section>\n\t\t\t\t<section class=\"elementor-section elementor-top-section elementor-element elementor-element-61031f9 elementor-section-boxed elementor-section-height-default elementor-section-height-default\" data-id=\"61031f9\" data-element_type=\"section\">\n\t\t\t\t\t\t<div class=\"elementor-container elementor-column-gap-default\">\n\t\t\t\t\t<div class=\"elementor-column elementor-col-16 elementor-top-column elementor-element elementor-element-ffd8723\" data-id=\"ffd8723\" data-element_type=\"column\">\n\t\t\t<div class=\"elementor-widget-wrap\">\n\t\t\t\t\t\t\t<\/div>\n\t\t<\/div>\n\t\t\t\t<div class=\"elementor-column elementor-col-66 elementor-top-column elementor-element elementor-element-1c310c8\" data-id=\"1c310c8\" data-element_type=\"column\">\n\t\t\t<div class=\"elementor-widget-wrap elementor-element-populated\">\n\t\t\t\t\t\t<div class=\"elementor-element elementor-element-51e6f66 elementor-widget elementor-widget-text-editor\" data-id=\"51e6f66\" data-element_type=\"widget\" data-widget_type=\"text-editor.default\">\n\t\t\t\t<div class=\"elementor-widget-container\">\n\t\t\t\t\t\t\t\t\t<p style=\"font-family: Tahoma, Arial;\">Seine Tante nahm ihn wieder gut auf. Manu hatte jedoch M\u00fche, weil er oft zu wenig zu Essen bekam. Nach einigen Monaten \u00fcberredeten seine Freunde ihn, erneut mit ihnen auf der Strasse zu leben. Das Leben dort ist nicht einfach. Besonders die N\u00e4chte sind herausfordernd, da es k\u00fchl wird und Strassenkinder oft schutzlos auf dem blanken Boden \u00fcbernachten und verschiedenen Gefahren ausgesetzt sind. Manu suchte sich jeweils einen grossen und leeren Sack Reis, in welchen er kroch. Nach einer Weile suchte er wieder im HOG Zuflucht. Gemeinsam mit der Tante wird nun nach langfristigen L\u00f6sungen gesucht. K\u00f6nnte beispielsweise jemand aus der Verwandtschaft Manu und seine Tante finanziell unterst\u00fctzen?<\/p><p>Trotz der Herausforderungen hat sich Manu jedoch einige Ziele gesteckt: Er m\u00f6chte eines Tages Ingenieur werden und ein eigenes Fahrrad besitzen.<\/p>\t\t\t\t\t\t\t\t<\/div>\n\t\t\t\t<\/div>\n\t\t\t\t\t<\/div>\n\t\t<\/div>\n\t\t\t\t<div class=\"elementor-column elementor-col-16 elementor-top-column elementor-element elementor-element-425e649\" data-id=\"425e649\" data-element_type=\"column\">\n\t\t\t<div class=\"elementor-widget-wrap\">\n\t\t\t\t\t\t\t<\/div>\n\t\t<\/div>\n\t\t\t\t\t<\/div>\n\t\t<\/section>\n\t\t\t\t<\/div>\n\t\t","protected":false},"excerpt":{"rendered":"<p>Hunger Hunger ist allgemein eine der grossen Herausforderungen in der Demokratischen Republik Kongo. 28 Millionen Menschen leben in einer unsicheren Ern\u00e4hrungslage. 4.75 Millionen Kinder unter 5 Jahren sind laut World Food Programme akut mangelern\u00e4hrt (Zahlen von 2025). Das bedeutet, dass dem K\u00f6rper nicht gen\u00fcgend Nahrung zugef\u00fchrt wird und er beginnt, sein eigenes Gewebe zu verbrauchen.&hellip;<\/p>\n","protected":false},"author":1,"featured_media":0,"parent":0,"menu_order":0,"comment_status":"closed","ping_status":"closed","template":"page-templates\/fullscreen-page.php","meta":{"footnotes":""},"class_list":["post-853","page","type-page","status-publish","hentry","comments-closed","no-comments"],"_links":{"self":[{"href":"https:\/\/baraza.ch\/index.php\/wp-json\/wp\/v2\/pages\/853","targetHints":{"allow":["GET"]}}],"collection":[{"href":"https:\/\/baraza.ch\/index.php\/wp-json\/wp\/v2\/pages"}],"about":[{"href":"https:\/\/baraza.ch\/index.php\/wp-json\/wp\/v2\/types\/page"}],"author":[{"embeddable":true,"href":"https:\/\/baraza.ch\/index.php\/wp-json\/wp\/v2\/users\/1"}],"replies":[{"embeddable":true,"href":"https:\/\/baraza.ch\/index.php\/wp-json\/wp\/v2\/comments?post=853"}],"version-history":[{"count":20,"href":"https:\/\/baraza.ch\/index.php\/wp-json\/wp\/v2\/pages\/853\/revisions"}],"predecessor-version":[{"id":1297,"href":"https:\/\/baraza.ch\/index.php\/wp-json\/wp\/v2\/pages\/853\/revisions\/1297"}],"wp:attachment":[{"href":"https:\/\/baraza.ch\/index.php\/wp-json\/wp\/v2\/media?parent=853"}],"curies":[{"name":"wp","href":"https:\/\/api.w.org\/{rel}","templated":true}]}}