{"id":922,"date":"2023-05-19T19:32:54","date_gmt":"2023-05-19T19:32:54","guid":{"rendered":"https:\/\/baraza.ch\/?page_id=922"},"modified":"2023-07-13T12:01:04","modified_gmt":"2023-07-13T12:01:04","slug":"brunnenbau","status":"publish","type":"page","link":"https:\/\/baraza.ch\/index.php\/brunnenbau\/","title":{"rendered":"Brunnenbau"},"content":{"rendered":"\t\t<div data-elementor-type=\"wp-page\" data-elementor-id=\"922\" class=\"elementor elementor-922\">\n\t\t\t\t\t\t<section class=\"elementor-section elementor-top-section elementor-element elementor-element-fcabfca elementor-section-boxed elementor-section-height-default elementor-section-height-default\" data-id=\"fcabfca\" data-element_type=\"section\">\n\t\t\t\t\t\t<div class=\"elementor-container elementor-column-gap-default\">\n\t\t\t\t\t<div class=\"elementor-column elementor-col-16 elementor-top-column elementor-element elementor-element-bee373a\" data-id=\"bee373a\" data-element_type=\"column\">\n\t\t\t<div class=\"elementor-widget-wrap\">\n\t\t\t\t\t\t\t<\/div>\n\t\t<\/div>\n\t\t\t\t<div class=\"elementor-column elementor-col-66 elementor-top-column elementor-element elementor-element-81e3437\" data-id=\"81e3437\" data-element_type=\"column\">\n\t\t\t<div class=\"elementor-widget-wrap elementor-element-populated\">\n\t\t\t\t\t\t<div class=\"elementor-element elementor-element-01cdb79 elementor-widget elementor-widget-heading\" data-id=\"01cdb79\" data-element_type=\"widget\" data-widget_type=\"heading.default\">\n\t\t\t\t<div class=\"elementor-widget-container\">\n\t\t\t\t\t<h2 class=\"elementor-heading-title elementor-size-default\"><font color=\"#5c3015\"> Brunnenbau<\/font><\/h2>\t\t\t\t<\/div>\n\t\t\t\t<\/div>\n\t\t\t\t\t<\/div>\n\t\t<\/div>\n\t\t\t\t<div class=\"elementor-column elementor-col-16 elementor-top-column elementor-element elementor-element-72a40f4\" data-id=\"72a40f4\" data-element_type=\"column\">\n\t\t\t<div class=\"elementor-widget-wrap\">\n\t\t\t\t\t\t\t<\/div>\n\t\t<\/div>\n\t\t\t\t\t<\/div>\n\t\t<\/section>\n\t\t\t\t<section class=\"elementor-section elementor-top-section elementor-element elementor-element-80d3101 elementor-section-boxed elementor-section-height-default elementor-section-height-default\" data-id=\"80d3101\" data-element_type=\"section\">\n\t\t\t\t\t\t<div class=\"elementor-container elementor-column-gap-default\">\n\t\t\t\t\t<div class=\"elementor-column elementor-col-16 elementor-top-column elementor-element elementor-element-96b445d\" data-id=\"96b445d\" data-element_type=\"column\">\n\t\t\t<div class=\"elementor-widget-wrap\">\n\t\t\t\t\t\t\t<\/div>\n\t\t<\/div>\n\t\t\t\t<div class=\"elementor-column elementor-col-66 elementor-top-column elementor-element elementor-element-a6e179f\" data-id=\"a6e179f\" data-element_type=\"column\">\n\t\t\t<div class=\"elementor-widget-wrap elementor-element-populated\">\n\t\t\t\t\t\t<div class=\"elementor-element elementor-element-cabab8f elementor-widget elementor-widget-text-editor\" data-id=\"cabab8f\" data-element_type=\"widget\" data-widget_type=\"text-editor.default\">\n\t\t\t\t<div class=\"elementor-widget-container\">\n\t\t\t\t\t\t\t\t\t<p style=\"font-family: Tahoma, Arial;\">Trinkwasser. Eigentlich kein grosses Thema f\u00fcr uns. Einfach den Wasserhahn anstellen und schon fliesst das oft untersch\u00e4tzt kostbare Gut in trinkbarer Qualit\u00e4t daraus.<br \/>In der Demokratischen Republik Kongo sieht das ein wenig anders aus. Gerade mal die H\u00e4lfte der Bev\u00f6lkerung hat Zugang zu sauberem Trinkwasser. Krankheiten, die auf verschmutztes Wasser zur\u00fcckgehen, sind weit verbreitet. Dies kann vor allem bei Kindern oft bleibende Entwicklungssch\u00e4den hinterlassen, berichtet das <a href=\"https:\/\/www.bmz.de\/de\/laender\/demokratische-republik-kongo\/schwerpunkt-trinkwasserversorgung-11216\">Bundesministerium f\u00fcr Zusammenarbeit und Entwicklung.<\/a><\/p>\t\t\t\t\t\t\t\t<\/div>\n\t\t\t\t<\/div>\n\t\t\t\t\t<\/div>\n\t\t<\/div>\n\t\t\t\t<div class=\"elementor-column elementor-col-16 elementor-top-column elementor-element elementor-element-d392f98\" data-id=\"d392f98\" data-element_type=\"column\">\n\t\t\t<div class=\"elementor-widget-wrap\">\n\t\t\t\t\t\t\t<\/div>\n\t\t<\/div>\n\t\t\t\t\t<\/div>\n\t\t<\/section>\n\t\t\t\t<section class=\"elementor-section elementor-top-section elementor-element elementor-element-bfdb747 elementor-section-boxed elementor-section-height-default elementor-section-height-default\" data-id=\"bfdb747\" data-element_type=\"section\">\n\t\t\t\t\t\t<div class=\"elementor-container elementor-column-gap-default\">\n\t\t\t\t\t<div class=\"elementor-column elementor-col-16 elementor-top-column elementor-element elementor-element-2ca58a7\" data-id=\"2ca58a7\" data-element_type=\"column\">\n\t\t\t<div class=\"elementor-widget-wrap\">\n\t\t\t\t\t\t\t<\/div>\n\t\t<\/div>\n\t\t\t\t<div class=\"elementor-column elementor-col-66 elementor-top-column elementor-element elementor-element-93ba83c\" data-id=\"93ba83c\" data-element_type=\"column\">\n\t\t\t<div class=\"elementor-widget-wrap elementor-element-populated\">\n\t\t\t\t\t\t<section class=\"elementor-section elementor-inner-section elementor-element elementor-element-8cdc7e6 elementor-section-boxed elementor-section-height-default elementor-section-height-default\" data-id=\"8cdc7e6\" data-element_type=\"section\">\n\t\t\t\t\t\t<div class=\"elementor-container elementor-column-gap-default\">\n\t\t\t\t\t<div class=\"elementor-column elementor-col-50 elementor-inner-column elementor-element elementor-element-b6bb384\" data-id=\"b6bb384\" data-element_type=\"column\">\n\t\t\t<div class=\"elementor-widget-wrap elementor-element-populated\">\n\t\t\t\t\t\t<div class=\"elementor-element elementor-element-2c705c4 elementor-widget elementor-widget-text-editor\" data-id=\"2c705c4\" data-element_type=\"widget\" data-widget_type=\"text-editor.default\">\n\t\t\t\t<div class=\"elementor-widget-container\">\n\t\t\t\t\t\t\t\t\t<p style=\"font-family: Tahoma, Arial;\">Am Stadtrand Bunias, wo der zweite Standort des House of Grace gebaut wird, wurde vor Kurzem der Brunnen fertiggestellt. In rund drei Metern Tiefe wurde bereits Trinkwasser gefunden. Eine Pumpe f\u00f6rdert das Wasser in einen 3\u2018000 l Reservetank. Trotz Trockenzeit konnte sehr einfach Wasser gefunden werden.<\/p>\t\t\t\t\t\t\t\t<\/div>\n\t\t\t\t<\/div>\n\t\t\t\t\t<\/div>\n\t\t<\/div>\n\t\t\t\t<div class=\"elementor-column elementor-col-50 elementor-inner-column elementor-element elementor-element-af2e7b2\" data-id=\"af2e7b2\" data-element_type=\"column\">\n\t\t\t<div class=\"elementor-widget-wrap elementor-element-populated\">\n\t\t\t\t\t\t<div class=\"elementor-element elementor-element-7d4d076 elementor-widget elementor-widget-video\" data-id=\"7d4d076\" data-element_type=\"widget\" data-settings=\"{&quot;youtube_url&quot;:&quot;https:\\\/\\\/youtu.be\\\/J9lJy2MSBFI&quot;,&quot;video_type&quot;:&quot;youtube&quot;,&quot;controls&quot;:&quot;yes&quot;}\" data-widget_type=\"video.default\">\n\t\t\t\t<div class=\"elementor-widget-container\">\n\t\t\t\t\t\t\t<div class=\"elementor-wrapper elementor-open-inline\">\n\t\t\t<div class=\"elementor-video\"><\/div>\t\t<\/div>\n\t\t\t\t\t\t<\/div>\n\t\t\t\t<\/div>\n\t\t\t\t\t<\/div>\n\t\t<\/div>\n\t\t\t\t\t<\/div>\n\t\t<\/section>\n\t\t\t\t\t<\/div>\n\t\t<\/div>\n\t\t\t\t<div class=\"elementor-column elementor-col-16 elementor-top-column elementor-element elementor-element-4554d11\" data-id=\"4554d11\" data-element_type=\"column\">\n\t\t\t<div class=\"elementor-widget-wrap\">\n\t\t\t\t\t\t\t<\/div>\n\t\t<\/div>\n\t\t\t\t\t<\/div>\n\t\t<\/section>\n\t\t\t\t<section class=\"elementor-section elementor-top-section elementor-element elementor-element-26d134b elementor-section-boxed elementor-section-height-default elementor-section-height-default\" data-id=\"26d134b\" data-element_type=\"section\">\n\t\t\t\t\t\t<div class=\"elementor-container elementor-column-gap-default\">\n\t\t\t\t\t<div class=\"elementor-column elementor-col-16 elementor-top-column elementor-element elementor-element-df29c08\" data-id=\"df29c08\" data-element_type=\"column\">\n\t\t\t<div class=\"elementor-widget-wrap\">\n\t\t\t\t\t\t\t<\/div>\n\t\t<\/div>\n\t\t\t\t<div class=\"elementor-column elementor-col-66 elementor-top-column elementor-element elementor-element-01e6230\" data-id=\"01e6230\" data-element_type=\"column\">\n\t\t\t<div class=\"elementor-widget-wrap elementor-element-populated\">\n\t\t\t\t\t\t<div class=\"elementor-element elementor-element-d4a47d0 elementor-widget elementor-widget-text-editor\" data-id=\"d4a47d0\" data-element_type=\"widget\" data-widget_type=\"text-editor.default\">\n\t\t\t\t<div class=\"elementor-widget-container\">\n\t\t\t\t\t\t\t\t\t<p style=\"font-family: Tahoma, Arial;\"><span style=\"font-size: 16px;\">Die Kosten f\u00fcr die Fertigstellung des Brunnens beliefen sich auf rund 5\u2018800 Dollar. 3000 CHF hat das&nbsp;<\/span><a href=\"https:\/\/www.tg.ch\/news.html\/485\/news\/61597\" style=\"font-size: 16px;\">Departement f\u00fcr Finanzen und Soziales des Kantons Thurgau<\/a><span style=\"font-size: 16px;\">&nbsp;aus dem Lotteriefonds f\u00fcr humanit\u00e4re Hilfsaktionen zur Verf\u00fcgung gestellt.<\/span><\/p><p style=\"font-family: Tahoma, Arial;\">Die k\u00fcnftig dort lebenden Kinder werden den Vorteil haben, dass sie nicht stundenlang zu einer Trinkwasserquelle gehen m\u00fcssen. Einen weiteren wichtigen Effekt hat dieser Brunnenbau: F\u00fcr die Nachbarn der Einrichtung bedeutet das ebenfalls ein naher Zugang zu sauberem Trinkwasser. F\u00fcr sie ist der Brunnen bereits jetzt eine grosse Entlastung, welcher Zeitersparnis mit sich bringt. Bereits jetzt wird der Brunnen rege von ihnen genutzt.<br>Der Brunnen wird helfen, Ber\u00fchrungs\u00e4ngste abzubauen. Strassenkinder befinden sich am Rand der Gesellschaft und sind mit vielen Vorurteilen belastet. Eine Organisation, welche Strassenkindern hilft, hat so einen schwierigen Stand. Wer m\u00f6chte schon eine Einrichtung in der N\u00e4he haben, welcher diese \u201eDiebe\u201c und \u201eStrolche\u201c beherbergt? Das saubere Trinkwasser bringt die Nachbarn dazu, Ber\u00fchrungspunkte mit der Einrichtung zu haben. So k\u00f6nnen Vorurteile abgebaut werden. Indem sie diesen Kindern begegnen, k\u00f6nnen sie ihre Geschichte kennenlernen und merken, dass sie im Grunde sehr tolle Kinder sind.<\/p>\t\t\t\t\t\t\t\t<\/div>\n\t\t\t\t<\/div>\n\t\t\t\t\t<\/div>\n\t\t<\/div>\n\t\t\t\t<div class=\"elementor-column elementor-col-16 elementor-top-column elementor-element elementor-element-5f371bf\" data-id=\"5f371bf\" data-element_type=\"column\">\n\t\t\t<div class=\"elementor-widget-wrap\">\n\t\t\t\t\t\t\t<\/div>\n\t\t<\/div>\n\t\t\t\t\t<\/div>\n\t\t<\/section>\n\t\t\t\t<\/div>\n\t\t","protected":false},"excerpt":{"rendered":"<p>Brunnenbau Trinkwasser. Eigentlich kein grosses Thema f\u00fcr uns. Einfach den Wasserhahn anstellen und schon fliesst das oft untersch\u00e4tzt kostbare Gut in trinkbarer Qualit\u00e4t daraus.In der Demokratischen Republik Kongo sieht das ein wenig anders aus. Gerade mal die H\u00e4lfte der Bev\u00f6lkerung hat Zugang zu sauberem Trinkwasser. Krankheiten, die auf verschmutztes Wasser zur\u00fcckgehen, sind weit verbreitet. Dies&hellip;<\/p>\n","protected":false},"author":1,"featured_media":0,"parent":0,"menu_order":0,"comment_status":"closed","ping_status":"closed","template":"page-templates\/fullscreen-page.php","meta":{"footnotes":""},"class_list":["post-922","page","type-page","status-publish","hentry","comments-closed","no-comments"],"_links":{"self":[{"href":"https:\/\/baraza.ch\/index.php\/wp-json\/wp\/v2\/pages\/922","targetHints":{"allow":["GET"]}}],"collection":[{"href":"https:\/\/baraza.ch\/index.php\/wp-json\/wp\/v2\/pages"}],"about":[{"href":"https:\/\/baraza.ch\/index.php\/wp-json\/wp\/v2\/types\/page"}],"author":[{"embeddable":true,"href":"https:\/\/baraza.ch\/index.php\/wp-json\/wp\/v2\/users\/1"}],"replies":[{"embeddable":true,"href":"https:\/\/baraza.ch\/index.php\/wp-json\/wp\/v2\/comments?post=922"}],"version-history":[{"count":30,"href":"https:\/\/baraza.ch\/index.php\/wp-json\/wp\/v2\/pages\/922\/revisions"}],"predecessor-version":[{"id":1017,"href":"https:\/\/baraza.ch\/index.php\/wp-json\/wp\/v2\/pages\/922\/revisions\/1017"}],"wp:attachment":[{"href":"https:\/\/baraza.ch\/index.php\/wp-json\/wp\/v2\/media?parent=922"}],"curies":[{"name":"wp","href":"https:\/\/api.w.org\/{rel}","templated":true}]}}